{"id":4467,"date":"2025-01-09T11:14:44","date_gmt":"2025-01-09T11:14:44","guid":{"rendered":"https:\/\/craftsmecca.lt\/?page_id=4467"},"modified":"2025-09-02T14:13:12","modified_gmt":"2025-09-02T14:13:12","slug":"privacy-policy","status":"publish","type":"page","link":"https:\/\/craftsmecca.lt\/en\/privacy-policy\/","title":{"rendered":"Privacy Policy"},"content":{"rendered":"\t\t<div data-elementor-type=\"wp-page\" data-elementor-id=\"4467\" class=\"elementor elementor-4467 elementor-3\" data-elementor-post-type=\"page\">\n\t\t\t\t<div class=\"elementor-element elementor-element-1ffab50b e-flex e-con-boxed e-con e-parent\" data-id=\"1ffab50b\" data-element_type=\"container\">\n\t\t\t\t\t<div class=\"e-con-inner\">\n\t\t\t\t<div class=\"elementor-element elementor-element-4ab2336 elementor-widget-divider--view-line elementor-widget elementor-widget-divider\" data-id=\"4ab2336\" data-element_type=\"widget\" data-widget_type=\"divider.default\">\n\t\t\t\t\t\t\t<div class=\"elementor-divider\">\n\t\t\t<span class=\"elementor-divider-separator\">\n\t\t\t\t\t\t<\/span>\n\t\t<\/div>\n\t\t\t\t\t\t<\/div>\n\t\t\t\t<div class=\"elementor-element elementor-element-1b5a06dd elementor-widget elementor-widget-text-editor\" data-id=\"1b5a06dd\" data-element_type=\"widget\" data-widget_type=\"text-editor.default\">\n\t\t\t\t\t\t\t\t\t<h4><strong>Who we are<\/strong><\/h4><p>Our website address is: https:\/\/craftsmecca.lt<\/p><p>The website is owned and managed by:<\/p><ul><li>UAB Crafts Mecca<\/li><li>Company code: 304950572<\/li><li>VAT payer code: LT100012081015<\/li><li>Tel. No.  : +370 644 40067<\/li><li>Address: 9B \u0160viesos g., Grigi\u0161k\u0117s, LT-27118 Vilnius <\/li><li>E-mail: info@craftsmecca.lt <\/li><\/ul><h4><strong>What personal data we collect and why we collect it<\/strong><\/h4><p>Products you&#8217;ve watched: we&#8217;ll use them to show you products you&#8217;ve recently watched.<\/p><p><strong>Contact forms<\/strong><\/p><p>When visitors fill in the contact form on<br>https:\/\/craftsmecca.lt\/kontaktai we collect the following visitor data:<br>username and surname, email address. We collect this data in order to respond to the query left by the visitor.  <\/p><h5><strong>Comments<\/strong><\/h5><p>When visitors post comments on the website, we collect the data visible on the comment posting form, as well as the visitor&#8217;s IP address and browser user record, to protect against spam.<\/p><p>An anonymised data record (hash) may be generated from your email address and provided to the Gravatar service provider in order for<br>to verify your use of this service. Gravatar&#8217;s privacy policy is available here: https:\/\/automattic.com\/privacy\/. Once your<br>comment has been approved, your profile picture is publicly visible next to your comment. <\/p><h5><strong>Files<\/strong><\/h5><p>If you upload photos to a website, you should avoid uploading them with stored location data (EXIF GPS). Visitors to the website can download photos from the website and extract location data from them. <\/p><h5><strong>Cookies (cookies)<\/strong><\/h5><p><em>What are cookies and how do they work?<\/em><\/p><p>This website uses cookies. Cookies are text files that are placed on the browser of a device (e.g. computer, mobile<br>phone, tablet) with your consent when you browse a website and that collect information about your browsing experience.<br>When you first visit the website, cookies are transferred to your computer and then used to distinguish your computer from other computers, they ensure a more convenient use of the website and allow us to improve the website. This is a common practice on websites that makes it easier to navigate the website you have already visited and simplifies access to the information published.   <\/p><p><em>What cookies do we use?<\/em><\/p><p>In order to provide you with a more convenient and efficient use of our website, we use the following cookies:<\/p><table dir=\"ltr\" border=\"1\" cellspacing=\"0\" cellpadding=\"0\"><colgroup> <col width=\"310\"> <col width=\"229\"> <col width=\"183\"> <col width=\"236\"> <col width=\"118\"> <col width=\"153\"><\/colgroup><tbody><tr><td data-sheets-value=\"{\"><strong>Cookie name<\/strong><\/td><td data-sheets-value=\"{\"><strong>Performed by Cookie<\/strong><br><strong>functions<\/strong><\/td><td data-sheets-value=\"{\"><strong>Data processing<\/strong><br><strong>Purpose<\/strong><\/td><td data-sheets-value=\"{\"><strong>Creating<\/strong><br><strong>Date of launch<\/strong><\/td><td data-sheets-value=\"{\"><strong>Validity<\/strong><br><strong>Duration<\/strong><\/td><td data-sheets-value=\"{\"><strong>Necessary\/Necessary<\/strong><\/td><\/tr><tr><td data-sheets-value=\"{\">viewed_cookie_policy<\/td><td data-sheets-value=\"{\">Records that the visitor to<br><br> has accepted the<br>cookies<br>message<\/td><td data-sheets-value=\"{\">Basic functionality of<br><\/td><td data-sheets-value=\"{\">Click on the<br>button<br>&#8220;AGREE&#8221; or<br>&#8220;DISAGREE&#8221;<\/td><td data-sheets-value=\"{\">1 year<\/td><td data-sheets-value=\"{\">Required<\/td><\/tr><tr><td data-sheets-value=\"{\">cookielawinfo-checkbox-necessary<\/td><td data-sheets-value=\"{\">Regulate the cookies required by<br><\/td><td data-sheets-value=\"{\">Basic functionality of<br><\/td><td data-sheets-value=\"{\">By visiting<br>on the<br>website<\/td><td data-sheets-value=\"{\">1 day<\/td><td data-sheets-value=\"{\">Required<\/td><\/tr><tr><td data-sheets-value=\"{\">cookielawinfo-checkbox-non-necessary<\/td><td data-sheets-value=\"{\">Regulate unnecessary<br>cookies<\/td><td data-sheets-value=\"{\">Basic functionality of<br><\/td><td data-sheets-value=\"{\">By visiting<br>on the<br>website<\/td><td data-sheets-value=\"{\">1 day<\/td><td data-sheets-value=\"{\">Required<\/td><\/tr><tr><td data-sheets-value=\"{\">woocommerce_cart_hash<\/td><td data-sheets-value=\"{\">Helps us to identify<br>when the content\/data of the<br>cart changes.<\/td><td data-sheets-value=\"{\">Basic functionality of<br><\/td><td data-sheets-value=\"{\">Click on the<br>button<br>&#8220;Add to basket&#8221;<\/td><td data-sheets-value=\"{\">session<\/td><td data-sheets-value=\"{\">Required<\/td><\/tr><tr><td data-sheets-value=\"{\">woocommerce_items_in_cart<\/td><td data-sheets-value=\"{\">Helps us to identify<br>when the content\/data of the<br>cart changes.<\/td><td data-sheets-value=\"{\">Basic functionality of<br><\/td><td data-sheets-value=\"{\">Click on the<br>button<br>&#8220;Add to basket&#8221;<\/td><td data-sheets-value=\"{\">session<\/td><td data-sheets-value=\"{\">Required<\/td><\/tr><tr><td data-sheets-value=\"{\">wp_woocommerce_session_<\/td><td data-sheets-value=\"{\">Each customer has a<br>unique code so that he<br>knows where to find the basket data of each<br>customer in the<br>database.<\/td><td data-sheets-value=\"{\">Basic functionality of<br><\/td><td data-sheets-value=\"{\">By visiting<br>on the<br>website<\/td><td data-sheets-value=\"{\">2 days<\/td><td data-sheets-value=\"{\">Required<\/td><\/tr><tr><td data-sheets-value=\"{\">woocommerce_recently_viewed<\/td><td data-sheets-value=\"{\">Helps to identify products that have not been<br>viewed recently and then<br>remind the customer about them.<\/td><td data-sheets-value=\"{\">Basic functionality of<br><\/td><td data-sheets-value=\"{\">After visiting the<br>website<br>and viewing the<br>product<br><\/td><td data-sheets-value=\"{\">session<\/td><td data-sheets-value=\"{\">Required<\/td><\/tr><tr><td data-sheets-value=\"{\">store_notice[notice id]<\/td><td data-sheets-value=\"{\">Allows customers to opt-out of<br>store notifications.<\/td><td data-sheets-value=\"{\">Basic functionality of<br><\/td><td data-sheets-value=\"{\">By visiting<br>on the<br>website<\/td><td data-sheets-value=\"{\">session<\/td><td data-sheets-value=\"{\">Required<\/td><\/tr><tr><td data-sheets-value=\"{\">_ga, _gat, _gid,<\/td><td data-sheets-value=\"{\">Google<br>analytics<\/td><td data-sheets-value=\"{\">Analysis of user traffic on<br>, for the purposes of third party<br>third party<br>user behaviour based<br>online advertising<br><\/td><td data-sheets-value=\"{\">By visiting<br>on the<br>website<\/td><td data-sheets-value=\"{\">2 years, until the<br>browser<br>closes, 1<br>day<\/td><td data-sheets-value=\"{\">Not necessary<\/td><\/tr><tr><td data-sheets-value=\"{\">_fbp<\/td><td data-sheets-value=\"{\">Cookie used by<br>for the purpose of Facebook advertising<br><\/td><td data-sheets-value=\"{\">Analysis of user traffic on<br>, for the purposes of third party<br>third party<br>user behaviour based<br>online advertising<br><\/td><td data-sheets-value=\"{\">By visiting<br>on the<br>website<\/td><td data-sheets-value=\"{\">1 day<\/td><td data-sheets-value=\"{\">Not necessary<\/td><\/tr><\/tbody><\/table><p><strong>You can adjust the cookies you use here: <a style=\"color: #000000;\" tabindex=\"0\" role=\"button\">cookie settings<\/a><\/strong><\/p><p><em>How do I remove cookies from my device?<\/em><\/p><p>If you do not want your personal data to be processed by cookies, you can change the settings in your web browser so that cookies are not accepted or delete the cookies you have saved.<br>You can change the cookie settings in your browser at any time. All browsers provide the option to delete cookies. More detailed instructions depend on the browser you are using and can be found in the options menu of the browser you are using:  <\/p><ul><li>Cookie settings in <a role=\"link\" href=\"https:\/\/support.microsoft.com\/en-us\/help\/17442\/windows-internet-explorer-delete-manage-cookies#ie=ie-10\" target=\"_blank\" rel=\"noopener noreferrer\">Internet Explorer<\/a><\/li><li>Cookie settings in <a role=\"link\" href=\"https:\/\/support.mozilla.org\/en-US\/kb\/cookies-information-websites-store-on-your-computer?redirectlocale=en-US&amp;redirectslug=Cookies\" target=\"_blank\" rel=\"noopener noreferrer\">Firefox<\/a><\/li><li>Cookie settings in <a role=\"link\" href=\"https:\/\/support.google.com\/chrome\/answer\/95647?hl=en&amp;ref_topic=14666\" target=\"_blank\" rel=\"noopener noreferrer\">Chrome<\/a><\/li><li>Cookie settings in <a role=\"link\" href=\"https:\/\/support.apple.com\/guide\/safari\/manage-cookies-and-website-data-sfri11471\/mac\" target=\"_blank\" rel=\"noopener noreferrer\">Safari web<\/a> and <a role=\"link\" href=\"https:\/\/support.apple.com\/en-us\/HT201265\" target=\"_blank\" rel=\"noopener noreferrer\">iOS <\/a> <\/li><\/ul><p>More information: <a role=\"link\" href=\"https:\/\/www.allaboutcookies.org\/\" target=\"_blank\" rel=\"noopener noreferrer\">https:\/\/www.allaboutcookies.org\/<\/a><\/p><p>Please note that the removal or blocking of cookies may affect the operation of the website and some of its functionalities, and may adversely affect your use of the services available on the portal.<\/p><h5><strong>Content uploaded from other websites<\/strong><\/h5><p>This website may contain content uploaded from another website (for example, videos, images, text, etc.). Viewing and interacting with such uploaded content on this website is equivalent to visiting the websites from which the content is uploaded. <\/p><p>These websites may collect data about you, use cookies, third-party tracking services and monitor your interactions with uploaded content, including if you have an account and are logged in to these websites.<\/p><h5><strong>Statistics<\/strong><\/h5><p>We use Google Analytics to measure the performance of our website (see <a href=\"https:\/\/marketingplatform.google.com\/about\/analytics\/terms\/lt\/\" target=\"_blank\" rel=\"noopener noreferrer\">Google Analytics Terms of Service<\/a>).<\/p><h4><strong>Who we share your data with<\/strong><\/h4><p>&#8211; Craftsmecca.lt staff, who maintain the website&#8217;s operation and content.<br>For example, site administrators can access order information, i.e. which items have been purchased, when they were purchased and where they should be sent (customer information such as name, email address and billing and delivery information). Our team members have access to this information to help fulfill orders, process refunds and assist customers.<br>&#8211; providers of the website content management system and website hosting services;<br>&#8211; provider of website analytics services Google LLC (United States of America), to the extent necessary for website data analytics purposes. Google LLC is listed as a participant in the EU-U.S. Privacy Shield Framework, which confirms that this provider adequately complies with the data protection standards required by the EU.   <\/p><p>We do not sell your data under any circumstances.<\/p><h4><strong>How long we keep your data<\/strong><\/h4><p>We store order information for 2 years for tax and accounting purposes.<br>Statistical information collected by Google Analytics tools and other cookies is usually used for up to 3 years.<br>If you post a comment, the text and metadata is stored indefinitely. This is done so that we can recognise and approve future comments automatically, instead of an administrator&#8217;s approval. When you register on our website and become a user, we store all the personal data you provide in your account. Each user can view, edit and delete their personal data at any time (with the exception of their username). Site administrators can also view and edit this data.    <\/p><p>We automatically delete data for which your consent is required or may be withheld upon withdrawal of your consent (withholding of consent).<\/p><h4><strong>Your rights<\/strong><\/h4><p>The data subject whose data are processed in the course of the Data Controller&#8217;s activities has the following rights:<br>&#8211; Know (be informed) about the processing of your data (right to know);<br>&#8211; To know your data and how it is processed (right of access);<br>&#8211; Request rectification or, taking into account the purposes of the processing of personal data, completion of incomplete personal data (the right to rectification);<br>&#8211; To have your data erased or to suspend the processing of your data (except for storage) (the right to erasure and the right to &#8216;be forgotten&#8217;);<br>&#8211; Have the right to require the Data Controller to restrict the processing of personal data on one of the legitimate grounds (the right to restrict);<br>&#8211; Have the right to data portability (the right to portability);<br>&#8211; Object to the processing of personal data where such data is processed or intended to be processed for the purposes of direct marketing, including profiling, insofar as it is related to such direct marketing.<\/p><p>If you no longer wish your personal data to be processed for the purpose of direct marketing, including profiling, you may send an email to info@craftsmecca.lt or call +370 644 40067 and object to the processing of your personal data for the purpose of direct marketing and\/or to the non-application of automated processing, including profiling**, of your personal data, without providing any grounds for objection.<\/p><p>**The personal data you provide may be used for profiling of your personal data for the purpose of direct marketing in order to offer you customised solutions and offers. You may withdraw or object to the processing of your personal data by automated means, including profiling, at any time. <\/p><p>The Data Subject shall have the right to submit any request or instruction relating to the processing of personal data to the Data Controller in writing in one of the following ways:  <\/p><ul><li>Postal address: 9b \u0160viesos Street, Grigi\u0161k\u0117s LT-27118, Vilnius;  <\/li><li>E-mail: info@craftsmecca.lt <\/li><\/ul><p>The controller shall respond to such a request or instruction and shall carry out or refuse to carry out the actions specified in the request within one month of the request. Where necessary, the period referred to may be extended by a further two months, depending on the complexity and number of requests. In that case, the Data Controller shall inform the Data Subject of such extension within one month of receipt of the request, together with the reasons for the delay.  <\/p><p>The Data Controller may refuse to allow data subjects to exercise the rights listed above, except for the refusal to process personal data by direct marketing, where, in cases provided for by law, it is necessary to ensure the prevention, investigation, and detection of crimes, breaches of professional or professional ethics, as well as the protection of the rights and freedoms of the data subject or other persons.<\/p><h4><strong>Where we send your data<\/strong><\/h4><p>Visitors&#8217; comments can be checked using an automated spam search service.<\/p><h4><strong>Contact information<\/strong><\/h4><p>Props:<\/p><ul><li>UAB Crafts Mecca<\/li><li>Company code: 304950572<\/li><li>VAT payer code: LT100012081015<\/li><li>Tel. No.  : +370 644 40067<\/li><li>Address: 9B \u0160viesos g., Grigi\u0161k\u0117s, LT-27118 Vilnius <\/li><li>E-mail: info@craftsmecca.lt <\/li><\/ul><h4><strong>Your data<\/strong><\/h4><p>We take appropriate technical and organisational measures (data encryption, security measures to prevent unauthorised access to<br>to this website (e.g. two-factor authentication)) to ensure that all data is protected against accidental or unlawful destruction, accidental loss, alteration, disclosure and other unauthorised processing.<\/p><p>What data protection procedures we use<\/p><p>Data encryption, security measures to prevent unauthorised access to the website, staff training on data protection.<\/p><h4><strong>What third parties we receive data from<\/strong><\/h4><p>We do not receive data from third parties.<\/p>\t\t\t\t\t\t\t\t<\/div>\n\t\t\t\t\t<\/div>\n\t\t\t\t<\/div>\n\t\t\t\t<\/div>\n\t\t","protected":false},"excerpt":{"rendered":"<p>Who we are Our website address is: https:\/\/craftsmecca.lt The website is owned and managed by: UAB Crafts Mecca Company code: 304950572 VAT payer code: LT100012081015 Tel. No. : +370 644 40067 Address: 9B \u0160viesos g., Grigi\u0161k\u0117s, LT-27118 Vilnius E-mail: info@craftsmecca.lt What personal data we collect and why we collect it Products you&#8217;ve watched: we&#8217;ll use [&hellip;]<\/p>\n","protected":false},"author":1,"featured_media":0,"parent":0,"menu_order":0,"comment_status":"closed","ping_status":"closed","template":"","meta":{"footnotes":""},"class_list":["post-4467","page","type-page","status-publish","hentry"],"blocksy_meta":[],"yoast_head":"<!-- This site is optimized with the Yoast SEO plugin v26.3 - https:\/\/yoast.com\/wordpress\/plugins\/seo\/ -->\n<title>Privacy Policy - Craftsmecca<\/title>\n<meta name=\"robots\" content=\"index, follow, max-snippet:-1, max-image-preview:large, max-video-preview:-1\" \/>\n<link rel=\"canonical\" href=\"https:\/\/craftsmecca.lt\/en\/privacy-policy\/\" \/>\n<meta property=\"og:locale\" content=\"en_US\" \/>\n<meta property=\"og:type\" content=\"article\" \/>\n<meta property=\"og:title\" content=\"Privacy Policy - Craftsmecca\" \/>\n<meta property=\"og:description\" content=\"Who we are Our website address is: https:\/\/craftsmecca.lt The website is owned and managed by: UAB Crafts Mecca Company code: 304950572 VAT payer code: LT100012081015 Tel. No. : +370 644 40067 Address: 9B \u0160viesos g., Grigi\u0161k\u0117s, LT-27118 Vilnius E-mail: info@craftsmecca.lt What personal data we collect and why we collect it Products you&#8217;ve watched: we&#8217;ll use [&hellip;]\" \/>\n<meta property=\"og:url\" content=\"https:\/\/craftsmecca.lt\/en\/privacy-policy\/\" \/>\n<meta property=\"og:site_name\" content=\"Craftsmecca\" \/>\n<meta property=\"article:publisher\" content=\"https:\/\/www.facebook.com\/CraftsMecca\" \/>\n<meta property=\"article:modified_time\" content=\"2025-09-02T14:13:12+00:00\" \/>\n<meta name=\"twitter:card\" content=\"summary_large_image\" \/>\n<meta name=\"twitter:label1\" content=\"Est. reading time\" \/>\n\t<meta name=\"twitter:data1\" content=\"8 minutes\" \/>\n<script type=\"application\/ld+json\" class=\"yoast-schema-graph\">{\"@context\":\"https:\/\/schema.org\",\"@graph\":[{\"@type\":\"WebPage\",\"@id\":\"https:\/\/craftsmecca.lt\/en\/privacy-policy\/\",\"url\":\"https:\/\/craftsmecca.lt\/en\/privacy-policy\/\",\"name\":\"Privacy Policy - Craftsmecca\",\"isPartOf\":{\"@id\":\"https:\/\/craftsmecca.lt\/en\/#website\"},\"datePublished\":\"2025-01-09T11:14:44+00:00\",\"dateModified\":\"2025-09-02T14:13:12+00:00\",\"breadcrumb\":{\"@id\":\"https:\/\/craftsmecca.lt\/en\/privacy-policy\/#breadcrumb\"},\"inLanguage\":\"en-US\",\"potentialAction\":[{\"@type\":\"ReadAction\",\"target\":[\"https:\/\/craftsmecca.lt\/en\/privacy-policy\/\"]}]},{\"@type\":\"BreadcrumbList\",\"@id\":\"https:\/\/craftsmecca.lt\/en\/privacy-policy\/#breadcrumb\",\"itemListElement\":[{\"@type\":\"ListItem\",\"position\":1,\"name\":\"Home\",\"item\":\"https:\/\/craftsmecca.lt\/en\/\"},{\"@type\":\"ListItem\",\"position\":2,\"name\":\"Privacy Policy\"}]},{\"@type\":\"WebSite\",\"@id\":\"https:\/\/craftsmecca.lt\/en\/#website\",\"url\":\"https:\/\/craftsmecca.lt\/en\/\",\"name\":\"Craftsmecca\",\"description\":\"\",\"publisher\":{\"@id\":\"https:\/\/craftsmecca.lt\/en\/#organization\"},\"potentialAction\":[{\"@type\":\"SearchAction\",\"target\":{\"@type\":\"EntryPoint\",\"urlTemplate\":\"https:\/\/craftsmecca.lt\/en\/?s={search_term_string}\"},\"query-input\":{\"@type\":\"PropertyValueSpecification\",\"valueRequired\":true,\"valueName\":\"search_term_string\"}}],\"inLanguage\":\"en-US\"},{\"@type\":\"Organization\",\"@id\":\"https:\/\/craftsmecca.lt\/en\/#organization\",\"name\":\"Craftsmecca\",\"url\":\"https:\/\/craftsmecca.lt\/en\/\",\"logo\":{\"@type\":\"ImageObject\",\"inLanguage\":\"en-US\",\"@id\":\"https:\/\/craftsmecca.lt\/en\/#\/schema\/logo\/image\/\",\"url\":\"https:\/\/craftsmecca.lt\/wp-content\/uploads\/2025\/02\/CraftsMecca_logo-2.png\",\"contentUrl\":\"https:\/\/craftsmecca.lt\/wp-content\/uploads\/2025\/02\/CraftsMecca_logo-2.png\",\"width\":828,\"height\":306,\"caption\":\"Craftsmecca\"},\"image\":{\"@id\":\"https:\/\/craftsmecca.lt\/en\/#\/schema\/logo\/image\/\"},\"sameAs\":[\"https:\/\/www.facebook.com\/CraftsMecca\",\"https:\/\/www.instagram.com\/crafts_mecca\/\",\"https:\/\/www.youtube.com\/@craftsmecca2835\/videos\"]}]}<\/script>\n<!-- \/ Yoast SEO plugin. -->","yoast_head_json":{"title":"Privacy Policy - Craftsmecca","robots":{"index":"index","follow":"follow","max-snippet":"max-snippet:-1","max-image-preview":"max-image-preview:large","max-video-preview":"max-video-preview:-1"},"canonical":"https:\/\/craftsmecca.lt\/en\/privacy-policy\/","og_locale":"en_US","og_type":"article","og_title":"Privacy Policy - Craftsmecca","og_description":"Who we are Our website address is: https:\/\/craftsmecca.lt The website is owned and managed by: UAB Crafts Mecca Company code: 304950572 VAT payer code: LT100012081015 Tel. No. : +370 644 40067 Address: 9B \u0160viesos g., Grigi\u0161k\u0117s, LT-27118 Vilnius E-mail: info@craftsmecca.lt What personal data we collect and why we collect it Products you&#8217;ve watched: we&#8217;ll use [&hellip;]","og_url":"https:\/\/craftsmecca.lt\/en\/privacy-policy\/","og_site_name":"Craftsmecca","article_publisher":"https:\/\/www.facebook.com\/CraftsMecca","article_modified_time":"2025-09-02T14:13:12+00:00","twitter_card":"summary_large_image","twitter_misc":{"Est. reading time":"8 minutes"},"schema":{"@context":"https:\/\/schema.org","@graph":[{"@type":"WebPage","@id":"https:\/\/craftsmecca.lt\/en\/privacy-policy\/","url":"https:\/\/craftsmecca.lt\/en\/privacy-policy\/","name":"Privacy Policy - Craftsmecca","isPartOf":{"@id":"https:\/\/craftsmecca.lt\/en\/#website"},"datePublished":"2025-01-09T11:14:44+00:00","dateModified":"2025-09-02T14:13:12+00:00","breadcrumb":{"@id":"https:\/\/craftsmecca.lt\/en\/privacy-policy\/#breadcrumb"},"inLanguage":"en-US","potentialAction":[{"@type":"ReadAction","target":["https:\/\/craftsmecca.lt\/en\/privacy-policy\/"]}]},{"@type":"BreadcrumbList","@id":"https:\/\/craftsmecca.lt\/en\/privacy-policy\/#breadcrumb","itemListElement":[{"@type":"ListItem","position":1,"name":"Home","item":"https:\/\/craftsmecca.lt\/en\/"},{"@type":"ListItem","position":2,"name":"Privacy Policy"}]},{"@type":"WebSite","@id":"https:\/\/craftsmecca.lt\/en\/#website","url":"https:\/\/craftsmecca.lt\/en\/","name":"Craftsmecca","description":"","publisher":{"@id":"https:\/\/craftsmecca.lt\/en\/#organization"},"potentialAction":[{"@type":"SearchAction","target":{"@type":"EntryPoint","urlTemplate":"https:\/\/craftsmecca.lt\/en\/?s={search_term_string}"},"query-input":{"@type":"PropertyValueSpecification","valueRequired":true,"valueName":"search_term_string"}}],"inLanguage":"en-US"},{"@type":"Organization","@id":"https:\/\/craftsmecca.lt\/en\/#organization","name":"Craftsmecca","url":"https:\/\/craftsmecca.lt\/en\/","logo":{"@type":"ImageObject","inLanguage":"en-US","@id":"https:\/\/craftsmecca.lt\/en\/#\/schema\/logo\/image\/","url":"https:\/\/craftsmecca.lt\/wp-content\/uploads\/2025\/02\/CraftsMecca_logo-2.png","contentUrl":"https:\/\/craftsmecca.lt\/wp-content\/uploads\/2025\/02\/CraftsMecca_logo-2.png","width":828,"height":306,"caption":"Craftsmecca"},"image":{"@id":"https:\/\/craftsmecca.lt\/en\/#\/schema\/logo\/image\/"},"sameAs":["https:\/\/www.facebook.com\/CraftsMecca","https:\/\/www.instagram.com\/crafts_mecca\/","https:\/\/www.youtube.com\/@craftsmecca2835\/videos"]}]}},"_links":{"self":[{"href":"https:\/\/craftsmecca.lt\/en\/wp-json\/wp\/v2\/pages\/4467","targetHints":{"allow":["GET"]}}],"collection":[{"href":"https:\/\/craftsmecca.lt\/en\/wp-json\/wp\/v2\/pages"}],"about":[{"href":"https:\/\/craftsmecca.lt\/en\/wp-json\/wp\/v2\/types\/page"}],"author":[{"embeddable":true,"href":"https:\/\/craftsmecca.lt\/en\/wp-json\/wp\/v2\/users\/1"}],"replies":[{"embeddable":true,"href":"https:\/\/craftsmecca.lt\/en\/wp-json\/wp\/v2\/comments?post=4467"}],"version-history":[{"count":4,"href":"https:\/\/craftsmecca.lt\/en\/wp-json\/wp\/v2\/pages\/4467\/revisions"}],"predecessor-version":[{"id":10446,"href":"https:\/\/craftsmecca.lt\/en\/wp-json\/wp\/v2\/pages\/4467\/revisions\/10446"}],"wp:attachment":[{"href":"https:\/\/craftsmecca.lt\/en\/wp-json\/wp\/v2\/media?parent=4467"}],"curies":[{"name":"wp","href":"https:\/\/api.w.org\/{rel}","templated":true}]}}