{"id":10425,"date":"2025-08-19T07:31:23","date_gmt":"2025-08-19T07:31:23","guid":{"rendered":"https:\/\/craftsmecca.lt\/garantii\/"},"modified":"2025-09-02T14:12:28","modified_gmt":"2025-09-02T14:12:28","slug":"garantii","status":"publish","type":"page","link":"https:\/\/craftsmecca.lt\/et\/garantii\/","title":{"rendered":"Garantii"},"content":{"rendered":"\t\t<div data-elementor-type=\"wp-page\" data-elementor-id=\"10425\" class=\"elementor elementor-10425 elementor-10166\" data-elementor-post-type=\"page\">\n\t\t\t\t<div class=\"elementor-element elementor-element-0f484d3 e-flex e-con-boxed e-con e-parent\" data-id=\"0f484d3\" data-element_type=\"container\">\n\t\t\t\t\t<div class=\"e-con-inner\">\n\t\t\t\t<div class=\"elementor-element elementor-element-26d01e4 elementor-widget elementor-widget-text-editor\" data-id=\"26d01e4\" data-element_type=\"widget\" data-widget_type=\"text-editor.default\">\n\t\t\t\t\t\t\t\t\t<p><strong>Crafts Mecca<\/strong> tagab, et k\u00f5ik meie tooted vastavad Leedu Vabariigi \u00f5igusaktides n\u00f5utud kvaliteedi- ja ohutusstandarditele. Iga toode on hoolikalt valitud, valmistatud vastavalt tehnilistele spetsifikatsioonidele ja vastab m\u00fc\u00fcgilepingu n\u00f5uetele. Garantii, mida me oma klientidele anname, mitte ainult ei kinnita toodete usaldusv\u00e4\u00e4rsust, vaid tagab ka nende ohutu ja pikaajalise kasutamise.  <\/p>\t\t\t\t\t\t\t\t<\/div>\n\t\t\t\t<div class=\"elementor-element elementor-element-bf1163b elementor-widget elementor-widget-n-accordion\" data-id=\"bf1163b\" data-element_type=\"widget\" data-settings=\"{&quot;default_state&quot;:&quot;expanded&quot;,&quot;max_items_expended&quot;:&quot;one&quot;,&quot;n_accordion_animation_duration&quot;:{&quot;unit&quot;:&quot;ms&quot;,&quot;size&quot;:400,&quot;sizes&quot;:[]}}\" data-widget_type=\"nested-accordion.default\">\n\t\t\t\t\t\t\t<div class=\"e-n-accordion\" aria-label=\"Accordion. Open links with Enter or Space, close with Escape, and navigate with Arrow Keys\">\n\t\t\t\t\t\t<details id=\"e-n-accordion-item-2000\" class=\"e-n-accordion-item\" open>\n\t\t\t\t<summary class=\"e-n-accordion-item-title\" data-accordion-index=\"1\" tabindex=\"0\" aria-expanded=\"true\" aria-controls=\"e-n-accordion-item-2000\" >\n\t\t\t\t\t<span class='e-n-accordion-item-title-header'><div class=\"e-n-accordion-item-title-text\"> Garantiitingimused <\/div><\/span>\n\t\t\t\t\t\t\t<span class='e-n-accordion-item-title-icon'>\n\t\t\t<span class='e-opened' ><svg aria-hidden=\"true\" class=\"e-font-icon-svg e-fas-minus\" viewBox=\"0 0 448 512\" xmlns=\"http:\/\/www.w3.org\/2000\/svg\"><path d=\"M416 208H32c-17.67 0-32 14.33-32 32v32c0 17.67 14.33 32 32 32h384c17.67 0 32-14.33 32-32v-32c0-17.67-14.33-32-32-32z\"><\/path><\/svg><\/span>\n\t\t\t<span class='e-closed'><svg aria-hidden=\"true\" class=\"e-font-icon-svg e-fas-plus\" viewBox=\"0 0 448 512\" xmlns=\"http:\/\/www.w3.org\/2000\/svg\"><path d=\"M416 208H272V64c0-17.67-14.33-32-32-32h-32c-17.67 0-32 14.33-32 32v144H32c-17.67 0-32 14.33-32 32v32c0 17.67 14.33 32 32 32h144v144c0 17.67 14.33 32 32 32h32c17.67 0 32-14.33 32-32V304h144c17.67 0 32-14.33 32-32v-32c0-17.67-14.33-32-32-32z\"><\/path><\/svg><\/span>\n\t\t<\/span>\n\n\t\t\t\t\t\t<\/summary>\n\t\t\t\t<div role=\"region\" aria-labelledby=\"e-n-accordion-item-2000\" class=\"elementor-element elementor-element-06bbf91 e-con-full e-flex e-con e-child\" data-id=\"06bbf91\" data-element_type=\"container\">\n\t\t\t\t<div class=\"elementor-element elementor-element-a1a1d82 elementor-widget elementor-widget-text-editor\" data-id=\"a1a1d82\" data-element_type=\"widget\" data-widget_type=\"text-editor.default\">\n\t\t\t\t\t\t\t\t\t<p data-start=\"101\" data-end=\"255\">Garantii kehtib ostut\u00f5endi esitamisel. See j\u00f5ustub arve v\u00f5i garantiipassi kuup\u00e4evast. <\/p><p data-start=\"257\" data-end=\"423\">Garantii kaotab kehtivuse, kui toodet ei kasutata etten\u00e4htud otstarbel v\u00f5i kui kasutus- ja hooldusjuhiseid ei j\u00e4rgita. Samuti, kui juhiseid ei j\u00e4rgita \u00f5igesti. <\/p><p data-start=\"567\" data-end=\"683\">Garantii ei h\u00f5lma automaatjuhtimisega tooteid, kui rikke p\u00f5hjuseks on elektriliste osade vale \u00fchendamine.<\/p><p data-start=\"685\" data-end=\"917\">Vastavalt valitsuse 11. juuni 2001. aasta dekreedile nr 697 (muudetud kujul) ei tagastata ega vahetata kvaliteetset kaupa, mis on valmistatud kliendi individuaalsete juhiste kohaselt v\u00f5i kohandatud tema erivajadustele.<\/p>\t\t\t\t\t\t\t\t<\/div>\n\t\t\t\t<\/div>\n\t\t\t\t\t<\/details>\n\t\t\t\t\t\t<details id=\"e-n-accordion-item-2001\" class=\"e-n-accordion-item\" >\n\t\t\t\t<summary class=\"e-n-accordion-item-title\" data-accordion-index=\"2\" tabindex=\"-1\" aria-expanded=\"false\" aria-controls=\"e-n-accordion-item-2001\" >\n\t\t\t\t\t<span class='e-n-accordion-item-title-header'><div class=\"e-n-accordion-item-title-text\"> Normaalseteks peetavad tooteomadused <\/div><\/span>\n\t\t\t\t\t\t\t<span class='e-n-accordion-item-title-icon'>\n\t\t\t<span class='e-opened' ><svg aria-hidden=\"true\" class=\"e-font-icon-svg e-fas-minus\" viewBox=\"0 0 448 512\" xmlns=\"http:\/\/www.w3.org\/2000\/svg\"><path d=\"M416 208H32c-17.67 0-32 14.33-32 32v32c0 17.67 14.33 32 32 32h384c17.67 0 32-14.33 32-32v-32c0-17.67-14.33-32-32-32z\"><\/path><\/svg><\/span>\n\t\t\t<span class='e-closed'><svg aria-hidden=\"true\" class=\"e-font-icon-svg e-fas-plus\" viewBox=\"0 0 448 512\" xmlns=\"http:\/\/www.w3.org\/2000\/svg\"><path d=\"M416 208H272V64c0-17.67-14.33-32-32-32h-32c-17.67 0-32 14.33-32 32v144H32c-17.67 0-32 14.33-32 32v32c0 17.67 14.33 32 32 32h144v144c0 17.67 14.33 32 32 32h32c17.67 0 32-14.33 32-32V304h144c17.67 0 32-14.33 32-32v-32c0-17.67-14.33-32-32-32z\"><\/path><\/svg><\/span>\n\t\t<\/span>\n\n\t\t\t\t\t\t<\/summary>\n\t\t\t\t<div role=\"region\" aria-labelledby=\"e-n-accordion-item-2001\" class=\"elementor-element elementor-element-597637c e-con-full e-flex e-con e-child\" data-id=\"597637c\" data-element_type=\"container\">\n\t\t\t\t<div class=\"elementor-element elementor-element-572e557 elementor-widget elementor-widget-text-editor\" data-id=\"572e557\" data-element_type=\"widget\" data-widget_type=\"text-editor.default\">\n\t\t\t\t\t\t\t\t\t<p data-start=\"163\" data-end=\"266\">M\u00f5ningaid erinevusi v\u00f5i erinevusi toodetes peetakse toodete loomulikeks omadusteks ja neid ei loeta defektideks:<\/p><ul data-start=\"268\" data-end=\"1644\"><li data-start=\"268\" data-end=\"401\"><p data-start=\"270\" data-end=\"401\">Toote toon, muster v\u00f5i muud visuaalsed omadused v\u00f5ivad erineda kataloogides v\u00f5i veebilehel n\u00e4idatud n\u00e4idistest.<\/p><\/li><li data-start=\"402\" data-end=\"459\"><p data-start=\"404\" data-end=\"459\">Kerge v\u00e4rvimuutus, eriti p\u00e4ikesekiirguse t\u00f5ttu.<\/p><\/li><li data-start=\"460\" data-end=\"540\"><p data-start=\"462\" data-end=\"540\">Erineva intensiivsusega tuhmumine p\u00e4ikesevalgustatud ja valgustamata aladel.<\/p><\/li><li data-start=\"541\" data-end=\"857\"><p data-start=\"543\" data-end=\"857\">Kangad (rulood, vertikaalsed rulood) toodetakse partiidena, mist\u00f5ttu nende toonid v\u00f5ivad veidi erineda. Erinevatel aegadel tellitud toodete puhul v\u00f5ivad ka toonid erineda. Selleks, et mitme toote kangad oleksid identsed, on soovitatav, et need tellitakse samal ajal ja paigaldatakse k\u00f5rvuti.  <\/p><\/li><li data-start=\"858\" data-end=\"980\"><p data-start=\"860\" data-end=\"980\">Kangast ei suudeta t\u00e4ielikult lahti pakkida, kui see on olnud m\u00f5nda aega osaliselt pakitud (&#8220;mehaaniline m\u00e4lu&#8221;).<\/p><\/li><li data-start=\"981\" data-end=\"1044\"><p data-start=\"983\" data-end=\"1044\">Kanga muster ei pruugi ideaalselt kokku sobida toote servadega.<\/p><\/li><li data-start=\"1045\" data-end=\"1173\"><p data-start=\"1047\" data-end=\"1173\">Kanga kerge venimine v\u00f5i lainetus, mis tuleneb k\u00e4itlemisest (pinge, temperatuurimuutused, UV-valgus, niiskus jne).<\/p><\/li><li data-start=\"1174\" data-end=\"1258\"><p data-start=\"1176\" data-end=\"1258\">V\u00e4ikesed erinevused sama v\u00e4rvi metalli- v\u00f5i plastosade toonis.<\/p><\/li><li data-start=\"1259\" data-end=\"1344\"><p data-start=\"1261\" data-end=\"1344\">Tekstuuri ja toonide erinevused lamellide, profiilide v\u00f5i muude puidust ruloode osade vahel.<\/p><\/li><li data-start=\"1345\" data-end=\"1438\"><p data-start=\"1347\" data-end=\"1438\">V\u00e4ikesed ebatasasused v\u00f5i defektid puitdetailide pinnal, mis ei ole m\u00e4rgatavad 1 m kauguselt.<\/p><\/li><li data-start=\"1439\" data-end=\"1504\"><p data-start=\"1441\" data-end=\"1504\">V\u00e4iksemate defektide v\u00f5i l\u00f5igatud otste v\u00e4rvimine sobiva v\u00e4rviga.<\/p><\/li><li data-start=\"1505\" data-end=\"1587\"><p data-start=\"1507\" data-end=\"1587\">Plastikust ruloode puhul v\u00f5ib materjali poorsus olla n\u00e4htav l\u00f5ikekohtades.<\/p><\/li><li data-start=\"1588\" data-end=\"1644\"><p data-start=\"1590\" data-end=\"1644\">Liikuvate osade loomulik kulumine kasutamise k\u00e4igus.<\/p><\/li><\/ul>\t\t\t\t\t\t\t\t<\/div>\n\t\t\t\t<\/div>\n\t\t\t\t\t<\/details>\n\t\t\t\t\t\t<details id=\"e-n-accordion-item-2002\" class=\"e-n-accordion-item\" >\n\t\t\t\t<summary class=\"e-n-accordion-item-title\" data-accordion-index=\"3\" tabindex=\"-1\" aria-expanded=\"false\" aria-controls=\"e-n-accordion-item-2002\" >\n\t\t\t\t\t<span class='e-n-accordion-item-title-header'><div class=\"e-n-accordion-item-title-text\"> Tagastamistingimused <\/div><\/span>\n\t\t\t\t\t\t\t<span class='e-n-accordion-item-title-icon'>\n\t\t\t<span class='e-opened' ><svg aria-hidden=\"true\" class=\"e-font-icon-svg e-fas-minus\" viewBox=\"0 0 448 512\" xmlns=\"http:\/\/www.w3.org\/2000\/svg\"><path d=\"M416 208H32c-17.67 0-32 14.33-32 32v32c0 17.67 14.33 32 32 32h384c17.67 0 32-14.33 32-32v-32c0-17.67-14.33-32-32-32z\"><\/path><\/svg><\/span>\n\t\t\t<span class='e-closed'><svg aria-hidden=\"true\" class=\"e-font-icon-svg e-fas-plus\" viewBox=\"0 0 448 512\" xmlns=\"http:\/\/www.w3.org\/2000\/svg\"><path d=\"M416 208H272V64c0-17.67-14.33-32-32-32h-32c-17.67 0-32 14.33-32 32v144H32c-17.67 0-32 14.33-32 32v32c0 17.67 14.33 32 32 32h144v144c0 17.67 14.33 32 32 32h32c17.67 0 32-14.33 32-32V304h144c17.67 0 32-14.33 32-32v-32c0-17.67-14.33-32-32-32z\"><\/path><\/svg><\/span>\n\t\t<\/span>\n\n\t\t\t\t\t\t<\/summary>\n\t\t\t\t<div role=\"region\" aria-labelledby=\"e-n-accordion-item-2002\" class=\"elementor-element elementor-element-c885ad2 e-con-full e-flex e-con e-child\" data-id=\"c885ad2\" data-element_type=\"container\">\n\t\t\t\t<div class=\"elementor-element elementor-element-83540dc elementor-widget elementor-widget-text-editor\" data-id=\"83540dc\" data-element_type=\"widget\" data-widget_type=\"text-editor.default\">\n\t\t\t\t\t\t\t\t\t<p data-start=\"1697\" data-end=\"1801\"><strong>Crafts<\/strong> <strong>Mecca<\/strong> <strong>UAB<\/strong> v\u00f5tab pidevalt kasutusele t\u00e4iustatud tehnoloogiaid, et pakkuda kvaliteetseid tooteid. Kuid oluline on teada: <\/p><ul data-start=\"1803\" data-end=\"2649\"><li data-start=\"1803\" data-end=\"2123\"><p data-start=\"1805\" data-end=\"2123\">Kaupu, mis on valmistatud v\u00f5i kohandatud vastavalt kliendi individuaalsetele m\u00f5\u00f5tudele v\u00f5i eelistustele (nt l\u00f5igatud, saetud v\u00f5i muul viisil spetsiaalselt valmistatud), ei saa \u00fcmber vahetada ega tagastada. See on s\u00e4testatud <strong data-start=\"2013\" data-end=\"2047\">jaekaubanduse eeskirjades<\/strong> (valitsuse 11. juuni 2001. aasta otsus nr 697, muudetud 22. juulil 2014). <\/p><\/li><li data-start=\"2124\" data-end=\"2344\"><p data-start=\"2126\" data-end=\"2344\">Kui tarnitud kaup ei vasta kvaliteedin\u00f5uetele v\u00f5i kui ostja soovib seda muuta kuju, suuruse, v\u00e4rvi v\u00f5i mudeli t\u00f5ttu, v\u00f5ib ta v\u00f5tta \u00fchendust Crafts Mecca UAB-ga,<strong> v\u00e4lja arvatud juhul, kui<\/strong> kaup on <strong>valmistatud eritellimusel<\/strong>.<\/p><\/li><li data-start=\"2345\" data-end=\"2516\"><p data-start=\"2347\" data-end=\"2516\">Kasutatud, kahjustatud v\u00f5i oma esialgse v\u00e4limuse kaotanud kaupa ei saa tagastada. V\u00e4ikesed muutused pakendil, mis on p\u00f5hjustatud toote kontrollimisel, ei ole defekt. <\/p><\/li><li data-start=\"2517\" data-end=\"2649\"><p data-start=\"2519\" data-end=\"2649\">Kui ostja kahjustab kaupa v\u00f5i p\u00f5hjustab selle kaubandusliku v\u00e4ljan\u00e4gemise kadumise, <strong>peab<\/strong> ostja m\u00fc\u00fcjale tekkinud kahju <strong>h\u00fcvitama<\/strong>.<\/p><\/li><\/ul>\t\t\t\t\t\t\t\t<\/div>\n\t\t\t\t<\/div>\n\t\t\t\t\t<\/details>\n\t\t\t\t\t<\/div>\n\t\t\t\t\t\t<\/div>\n\t\t\t\t\t<\/div>\n\t\t\t\t<\/div>\n\t\t\t\t<\/div>\n\t\t","protected":false},"excerpt":{"rendered":"<p>Crafts Mecca tagab, et k\u00f5ik meie tooted vastavad Leedu Vabariigi \u00f5igusaktides n\u00f5utud kvaliteedi- ja ohutusstandarditele. Iga toode on hoolikalt valitud, valmistatud vastavalt tehnilistele spetsifikatsioonidele ja vastab m\u00fc\u00fcgilepingu n\u00f5uetele. Garantii, mida me oma klientidele anname, mitte ainult ei kinnita toodete usaldusv\u00e4\u00e4rsust, vaid tagab ka nende ohutu ja pikaajalise kasutamise. Garantiitingimused Garantii kehtib ostut\u00f5endi esitamisel. See j\u00f5ustub [&hellip;]<\/p>\n","protected":false},"author":1,"featured_media":0,"parent":0,"menu_order":0,"comment_status":"closed","ping_status":"closed","template":"","meta":{"footnotes":""},"class_list":["post-10425","page","type-page","status-publish","hentry"],"blocksy_meta":[],"yoast_head":"<!-- This site is optimized with the Yoast SEO plugin v26.3 - https:\/\/yoast.com\/wordpress\/plugins\/seo\/ -->\n<title>Garantii - Craftsmecca<\/title>\n<meta name=\"robots\" content=\"index, follow, max-snippet:-1, max-image-preview:large, max-video-preview:-1\" \/>\n<link rel=\"canonical\" href=\"https:\/\/craftsmecca.lt\/et\/garantii\/\" \/>\n<meta property=\"og:locale\" content=\"et_EE\" \/>\n<meta property=\"og:type\" content=\"article\" \/>\n<meta property=\"og:title\" content=\"Garantii - Craftsmecca\" \/>\n<meta property=\"og:description\" content=\"Crafts Mecca tagab, et k\u00f5ik meie tooted vastavad Leedu Vabariigi \u00f5igusaktides n\u00f5utud kvaliteedi- ja ohutusstandarditele. Iga toode on hoolikalt valitud, valmistatud vastavalt tehnilistele spetsifikatsioonidele ja vastab m\u00fc\u00fcgilepingu n\u00f5uetele. Garantii, mida me oma klientidele anname, mitte ainult ei kinnita toodete usaldusv\u00e4\u00e4rsust, vaid tagab ka nende ohutu ja pikaajalise kasutamise. Garantiitingimused Garantii kehtib ostut\u00f5endi esitamisel. See j\u00f5ustub [&hellip;]\" \/>\n<meta property=\"og:url\" content=\"https:\/\/craftsmecca.lt\/et\/garantii\/\" \/>\n<meta property=\"og:site_name\" content=\"Craftsmecca\" \/>\n<meta property=\"article:publisher\" content=\"https:\/\/www.facebook.com\/CraftsMecca\" \/>\n<meta property=\"article:modified_time\" content=\"2025-09-02T14:12:28+00:00\" \/>\n<meta name=\"twitter:card\" content=\"summary_large_image\" \/>\n<meta name=\"twitter:label1\" content=\"Est. reading time\" \/>\n\t<meta name=\"twitter:data1\" content=\"5 minutit\" \/>\n<script type=\"application\/ld+json\" class=\"yoast-schema-graph\">{\"@context\":\"https:\/\/schema.org\",\"@graph\":[{\"@type\":\"WebPage\",\"@id\":\"https:\/\/craftsmecca.lt\/et\/garantii\/\",\"url\":\"https:\/\/craftsmecca.lt\/et\/garantii\/\",\"name\":\"Garantii - Craftsmecca\",\"isPartOf\":{\"@id\":\"https:\/\/craftsmecca.lt\/et\/#website\"},\"datePublished\":\"2025-08-19T07:31:23+00:00\",\"dateModified\":\"2025-09-02T14:12:28+00:00\",\"breadcrumb\":{\"@id\":\"https:\/\/craftsmecca.lt\/et\/garantii\/#breadcrumb\"},\"inLanguage\":\"et\",\"potentialAction\":[{\"@type\":\"ReadAction\",\"target\":[\"https:\/\/craftsmecca.lt\/et\/garantii\/\"]}]},{\"@type\":\"BreadcrumbList\",\"@id\":\"https:\/\/craftsmecca.lt\/et\/garantii\/#breadcrumb\",\"itemListElement\":[{\"@type\":\"ListItem\",\"position\":1,\"name\":\"Home\",\"item\":\"https:\/\/craftsmecca.lt\/et\/\"},{\"@type\":\"ListItem\",\"position\":2,\"name\":\"Garantii\"}]},{\"@type\":\"WebSite\",\"@id\":\"https:\/\/craftsmecca.lt\/et\/#website\",\"url\":\"https:\/\/craftsmecca.lt\/et\/\",\"name\":\"Craftsmecca\",\"description\":\"\",\"publisher\":{\"@id\":\"https:\/\/craftsmecca.lt\/et\/#organization\"},\"potentialAction\":[{\"@type\":\"SearchAction\",\"target\":{\"@type\":\"EntryPoint\",\"urlTemplate\":\"https:\/\/craftsmecca.lt\/et\/?s={search_term_string}\"},\"query-input\":{\"@type\":\"PropertyValueSpecification\",\"valueRequired\":true,\"valueName\":\"search_term_string\"}}],\"inLanguage\":\"et\"},{\"@type\":\"Organization\",\"@id\":\"https:\/\/craftsmecca.lt\/et\/#organization\",\"name\":\"Craftsmecca\",\"url\":\"https:\/\/craftsmecca.lt\/et\/\",\"logo\":{\"@type\":\"ImageObject\",\"inLanguage\":\"et\",\"@id\":\"https:\/\/craftsmecca.lt\/et\/#\/schema\/logo\/image\/\",\"url\":\"https:\/\/craftsmecca.lt\/wp-content\/uploads\/2025\/02\/CraftsMecca_logo-2.png\",\"contentUrl\":\"https:\/\/craftsmecca.lt\/wp-content\/uploads\/2025\/02\/CraftsMecca_logo-2.png\",\"width\":828,\"height\":306,\"caption\":\"Craftsmecca\"},\"image\":{\"@id\":\"https:\/\/craftsmecca.lt\/et\/#\/schema\/logo\/image\/\"},\"sameAs\":[\"https:\/\/www.facebook.com\/CraftsMecca\",\"https:\/\/www.instagram.com\/crafts_mecca\/\",\"https:\/\/www.youtube.com\/@craftsmecca2835\/videos\"]}]}<\/script>\n<!-- \/ Yoast SEO plugin. -->","yoast_head_json":{"title":"Garantii - Craftsmecca","robots":{"index":"index","follow":"follow","max-snippet":"max-snippet:-1","max-image-preview":"max-image-preview:large","max-video-preview":"max-video-preview:-1"},"canonical":"https:\/\/craftsmecca.lt\/et\/garantii\/","og_locale":"et_EE","og_type":"article","og_title":"Garantii - Craftsmecca","og_description":"Crafts Mecca tagab, et k\u00f5ik meie tooted vastavad Leedu Vabariigi \u00f5igusaktides n\u00f5utud kvaliteedi- ja ohutusstandarditele. Iga toode on hoolikalt valitud, valmistatud vastavalt tehnilistele spetsifikatsioonidele ja vastab m\u00fc\u00fcgilepingu n\u00f5uetele. Garantii, mida me oma klientidele anname, mitte ainult ei kinnita toodete usaldusv\u00e4\u00e4rsust, vaid tagab ka nende ohutu ja pikaajalise kasutamise. Garantiitingimused Garantii kehtib ostut\u00f5endi esitamisel. See j\u00f5ustub [&hellip;]","og_url":"https:\/\/craftsmecca.lt\/et\/garantii\/","og_site_name":"Craftsmecca","article_publisher":"https:\/\/www.facebook.com\/CraftsMecca","article_modified_time":"2025-09-02T14:12:28+00:00","twitter_card":"summary_large_image","twitter_misc":{"Est. reading time":"5 minutit"},"schema":{"@context":"https:\/\/schema.org","@graph":[{"@type":"WebPage","@id":"https:\/\/craftsmecca.lt\/et\/garantii\/","url":"https:\/\/craftsmecca.lt\/et\/garantii\/","name":"Garantii - Craftsmecca","isPartOf":{"@id":"https:\/\/craftsmecca.lt\/et\/#website"},"datePublished":"2025-08-19T07:31:23+00:00","dateModified":"2025-09-02T14:12:28+00:00","breadcrumb":{"@id":"https:\/\/craftsmecca.lt\/et\/garantii\/#breadcrumb"},"inLanguage":"et","potentialAction":[{"@type":"ReadAction","target":["https:\/\/craftsmecca.lt\/et\/garantii\/"]}]},{"@type":"BreadcrumbList","@id":"https:\/\/craftsmecca.lt\/et\/garantii\/#breadcrumb","itemListElement":[{"@type":"ListItem","position":1,"name":"Home","item":"https:\/\/craftsmecca.lt\/et\/"},{"@type":"ListItem","position":2,"name":"Garantii"}]},{"@type":"WebSite","@id":"https:\/\/craftsmecca.lt\/et\/#website","url":"https:\/\/craftsmecca.lt\/et\/","name":"Craftsmecca","description":"","publisher":{"@id":"https:\/\/craftsmecca.lt\/et\/#organization"},"potentialAction":[{"@type":"SearchAction","target":{"@type":"EntryPoint","urlTemplate":"https:\/\/craftsmecca.lt\/et\/?s={search_term_string}"},"query-input":{"@type":"PropertyValueSpecification","valueRequired":true,"valueName":"search_term_string"}}],"inLanguage":"et"},{"@type":"Organization","@id":"https:\/\/craftsmecca.lt\/et\/#organization","name":"Craftsmecca","url":"https:\/\/craftsmecca.lt\/et\/","logo":{"@type":"ImageObject","inLanguage":"et","@id":"https:\/\/craftsmecca.lt\/et\/#\/schema\/logo\/image\/","url":"https:\/\/craftsmecca.lt\/wp-content\/uploads\/2025\/02\/CraftsMecca_logo-2.png","contentUrl":"https:\/\/craftsmecca.lt\/wp-content\/uploads\/2025\/02\/CraftsMecca_logo-2.png","width":828,"height":306,"caption":"Craftsmecca"},"image":{"@id":"https:\/\/craftsmecca.lt\/et\/#\/schema\/logo\/image\/"},"sameAs":["https:\/\/www.facebook.com\/CraftsMecca","https:\/\/www.instagram.com\/crafts_mecca\/","https:\/\/www.youtube.com\/@craftsmecca2835\/videos"]}]}},"_links":{"self":[{"href":"https:\/\/craftsmecca.lt\/et\/wp-json\/wp\/v2\/pages\/10425","targetHints":{"allow":["GET"]}}],"collection":[{"href":"https:\/\/craftsmecca.lt\/et\/wp-json\/wp\/v2\/pages"}],"about":[{"href":"https:\/\/craftsmecca.lt\/et\/wp-json\/wp\/v2\/types\/page"}],"author":[{"embeddable":true,"href":"https:\/\/craftsmecca.lt\/et\/wp-json\/wp\/v2\/users\/1"}],"replies":[{"embeddable":true,"href":"https:\/\/craftsmecca.lt\/et\/wp-json\/wp\/v2\/comments?post=10425"}],"version-history":[{"count":1,"href":"https:\/\/craftsmecca.lt\/et\/wp-json\/wp\/v2\/pages\/10425\/revisions"}],"predecessor-version":[{"id":10427,"href":"https:\/\/craftsmecca.lt\/et\/wp-json\/wp\/v2\/pages\/10425\/revisions\/10427"}],"wp:attachment":[{"href":"https:\/\/craftsmecca.lt\/et\/wp-json\/wp\/v2\/media?parent=10425"}],"curies":[{"name":"wp","href":"https:\/\/api.w.org\/{rel}","templated":true}]}}