{"id":5881,"date":"2025-03-12T12:54:35","date_gmt":"2025-03-12T12:54:35","guid":{"rendered":"https:\/\/craftsmecca.lt\/muud-tood\/labipaistvad-tentkatted\/"},"modified":"2025-07-09T14:13:28","modified_gmt":"2025-07-09T14:13:28","slug":"labipaistvad-tentkatted","status":"publish","type":"page","link":"https:\/\/craftsmecca.lt\/et\/muud-tood\/labipaistvad-tentkatted\/","title":{"rendered":"L\u00e4bipaistvad tentkatted"},"content":{"rendered":"\t\t<div data-elementor-type=\"wp-page\" data-elementor-id=\"5881\" class=\"elementor elementor-5881 elementor-2827\" data-elementor-post-type=\"page\">\n\t\t\t\t<div class=\"elementor-element elementor-element-2c81601 e-flex e-con-boxed e-con e-parent\" data-id=\"2c81601\" data-element_type=\"container\">\n\t\t\t\t\t<div class=\"e-con-inner\">\n\t\t\t\t<div class=\"elementor-element elementor-element-5fc2d73 elementor-absolute elementor-widget elementor-widget-button\" data-id=\"5fc2d73\" data-element_type=\"widget\" data-settings=\"{&quot;_position&quot;:&quot;absolute&quot;}\" data-widget_type=\"button.default\">\n\t\t\t\t\t\t\t\t\t\t<a class=\"elementor-button elementor-button-link elementor-size-sm\" href=\"https:\/\/craftsmecca.lt\/et\/muud-tood\/\">\n\t\t\t\t\t\t<span class=\"elementor-button-content-wrapper\">\n\t\t\t\t\t\t<span class=\"elementor-button-icon\">\n\t\t\t\t<svg aria-hidden=\"true\" class=\"e-font-icon-svg e-fas-arrow-left\" viewBox=\"0 0 448 512\" xmlns=\"http:\/\/www.w3.org\/2000\/svg\"><path d=\"M257.5 445.1l-22.2 22.2c-9.4 9.4-24.6 9.4-33.9 0L7 273c-9.4-9.4-9.4-24.6 0-33.9L201.4 44.7c9.4-9.4 24.6-9.4 33.9 0l22.2 22.2c9.5 9.5 9.3 25-.4 34.3L136.6 216H424c13.3 0 24 10.7 24 24v32c0 13.3-10.7 24-24 24H136.6l120.5 114.8c9.8 9.3 10 24.8.4 34.3z\"><\/path><\/svg>\t\t\t<\/span>\n\t\t\t\t\t\t\t\t\t<span class=\"elementor-button-text\"> <\/span>\n\t\t\t\t\t<\/span>\n\t\t\t\t\t<\/a>\n\t\t\t\t\t\t\t\t<\/div>\n\t\t\t\t<div class=\"elementor-element elementor-element-d536254 elementor-widget elementor-widget-text-editor\" data-id=\"d536254\" data-element_type=\"widget\" data-widget_type=\"text-editor.default\">\n\t\t\t\t\t\t\t\t\t<p><strong>L\u00e4bipaistvad tentkatted<\/strong> kaitsevad suurep\u00e4raselt teie terrassi ja varjualust vihma, lume ja tuule eest. Sellised tentkatted on vastupidavad, ei karda niiskust, kuumust ega k\u00fclma. Need on l\u00e4bipaistvad nagu klaas ja neid on lihtne hooldada.  <\/p><p>See on suurep\u00e4rane kaitse, kui m\u00f5elda terrasside ja lehtlate p\u00f5randate ja m\u00f6\u00f6bli pikaajalisele kaitsmisele m\u00e4danemise ja kiire esteetilise v\u00e4limuse kadumise eest. Meil valitsevate niiskete ilmadega ei j\u00f5ua lehtla v\u00f5i terrassi puitp\u00f5rand ja puitm\u00f6\u00f6bel lihtsalt kuivada ning muutub niiskust imavaks ja &#8220;s\u00e4ilitavaks&#8221; k\u00e4snaks, mille tulemusena hakkab m\u00e4danema, v\u00e4rv ja lakk hakkavad maha kooruma ja ei aita immutusvahendid. P\u00e4rast paari sellist hooaega kaotavad esemed oma esialgse ilu ning neid tuleb pesta ja \u00fcle v\u00e4rvida, mis on lisakulu ja ajaraiskamine, mille v\u00f5iks puhkamiseks kulutada. Sellises olukorras tulevad appi <strong>l\u00e4bipaistvad tentkatted<\/strong>, PVC tentkate v\u00f5i katted terasssidele ja varjualustele.   <\/p><p>Iga klient saab valida, millist varianti ta kasutada soovib, kas selleks on l\u00e4bipaistev tentkate v\u00f5i PVC tentkate, teeme valitud materjalist kliendi objektile vastavalt vajaliku kuju ning valime v\u00e4lja kliendile sobivaimad ja meelep\u00e4rasemad kinnitused. Katete jaoks kasutatav l\u00e4bipaistev tentkate on Euroopa tootjate toode, mis vastab k\u00f5rgetele tehnilistele omadustele, ei karda temperatuurimuutusi ning on kasutatav aastaringselt, aastaid. <\/p><p>Hoolitsege oma olemasolevate varjualuste ja terrasside eest juba t\u00e4na ning te ei pea palju kulutama v\u00e4rvimisele ja kahjustatud puitkonstruktsiooniosade ning m\u00f6\u00f6bli asendamisele.<\/p><p><strong>L\u00e4bipaistvad tentkatted<\/strong> lehtlate, terrasside ja autovarjualuste jaoks.<\/p>\t\t\t\t\t\t\t\t<\/div>\n\t\t\t\t<div class=\"elementor-element elementor-element-7e4103e elementor-widget elementor-widget-gallery\" data-id=\"7e4103e\" data-element_type=\"widget\" data-settings=\"{&quot;image_hover_animation&quot;:&quot;grow&quot;,&quot;lazyload&quot;:&quot;yes&quot;,&quot;gallery_layout&quot;:&quot;grid&quot;,&quot;columns&quot;:4,&quot;columns_tablet&quot;:2,&quot;columns_mobile&quot;:1,&quot;gap&quot;:{&quot;unit&quot;:&quot;px&quot;,&quot;size&quot;:10,&quot;sizes&quot;:[]},&quot;gap_tablet&quot;:{&quot;unit&quot;:&quot;px&quot;,&quot;size&quot;:10,&quot;sizes&quot;:[]},&quot;gap_mobile&quot;:{&quot;unit&quot;:&quot;px&quot;,&quot;size&quot;:10,&quot;sizes&quot;:[]},&quot;link_to&quot;:&quot;file&quot;,&quot;aspect_ratio&quot;:&quot;3:2&quot;,&quot;overlay_background&quot;:&quot;yes&quot;,&quot;content_hover_animation&quot;:&quot;fade-in&quot;}\" data-widget_type=\"gallery.default\">\n\t\t\t\t\t\t\t<div class=\"elementor-gallery__container\">\n\t\t\t\t\t\t\t<a class=\"e-gallery-item elementor-gallery-item elementor-animated-content\" href=\"https:\/\/craftsmecca.lt\/wp-content\/uploads\/2025\/03\/skaidrus-tentas1.jpg\" data-elementor-open-lightbox=\"yes\" data-elementor-lightbox-slideshow=\"7e4103e\" data-elementor-lightbox-title=\"skaidrus-tentas1\" data-e-action-hash=\"#elementor-action%3Aaction%3Dlightbox%26settings%3DeyJpZCI6Nzk2NiwidXJsIjoiaHR0cHM6XC9cL2NyYWZ0c21lY2NhLmx0XC93cC1jb250ZW50XC91cGxvYWRzXC8yMDI1XC8wM1wvc2thaWRydXMtdGVudGFzMS5qcGciLCJzbGlkZXNob3ciOiI3ZTQxMDNlIn0%3D\">\n\t\t\t\t\t<div class=\"e-gallery-image elementor-gallery-item__image\" data-thumbnail=\"https:\/\/craftsmecca.lt\/wp-content\/uploads\/2025\/03\/skaidrus-tentas1-300x204.jpg\" data-width=\"300\" data-height=\"204\" aria-label=\"\" role=\"img\" ><\/div>\n\t\t\t\t\t\t\t\t\t\t\t<div class=\"elementor-gallery-item__overlay\"><\/div>\n\t\t\t\t\t\t\t\t\t\t\t\t\t\t<\/a>\n\t\t\t\t\t\t\t<a class=\"e-gallery-item elementor-gallery-item elementor-animated-content\" href=\"https:\/\/craftsmecca.lt\/wp-content\/uploads\/2025\/03\/skaidrus-tentas2.jpg\" data-elementor-open-lightbox=\"yes\" data-elementor-lightbox-slideshow=\"7e4103e\" data-elementor-lightbox-title=\"skaidrus-tentas2\" data-e-action-hash=\"#elementor-action%3Aaction%3Dlightbox%26settings%3DeyJpZCI6Nzk2OSwidXJsIjoiaHR0cHM6XC9cL2NyYWZ0c21lY2NhLmx0XC93cC1jb250ZW50XC91cGxvYWRzXC8yMDI1XC8wM1wvc2thaWRydXMtdGVudGFzMi5qcGciLCJzbGlkZXNob3ciOiI3ZTQxMDNlIn0%3D\">\n\t\t\t\t\t<div class=\"e-gallery-image elementor-gallery-item__image\" data-thumbnail=\"https:\/\/craftsmecca.lt\/wp-content\/uploads\/2025\/03\/skaidrus-tentas2-300x204.jpg\" data-width=\"300\" data-height=\"204\" aria-label=\"\" role=\"img\" ><\/div>\n\t\t\t\t\t\t\t\t\t\t\t<div class=\"elementor-gallery-item__overlay\"><\/div>\n\t\t\t\t\t\t\t\t\t\t\t\t\t\t<\/a>\n\t\t\t\t\t\t\t<a class=\"e-gallery-item elementor-gallery-item elementor-animated-content\" href=\"https:\/\/craftsmecca.lt\/wp-content\/uploads\/2025\/03\/skaidrus-tentas3.jpg\" data-elementor-open-lightbox=\"yes\" data-elementor-lightbox-slideshow=\"7e4103e\" data-elementor-lightbox-title=\"skaidrus-tentas3\" data-e-action-hash=\"#elementor-action%3Aaction%3Dlightbox%26settings%3DeyJpZCI6Nzk3MiwidXJsIjoiaHR0cHM6XC9cL2NyYWZ0c21lY2NhLmx0XC93cC1jb250ZW50XC91cGxvYWRzXC8yMDI1XC8wM1wvc2thaWRydXMtdGVudGFzMy5qcGciLCJzbGlkZXNob3ciOiI3ZTQxMDNlIn0%3D\">\n\t\t\t\t\t<div class=\"e-gallery-image elementor-gallery-item__image\" data-thumbnail=\"https:\/\/craftsmecca.lt\/wp-content\/uploads\/2025\/03\/skaidrus-tentas3-300x204.jpg\" data-width=\"300\" data-height=\"204\" aria-label=\"\" role=\"img\" ><\/div>\n\t\t\t\t\t\t\t\t\t\t\t<div class=\"elementor-gallery-item__overlay\"><\/div>\n\t\t\t\t\t\t\t\t\t\t\t\t\t\t<\/a>\n\t\t\t\t\t\t\t<a class=\"e-gallery-item elementor-gallery-item elementor-animated-content\" href=\"https:\/\/craftsmecca.lt\/wp-content\/uploads\/2025\/03\/skaidrus-tentas4.jpg\" data-elementor-open-lightbox=\"yes\" data-elementor-lightbox-slideshow=\"7e4103e\" data-elementor-lightbox-title=\"skaidrus-tentas4\" data-e-action-hash=\"#elementor-action%3Aaction%3Dlightbox%26settings%3DeyJpZCI6Nzk3NSwidXJsIjoiaHR0cHM6XC9cL2NyYWZ0c21lY2NhLmx0XC93cC1jb250ZW50XC91cGxvYWRzXC8yMDI1XC8wM1wvc2thaWRydXMtdGVudGFzNC5qcGciLCJzbGlkZXNob3ciOiI3ZTQxMDNlIn0%3D\">\n\t\t\t\t\t<div class=\"e-gallery-image elementor-gallery-item__image\" data-thumbnail=\"https:\/\/craftsmecca.lt\/wp-content\/uploads\/2025\/03\/skaidrus-tentas4-300x204.jpg\" data-width=\"300\" data-height=\"204\" aria-label=\"\" role=\"img\" ><\/div>\n\t\t\t\t\t\t\t\t\t\t\t<div class=\"elementor-gallery-item__overlay\"><\/div>\n\t\t\t\t\t\t\t\t\t\t\t\t\t\t<\/a>\n\t\t\t\t\t<\/div>\n\t\t\t\t\t<\/div>\n\t\t\t\t\t<\/div>\n\t\t\t\t<\/div>\n\t\t\t\t<\/div>\n\t\t","protected":false},"excerpt":{"rendered":"<p>L\u00e4bipaistvad tentkatted kaitsevad suurep\u00e4raselt teie terrassi ja varjualust vihma, lume ja tuule eest. Sellised tentkatted on vastupidavad, ei karda niiskust, kuumust ega k\u00fclma. Need on l\u00e4bipaistvad nagu klaas ja neid on lihtne hooldada. See on suurep\u00e4rane kaitse, kui m\u00f5elda terrasside ja lehtlate p\u00f5randate ja m\u00f6\u00f6bli pikaajalisele kaitsmisele m\u00e4danemise ja kiire esteetilise v\u00e4limuse kadumise eest. Meil [&hellip;]<\/p>\n","protected":false},"author":1,"featured_media":5824,"parent":5819,"menu_order":0,"comment_status":"closed","ping_status":"closed","template":"","meta":{"footnotes":""},"class_list":["post-5881","page","type-page","status-publish","has-post-thumbnail","hentry"],"blocksy_meta":[],"yoast_head":"<!-- This site is optimized with the Yoast SEO plugin v26.3 - https:\/\/yoast.com\/wordpress\/plugins\/seo\/ -->\n<title>L\u00e4bipaistvad tentkatted - lahendused terrassidele - Craftsmecca<\/title>\n<meta name=\"description\" content=\"L\u00e4bipaistvad tentid kaitsevad vihma ja tuule eest, s\u00e4ilitades valguse. Sobivad terrassidele ja v\u00e4likohvikutele.\" \/>\n<meta name=\"robots\" content=\"index, follow, max-snippet:-1, max-image-preview:large, max-video-preview:-1\" \/>\n<link rel=\"canonical\" href=\"https:\/\/craftsmecca.lt\/et\/muud-tood\/labipaistvad-tentkatted\/\" \/>\n<meta property=\"og:locale\" content=\"et_EE\" \/>\n<meta property=\"og:type\" content=\"article\" \/>\n<meta property=\"og:title\" content=\"L\u00e4bipaistvad tentkatted - lahendused terrassidele - Craftsmecca\" \/>\n<meta property=\"og:description\" content=\"L\u00e4bipaistvad tentid kaitsevad vihma ja tuule eest, s\u00e4ilitades valguse. Sobivad terrassidele ja v\u00e4likohvikutele.\" \/>\n<meta property=\"og:url\" content=\"https:\/\/craftsmecca.lt\/et\/muud-tood\/labipaistvad-tentkatted\/\" \/>\n<meta property=\"og:site_name\" content=\"Craftsmecca\" \/>\n<meta property=\"article:publisher\" content=\"https:\/\/www.facebook.com\/CraftsMecca\" \/>\n<meta property=\"article:modified_time\" content=\"2025-07-09T14:13:28+00:00\" \/>\n<meta property=\"og:image\" content=\"https:\/\/craftsmecca.lt\/wp-content\/uploads\/2025\/03\/category-2-9-skaidrus-tentas1.jpg\" \/>\n\t<meta property=\"og:image:width\" content=\"882\" \/>\n\t<meta property=\"og:image:height\" content=\"600\" \/>\n\t<meta property=\"og:image:type\" content=\"image\/jpeg\" \/>\n<meta name=\"twitter:card\" content=\"summary_large_image\" \/>\n<meta name=\"twitter:label1\" content=\"Est. reading time\" \/>\n\t<meta name=\"twitter:data1\" content=\"1 minut\" \/>\n<script type=\"application\/ld+json\" class=\"yoast-schema-graph\">{\"@context\":\"https:\/\/schema.org\",\"@graph\":[{\"@type\":\"WebPage\",\"@id\":\"https:\/\/craftsmecca.lt\/et\/muud-tood\/labipaistvad-tentkatted\/\",\"url\":\"https:\/\/craftsmecca.lt\/et\/muud-tood\/labipaistvad-tentkatted\/\",\"name\":\"L\u00e4bipaistvad tentkatted - lahendused terrassidele - Craftsmecca\",\"isPartOf\":{\"@id\":\"https:\/\/craftsmecca.lt\/et\/#website\"},\"primaryImageOfPage\":{\"@id\":\"https:\/\/craftsmecca.lt\/et\/muud-tood\/labipaistvad-tentkatted\/#primaryimage\"},\"image\":{\"@id\":\"https:\/\/craftsmecca.lt\/et\/muud-tood\/labipaistvad-tentkatted\/#primaryimage\"},\"thumbnailUrl\":\"https:\/\/craftsmecca.lt\/wp-content\/uploads\/2025\/03\/category-2-9-skaidrus-tentas1.jpg\",\"datePublished\":\"2025-03-12T12:54:35+00:00\",\"dateModified\":\"2025-07-09T14:13:28+00:00\",\"description\":\"L\u00e4bipaistvad tentid kaitsevad vihma ja tuule eest, s\u00e4ilitades valguse. Sobivad terrassidele ja v\u00e4likohvikutele.\",\"breadcrumb\":{\"@id\":\"https:\/\/craftsmecca.lt\/et\/muud-tood\/labipaistvad-tentkatted\/#breadcrumb\"},\"inLanguage\":\"et\",\"potentialAction\":[{\"@type\":\"ReadAction\",\"target\":[\"https:\/\/craftsmecca.lt\/et\/muud-tood\/labipaistvad-tentkatted\/\"]}]},{\"@type\":\"ImageObject\",\"inLanguage\":\"et\",\"@id\":\"https:\/\/craftsmecca.lt\/et\/muud-tood\/labipaistvad-tentkatted\/#primaryimage\",\"url\":\"https:\/\/craftsmecca.lt\/wp-content\/uploads\/2025\/03\/category-2-9-skaidrus-tentas1.jpg\",\"contentUrl\":\"https:\/\/craftsmecca.lt\/wp-content\/uploads\/2025\/03\/category-2-9-skaidrus-tentas1.jpg\",\"width\":882,\"height\":600,\"caption\":\"Skaidrus tentas craftsmecca\"},{\"@type\":\"BreadcrumbList\",\"@id\":\"https:\/\/craftsmecca.lt\/et\/muud-tood\/labipaistvad-tentkatted\/#breadcrumb\",\"itemListElement\":[{\"@type\":\"ListItem\",\"position\":1,\"name\":\"Home\",\"item\":\"https:\/\/craftsmecca.lt\/et\/\"},{\"@type\":\"ListItem\",\"position\":2,\"name\":\"Muud t\u00f6\u00f6d\",\"item\":\"https:\/\/craftsmecca.lt\/et\/muud-tood\/\"},{\"@type\":\"ListItem\",\"position\":3,\"name\":\"L\u00e4bipaistvad tentkatted\"}]},{\"@type\":\"WebSite\",\"@id\":\"https:\/\/craftsmecca.lt\/et\/#website\",\"url\":\"https:\/\/craftsmecca.lt\/et\/\",\"name\":\"Craftsmecca\",\"description\":\"\",\"publisher\":{\"@id\":\"https:\/\/craftsmecca.lt\/et\/#organization\"},\"potentialAction\":[{\"@type\":\"SearchAction\",\"target\":{\"@type\":\"EntryPoint\",\"urlTemplate\":\"https:\/\/craftsmecca.lt\/et\/?s={search_term_string}\"},\"query-input\":{\"@type\":\"PropertyValueSpecification\",\"valueRequired\":true,\"valueName\":\"search_term_string\"}}],\"inLanguage\":\"et\"},{\"@type\":\"Organization\",\"@id\":\"https:\/\/craftsmecca.lt\/et\/#organization\",\"name\":\"Craftsmecca\",\"url\":\"https:\/\/craftsmecca.lt\/et\/\",\"logo\":{\"@type\":\"ImageObject\",\"inLanguage\":\"et\",\"@id\":\"https:\/\/craftsmecca.lt\/et\/#\/schema\/logo\/image\/\",\"url\":\"https:\/\/craftsmecca.lt\/wp-content\/uploads\/2025\/02\/CraftsMecca_logo-2.png\",\"contentUrl\":\"https:\/\/craftsmecca.lt\/wp-content\/uploads\/2025\/02\/CraftsMecca_logo-2.png\",\"width\":828,\"height\":306,\"caption\":\"Craftsmecca\"},\"image\":{\"@id\":\"https:\/\/craftsmecca.lt\/et\/#\/schema\/logo\/image\/\"},\"sameAs\":[\"https:\/\/www.facebook.com\/CraftsMecca\",\"https:\/\/www.instagram.com\/crafts_mecca\/\",\"https:\/\/www.youtube.com\/@craftsmecca2835\/videos\"]}]}<\/script>\n<!-- \/ Yoast SEO plugin. -->","yoast_head_json":{"title":"L\u00e4bipaistvad tentkatted - lahendused terrassidele - Craftsmecca","description":"L\u00e4bipaistvad tentid kaitsevad vihma ja tuule eest, s\u00e4ilitades valguse. Sobivad terrassidele ja v\u00e4likohvikutele.","robots":{"index":"index","follow":"follow","max-snippet":"max-snippet:-1","max-image-preview":"max-image-preview:large","max-video-preview":"max-video-preview:-1"},"canonical":"https:\/\/craftsmecca.lt\/et\/muud-tood\/labipaistvad-tentkatted\/","og_locale":"et_EE","og_type":"article","og_title":"L\u00e4bipaistvad tentkatted - lahendused terrassidele - Craftsmecca","og_description":"L\u00e4bipaistvad tentid kaitsevad vihma ja tuule eest, s\u00e4ilitades valguse. Sobivad terrassidele ja v\u00e4likohvikutele.","og_url":"https:\/\/craftsmecca.lt\/et\/muud-tood\/labipaistvad-tentkatted\/","og_site_name":"Craftsmecca","article_publisher":"https:\/\/www.facebook.com\/CraftsMecca","article_modified_time":"2025-07-09T14:13:28+00:00","og_image":[{"width":882,"height":600,"url":"https:\/\/craftsmecca.lt\/wp-content\/uploads\/2025\/03\/category-2-9-skaidrus-tentas1.jpg","type":"image\/jpeg"}],"twitter_card":"summary_large_image","twitter_misc":{"Est. reading time":"1 minut"},"schema":{"@context":"https:\/\/schema.org","@graph":[{"@type":"WebPage","@id":"https:\/\/craftsmecca.lt\/et\/muud-tood\/labipaistvad-tentkatted\/","url":"https:\/\/craftsmecca.lt\/et\/muud-tood\/labipaistvad-tentkatted\/","name":"L\u00e4bipaistvad tentkatted - lahendused terrassidele - Craftsmecca","isPartOf":{"@id":"https:\/\/craftsmecca.lt\/et\/#website"},"primaryImageOfPage":{"@id":"https:\/\/craftsmecca.lt\/et\/muud-tood\/labipaistvad-tentkatted\/#primaryimage"},"image":{"@id":"https:\/\/craftsmecca.lt\/et\/muud-tood\/labipaistvad-tentkatted\/#primaryimage"},"thumbnailUrl":"https:\/\/craftsmecca.lt\/wp-content\/uploads\/2025\/03\/category-2-9-skaidrus-tentas1.jpg","datePublished":"2025-03-12T12:54:35+00:00","dateModified":"2025-07-09T14:13:28+00:00","description":"L\u00e4bipaistvad tentid kaitsevad vihma ja tuule eest, s\u00e4ilitades valguse. Sobivad terrassidele ja v\u00e4likohvikutele.","breadcrumb":{"@id":"https:\/\/craftsmecca.lt\/et\/muud-tood\/labipaistvad-tentkatted\/#breadcrumb"},"inLanguage":"et","potentialAction":[{"@type":"ReadAction","target":["https:\/\/craftsmecca.lt\/et\/muud-tood\/labipaistvad-tentkatted\/"]}]},{"@type":"ImageObject","inLanguage":"et","@id":"https:\/\/craftsmecca.lt\/et\/muud-tood\/labipaistvad-tentkatted\/#primaryimage","url":"https:\/\/craftsmecca.lt\/wp-content\/uploads\/2025\/03\/category-2-9-skaidrus-tentas1.jpg","contentUrl":"https:\/\/craftsmecca.lt\/wp-content\/uploads\/2025\/03\/category-2-9-skaidrus-tentas1.jpg","width":882,"height":600,"caption":"Skaidrus tentas craftsmecca"},{"@type":"BreadcrumbList","@id":"https:\/\/craftsmecca.lt\/et\/muud-tood\/labipaistvad-tentkatted\/#breadcrumb","itemListElement":[{"@type":"ListItem","position":1,"name":"Home","item":"https:\/\/craftsmecca.lt\/et\/"},{"@type":"ListItem","position":2,"name":"Muud t\u00f6\u00f6d","item":"https:\/\/craftsmecca.lt\/et\/muud-tood\/"},{"@type":"ListItem","position":3,"name":"L\u00e4bipaistvad tentkatted"}]},{"@type":"WebSite","@id":"https:\/\/craftsmecca.lt\/et\/#website","url":"https:\/\/craftsmecca.lt\/et\/","name":"Craftsmecca","description":"","publisher":{"@id":"https:\/\/craftsmecca.lt\/et\/#organization"},"potentialAction":[{"@type":"SearchAction","target":{"@type":"EntryPoint","urlTemplate":"https:\/\/craftsmecca.lt\/et\/?s={search_term_string}"},"query-input":{"@type":"PropertyValueSpecification","valueRequired":true,"valueName":"search_term_string"}}],"inLanguage":"et"},{"@type":"Organization","@id":"https:\/\/craftsmecca.lt\/et\/#organization","name":"Craftsmecca","url":"https:\/\/craftsmecca.lt\/et\/","logo":{"@type":"ImageObject","inLanguage":"et","@id":"https:\/\/craftsmecca.lt\/et\/#\/schema\/logo\/image\/","url":"https:\/\/craftsmecca.lt\/wp-content\/uploads\/2025\/02\/CraftsMecca_logo-2.png","contentUrl":"https:\/\/craftsmecca.lt\/wp-content\/uploads\/2025\/02\/CraftsMecca_logo-2.png","width":828,"height":306,"caption":"Craftsmecca"},"image":{"@id":"https:\/\/craftsmecca.lt\/et\/#\/schema\/logo\/image\/"},"sameAs":["https:\/\/www.facebook.com\/CraftsMecca","https:\/\/www.instagram.com\/crafts_mecca\/","https:\/\/www.youtube.com\/@craftsmecca2835\/videos"]}]}},"_links":{"self":[{"href":"https:\/\/craftsmecca.lt\/et\/wp-json\/wp\/v2\/pages\/5881","targetHints":{"allow":["GET"]}}],"collection":[{"href":"https:\/\/craftsmecca.lt\/et\/wp-json\/wp\/v2\/pages"}],"about":[{"href":"https:\/\/craftsmecca.lt\/et\/wp-json\/wp\/v2\/types\/page"}],"author":[{"embeddable":true,"href":"https:\/\/craftsmecca.lt\/et\/wp-json\/wp\/v2\/users\/1"}],"replies":[{"embeddable":true,"href":"https:\/\/craftsmecca.lt\/et\/wp-json\/wp\/v2\/comments?post=5881"}],"version-history":[{"count":3,"href":"https:\/\/craftsmecca.lt\/et\/wp-json\/wp\/v2\/pages\/5881\/revisions"}],"predecessor-version":[{"id":9615,"href":"https:\/\/craftsmecca.lt\/et\/wp-json\/wp\/v2\/pages\/5881\/revisions\/9615"}],"up":[{"embeddable":true,"href":"https:\/\/craftsmecca.lt\/et\/wp-json\/wp\/v2\/pages\/5819"}],"wp:featuredmedia":[{"embeddable":true,"href":"https:\/\/craftsmecca.lt\/et\/wp-json\/wp\/v2\/media\/5824"}],"wp:attachment":[{"href":"https:\/\/craftsmecca.lt\/et\/wp-json\/wp\/v2\/media?parent=5881"}],"curies":[{"name":"wp","href":"https:\/\/api.w.org\/{rel}","templated":true}]}}