{"id":5883,"date":"2025-03-12T12:41:43","date_gmt":"2025-03-12T12:41:43","guid":{"rendered":"https:\/\/craftsmecca.lt\/muud-tood\/kuplid\/"},"modified":"2025-07-09T14:12:50","modified_gmt":"2025-07-09T14:12:50","slug":"kuplid","status":"publish","type":"page","link":"https:\/\/craftsmecca.lt\/et\/muud-tood\/kuplid\/","title":{"rendered":"KUPLID"},"content":{"rendered":"\t\t<div data-elementor-type=\"wp-page\" data-elementor-id=\"5883\" class=\"elementor elementor-5883 elementor-2810\" data-elementor-post-type=\"page\">\n\t\t\t\t<div class=\"elementor-element elementor-element-b30ceae e-flex e-con-boxed e-con e-parent\" data-id=\"b30ceae\" data-element_type=\"container\">\n\t\t\t\t\t<div class=\"e-con-inner\">\n\t\t\t\t<div class=\"elementor-element elementor-element-d2d5e27 elementor-absolute elementor-widget elementor-widget-button\" data-id=\"d2d5e27\" data-element_type=\"widget\" data-settings=\"{&quot;_position&quot;:&quot;absolute&quot;}\" data-widget_type=\"button.default\">\n\t\t\t\t\t\t\t\t\t\t<a class=\"elementor-button elementor-button-link elementor-size-sm\" href=\"https:\/\/craftsmecca.lt\/et\/muud-tood\/\">\n\t\t\t\t\t\t<span class=\"elementor-button-content-wrapper\">\n\t\t\t\t\t\t<span class=\"elementor-button-icon\">\n\t\t\t\t<svg aria-hidden=\"true\" class=\"e-font-icon-svg e-fas-arrow-left\" viewBox=\"0 0 448 512\" xmlns=\"http:\/\/www.w3.org\/2000\/svg\"><path d=\"M257.5 445.1l-22.2 22.2c-9.4 9.4-24.6 9.4-33.9 0L7 273c-9.4-9.4-9.4-24.6 0-33.9L201.4 44.7c9.4-9.4 24.6-9.4 33.9 0l22.2 22.2c9.5 9.5 9.3 25-.4 34.3L136.6 216H424c13.3 0 24 10.7 24 24v32c0 13.3-10.7 24-24 24H136.6l120.5 114.8c9.8 9.3 10 24.8.4 34.3z\"><\/path><\/svg>\t\t\t<\/span>\n\t\t\t\t\t\t\t\t\t<span class=\"elementor-button-text\"> <\/span>\n\t\t\t\t\t<\/span>\n\t\t\t\t\t<\/a>\n\t\t\t\t\t\t\t\t<\/div>\n\t\t\t\t<div class=\"elementor-element elementor-element-34fef30 elementor-widget elementor-widget-text-editor\" data-id=\"34fef30\" data-element_type=\"widget\" data-widget_type=\"text-editor.default\">\n\t\t\t\t\t\t\t\t\t<p>Kuplid on kumera kujuga ajutised konstruktsioonid, mis on kiiresti kokkupandavad ning vajadusel eemaldatavad ja transporditavad. Kuplid n\u00e4evad muljetavaldavad v\u00e4lja, olgu tegemist maamaja, linna v\u00f5i rannaga, need t\u00f5mbavad endale alati ja k\u00f5ikjal \u00fcmbritsevate t\u00e4helepanu. Lisaks kuplite muljetavaldavale v\u00e4limusele on neil ka muid kasulikke omadusi:<br>kaldus kuju s\u00e4ilitab suure tuule- ja lumekoormuse ilma t\u00e4iendavate tugevdusteta. Konstruktsioon on lihtsalt ja kiiresti kokkupandav, s\u00e4\u00e4stab aega ja raha. V\u00e4iksem pindala v\u00f5imaldab s\u00e4\u00e4sta materjalide arvel (v\u00f5rreldes teiste vormidega). Suurep\u00e4rane akustika, mis on s\u00fcndmuste puhul v\u00e4ga oluline detail. V\u00e4iksem maht s\u00e4\u00e4stab ventilatsiooni\/k\u00fcttekulusid.      <\/p><p>Meie meeskond pakub hetkel tentkattest materjaliga (PVC tentkate) kaetud metallkonstruktsioonidest kokkupandavaid kupleid vastavalt kliendi valitud v\u00e4rvipaletile. Materjal on joodetud professionaalsete k\u00f5rgsagedusseadmetega, mis tagab \u00f5mbluste vastupidavuse ja t\u00f6\u00f6kindluse ka suure koormuse korral. Pakume j\u00e4rgmisi kupleid:<br>Kuplid &#8211; v\u00e4likohvikute, suverestoranide ja rannalounge\u2019i terrasside, lavade, lavade ja kontsertide jaoks, n\u00e4ituste ja ekspositsioonide paviljonid, kasvuhooned ja talveaiad.  <\/p><p>Vastavalt kliendi vajadustele pakume v\u00e4lja sobivaima kupli v\u00f5i kuplite moodulkompleksi, kui mitu kuplit kombineeritakse valitud kuplite massiiviks. <\/p>\t\t\t\t\t\t\t\t<\/div>\n\t\t\t\t<div class=\"elementor-element elementor-element-e588c90 elementor-widget elementor-widget-gallery\" data-id=\"e588c90\" data-element_type=\"widget\" data-settings=\"{&quot;image_hover_animation&quot;:&quot;grow&quot;,&quot;lazyload&quot;:&quot;yes&quot;,&quot;gallery_layout&quot;:&quot;grid&quot;,&quot;columns&quot;:4,&quot;columns_tablet&quot;:2,&quot;columns_mobile&quot;:1,&quot;gap&quot;:{&quot;unit&quot;:&quot;px&quot;,&quot;size&quot;:10,&quot;sizes&quot;:[]},&quot;gap_tablet&quot;:{&quot;unit&quot;:&quot;px&quot;,&quot;size&quot;:10,&quot;sizes&quot;:[]},&quot;gap_mobile&quot;:{&quot;unit&quot;:&quot;px&quot;,&quot;size&quot;:10,&quot;sizes&quot;:[]},&quot;link_to&quot;:&quot;file&quot;,&quot;aspect_ratio&quot;:&quot;3:2&quot;,&quot;overlay_background&quot;:&quot;yes&quot;,&quot;content_hover_animation&quot;:&quot;fade-in&quot;}\" data-widget_type=\"gallery.default\">\n\t\t\t\t\t\t\t<div class=\"elementor-gallery__container\">\n\t\t\t\t\t\t\t<a class=\"e-gallery-item elementor-gallery-item elementor-animated-content\" href=\"https:\/\/craftsmecca.lt\/wp-content\/uploads\/2025\/03\/kupolas1.jpg\" data-elementor-open-lightbox=\"yes\" data-elementor-lightbox-slideshow=\"e588c90\" data-elementor-lightbox-title=\"kupolas1\" data-e-action-hash=\"#elementor-action%3Aaction%3Dlightbox%26settings%3DeyJpZCI6Nzk0MiwidXJsIjoiaHR0cHM6XC9cL2NyYWZ0c21lY2NhLmx0XC93cC1jb250ZW50XC91cGxvYWRzXC8yMDI1XC8wM1wva3Vwb2xhczEuanBnIiwic2xpZGVzaG93IjoiZTU4OGM5MCJ9\">\n\t\t\t\t\t<div class=\"e-gallery-image elementor-gallery-item__image\" data-thumbnail=\"https:\/\/craftsmecca.lt\/wp-content\/uploads\/2025\/03\/kupolas1-300x200.jpg\" data-width=\"300\" data-height=\"200\" aria-label=\"\" role=\"img\" ><\/div>\n\t\t\t\t\t\t\t\t\t\t\t<div class=\"elementor-gallery-item__overlay\"><\/div>\n\t\t\t\t\t\t\t\t\t\t\t\t\t\t<\/a>\n\t\t\t\t\t\t\t<a class=\"e-gallery-item elementor-gallery-item elementor-animated-content\" href=\"https:\/\/craftsmecca.lt\/wp-content\/uploads\/2025\/03\/kupolas2.jpg\" data-elementor-open-lightbox=\"yes\" data-elementor-lightbox-slideshow=\"e588c90\" data-elementor-lightbox-title=\"kupolas2\" data-e-action-hash=\"#elementor-action%3Aaction%3Dlightbox%26settings%3DeyJpZCI6Nzk0NSwidXJsIjoiaHR0cHM6XC9cL2NyYWZ0c21lY2NhLmx0XC93cC1jb250ZW50XC91cGxvYWRzXC8yMDI1XC8wM1wva3Vwb2xhczIuanBnIiwic2xpZGVzaG93IjoiZTU4OGM5MCJ9\">\n\t\t\t\t\t<div class=\"e-gallery-image elementor-gallery-item__image\" data-thumbnail=\"https:\/\/craftsmecca.lt\/wp-content\/uploads\/2025\/03\/kupolas2-300x188.jpg\" data-width=\"300\" data-height=\"188\" aria-label=\"\" role=\"img\" ><\/div>\n\t\t\t\t\t\t\t\t\t\t\t<div class=\"elementor-gallery-item__overlay\"><\/div>\n\t\t\t\t\t\t\t\t\t\t\t\t\t\t<\/a>\n\t\t\t\t\t\t\t<a class=\"e-gallery-item elementor-gallery-item elementor-animated-content\" href=\"https:\/\/craftsmecca.lt\/wp-content\/uploads\/2025\/03\/kupolas3.jpg\" data-elementor-open-lightbox=\"yes\" data-elementor-lightbox-slideshow=\"e588c90\" data-elementor-lightbox-title=\"kupolas3\" data-e-action-hash=\"#elementor-action%3Aaction%3Dlightbox%26settings%3DeyJpZCI6Nzk0OCwidXJsIjoiaHR0cHM6XC9cL2NyYWZ0c21lY2NhLmx0XC93cC1jb250ZW50XC91cGxvYWRzXC8yMDI1XC8wM1wva3Vwb2xhczMuanBnIiwic2xpZGVzaG93IjoiZTU4OGM5MCJ9\">\n\t\t\t\t\t<div class=\"e-gallery-image elementor-gallery-item__image\" data-thumbnail=\"https:\/\/craftsmecca.lt\/wp-content\/uploads\/2025\/03\/kupolas3-300x157.jpg\" data-width=\"300\" data-height=\"157\" aria-label=\"\" role=\"img\" ><\/div>\n\t\t\t\t\t\t\t\t\t\t\t<div class=\"elementor-gallery-item__overlay\"><\/div>\n\t\t\t\t\t\t\t\t\t\t\t\t\t\t<\/a>\n\t\t\t\t\t\t\t<a class=\"e-gallery-item elementor-gallery-item elementor-animated-content\" href=\"https:\/\/craftsmecca.lt\/wp-content\/uploads\/2025\/03\/kupolas4.jpg\" data-elementor-open-lightbox=\"yes\" data-elementor-lightbox-slideshow=\"e588c90\" data-elementor-lightbox-title=\"kupolas4\" data-e-action-hash=\"#elementor-action%3Aaction%3Dlightbox%26settings%3DeyJpZCI6Nzk1MSwidXJsIjoiaHR0cHM6XC9cL2NyYWZ0c21lY2NhLmx0XC93cC1jb250ZW50XC91cGxvYWRzXC8yMDI1XC8wM1wva3Vwb2xhczQuanBnIiwic2xpZGVzaG93IjoiZTU4OGM5MCJ9\">\n\t\t\t\t\t<div class=\"e-gallery-image elementor-gallery-item__image\" data-thumbnail=\"https:\/\/craftsmecca.lt\/wp-content\/uploads\/2025\/03\/kupolas4-300x300.jpg\" data-width=\"300\" data-height=\"300\" aria-label=\"\" role=\"img\" ><\/div>\n\t\t\t\t\t\t\t\t\t\t\t<div class=\"elementor-gallery-item__overlay\"><\/div>\n\t\t\t\t\t\t\t\t\t\t\t\t\t\t<\/a>\n\t\t\t\t\t\t\t<a class=\"e-gallery-item elementor-gallery-item elementor-animated-content\" href=\"https:\/\/craftsmecca.lt\/wp-content\/uploads\/2025\/03\/kupolas5.jpg\" data-elementor-open-lightbox=\"yes\" data-elementor-lightbox-slideshow=\"e588c90\" data-elementor-lightbox-title=\"kupolas5\" data-e-action-hash=\"#elementor-action%3Aaction%3Dlightbox%26settings%3DeyJpZCI6Nzk1NCwidXJsIjoiaHR0cHM6XC9cL2NyYWZ0c21lY2NhLmx0XC93cC1jb250ZW50XC91cGxvYWRzXC8yMDI1XC8wM1wva3Vwb2xhczUuanBnIiwic2xpZGVzaG93IjoiZTU4OGM5MCJ9\">\n\t\t\t\t\t<div class=\"e-gallery-image elementor-gallery-item__image\" data-thumbnail=\"https:\/\/craftsmecca.lt\/wp-content\/uploads\/2025\/03\/kupolas5-300x138.jpg\" data-width=\"300\" data-height=\"138\" aria-label=\"\" role=\"img\" ><\/div>\n\t\t\t\t\t\t\t\t\t\t\t<div class=\"elementor-gallery-item__overlay\"><\/div>\n\t\t\t\t\t\t\t\t\t\t\t\t\t\t<\/a>\n\t\t\t\t\t\t\t<a class=\"e-gallery-item elementor-gallery-item elementor-animated-content\" href=\"https:\/\/craftsmecca.lt\/wp-content\/uploads\/2025\/03\/kupolas6.jpeg\" data-elementor-open-lightbox=\"yes\" data-elementor-lightbox-slideshow=\"e588c90\" data-elementor-lightbox-title=\"kupolas6\" data-e-action-hash=\"#elementor-action%3Aaction%3Dlightbox%26settings%3DeyJpZCI6Nzk1NywidXJsIjoiaHR0cHM6XC9cL2NyYWZ0c21lY2NhLmx0XC93cC1jb250ZW50XC91cGxvYWRzXC8yMDI1XC8wM1wva3Vwb2xhczYuanBlZyIsInNsaWRlc2hvdyI6ImU1ODhjOTAifQ%3D%3D\">\n\t\t\t\t\t<div class=\"e-gallery-image elementor-gallery-item__image\" data-thumbnail=\"https:\/\/craftsmecca.lt\/wp-content\/uploads\/2025\/03\/kupolas6-300x225.jpeg\" data-width=\"300\" data-height=\"225\" aria-label=\"\" role=\"img\" ><\/div>\n\t\t\t\t\t\t\t\t\t\t\t<div class=\"elementor-gallery-item__overlay\"><\/div>\n\t\t\t\t\t\t\t\t\t\t\t\t\t\t<\/a>\n\t\t\t\t\t\t\t<a class=\"e-gallery-item elementor-gallery-item elementor-animated-content\" href=\"https:\/\/craftsmecca.lt\/wp-content\/uploads\/2025\/03\/8-kupolas-mazgas.jpg\" data-elementor-open-lightbox=\"yes\" data-elementor-lightbox-slideshow=\"e588c90\" data-elementor-lightbox-title=\"8-kupolas-mazgas\" data-e-action-hash=\"#elementor-action%3Aaction%3Dlightbox%26settings%3DeyJpZCI6Nzk2MCwidXJsIjoiaHR0cHM6XC9cL2NyYWZ0c21lY2NhLmx0XC93cC1jb250ZW50XC91cGxvYWRzXC8yMDI1XC8wM1wvOC1rdXBvbGFzLW1hemdhcy5qcGciLCJzbGlkZXNob3ciOiJlNTg4YzkwIn0%3D\">\n\t\t\t\t\t<div class=\"e-gallery-image elementor-gallery-item__image\" data-thumbnail=\"https:\/\/craftsmecca.lt\/wp-content\/uploads\/2025\/03\/8-kupolas-mazgas-300x196.jpg\" data-width=\"300\" data-height=\"196\" aria-label=\"\" role=\"img\" ><\/div>\n\t\t\t\t\t\t\t\t\t\t\t<div class=\"elementor-gallery-item__overlay\"><\/div>\n\t\t\t\t\t\t\t\t\t\t\t\t\t\t<\/a>\n\t\t\t\t\t\t\t<a class=\"e-gallery-item elementor-gallery-item elementor-animated-content\" href=\"https:\/\/craftsmecca.lt\/wp-content\/uploads\/2025\/03\/8-kupolas-tvirtinimo-padas.jpg\" data-elementor-open-lightbox=\"yes\" data-elementor-lightbox-slideshow=\"e588c90\" data-elementor-lightbox-title=\"8-kupolas-tvirtinimo-padas\" data-e-action-hash=\"#elementor-action%3Aaction%3Dlightbox%26settings%3DeyJpZCI6Nzk2MywidXJsIjoiaHR0cHM6XC9cL2NyYWZ0c21lY2NhLmx0XC93cC1jb250ZW50XC91cGxvYWRzXC8yMDI1XC8wM1wvOC1rdXBvbGFzLXR2aXJ0aW5pbW8tcGFkYXMuanBnIiwic2xpZGVzaG93IjoiZTU4OGM5MCJ9\">\n\t\t\t\t\t<div class=\"e-gallery-image elementor-gallery-item__image\" data-thumbnail=\"https:\/\/craftsmecca.lt\/wp-content\/uploads\/2025\/03\/8-kupolas-tvirtinimo-padas-300x197.jpg\" data-width=\"300\" data-height=\"197\" aria-label=\"\" role=\"img\" ><\/div>\n\t\t\t\t\t\t\t\t\t\t\t<div class=\"elementor-gallery-item__overlay\"><\/div>\n\t\t\t\t\t\t\t\t\t\t\t\t\t\t<\/a>\n\t\t\t\t\t<\/div>\n\t\t\t\t\t<\/div>\n\t\t\t\t\t<\/div>\n\t\t\t\t<\/div>\n\t\t\t\t<\/div>\n\t\t","protected":false},"excerpt":{"rendered":"<p>Kuplid on kumera kujuga ajutised konstruktsioonid, mis on kiiresti kokkupandavad ning vajadusel eemaldatavad ja transporditavad. Kuplid n\u00e4evad muljetavaldavad v\u00e4lja, olgu tegemist maamaja, linna v\u00f5i rannaga, need t\u00f5mbavad endale alati ja k\u00f5ikjal \u00fcmbritsevate t\u00e4helepanu. Lisaks kuplite muljetavaldavale v\u00e4limusele on neil ka muid kasulikke omadusi:kaldus kuju s\u00e4ilitab suure tuule- ja lumekoormuse ilma t\u00e4iendavate tugevdusteta. Konstruktsioon on lihtsalt [&hellip;]<\/p>\n","protected":false},"author":1,"featured_media":5823,"parent":5819,"menu_order":0,"comment_status":"closed","ping_status":"closed","template":"","meta":{"footnotes":""},"class_list":["post-5883","page","type-page","status-publish","has-post-thumbnail","hentry"],"blocksy_meta":[],"yoast_head":"<!-- This site is optimized with the Yoast SEO plugin v26.3 - https:\/\/yoast.com\/wordpress\/plugins\/seo\/ -->\n<title>Kuplikonstruktsioonid \u2013 unikaalsed lahendused Craftsmecca<\/title>\n<meta name=\"description\" content=\"Kaasaegsed ja vastupidavad kuplid \u00fcritusteks, puhkuseks v\u00f5i \u00e4riks. Viige oma ideed ellu meie kuplikonstruktsioonidega.\" \/>\n<meta name=\"robots\" content=\"index, follow, max-snippet:-1, max-image-preview:large, max-video-preview:-1\" \/>\n<link rel=\"canonical\" href=\"https:\/\/craftsmecca.lt\/et\/muud-tood\/kuplid\/\" \/>\n<meta property=\"og:locale\" content=\"et_EE\" \/>\n<meta property=\"og:type\" content=\"article\" \/>\n<meta property=\"og:title\" content=\"Kuplikonstruktsioonid \u2013 unikaalsed lahendused Craftsmecca\" \/>\n<meta property=\"og:description\" content=\"Kaasaegsed ja vastupidavad kuplid \u00fcritusteks, puhkuseks v\u00f5i \u00e4riks. Viige oma ideed ellu meie kuplikonstruktsioonidega.\" \/>\n<meta property=\"og:url\" content=\"https:\/\/craftsmecca.lt\/et\/muud-tood\/kuplid\/\" \/>\n<meta property=\"og:site_name\" content=\"Craftsmecca\" \/>\n<meta property=\"article:publisher\" content=\"https:\/\/www.facebook.com\/CraftsMecca\" \/>\n<meta property=\"article:modified_time\" content=\"2025-07-09T14:12:50+00:00\" \/>\n<meta property=\"og:image\" content=\"https:\/\/craftsmecca.lt\/wp-content\/uploads\/2025\/03\/category-1-7-kupolas2.jpg\" \/>\n\t<meta property=\"og:image:width\" content=\"960\" \/>\n\t<meta property=\"og:image:height\" content=\"600\" \/>\n\t<meta property=\"og:image:type\" content=\"image\/jpeg\" \/>\n<meta name=\"twitter:card\" content=\"summary_large_image\" \/>\n<meta name=\"twitter:label1\" content=\"Est. reading time\" \/>\n\t<meta name=\"twitter:data1\" content=\"1 minut\" \/>\n<script type=\"application\/ld+json\" class=\"yoast-schema-graph\">{\"@context\":\"https:\/\/schema.org\",\"@graph\":[{\"@type\":\"WebPage\",\"@id\":\"https:\/\/craftsmecca.lt\/et\/muud-tood\/kuplid\/\",\"url\":\"https:\/\/craftsmecca.lt\/et\/muud-tood\/kuplid\/\",\"name\":\"Kuplikonstruktsioonid \u2013 unikaalsed lahendused Craftsmecca\",\"isPartOf\":{\"@id\":\"https:\/\/craftsmecca.lt\/et\/#website\"},\"primaryImageOfPage\":{\"@id\":\"https:\/\/craftsmecca.lt\/et\/muud-tood\/kuplid\/#primaryimage\"},\"image\":{\"@id\":\"https:\/\/craftsmecca.lt\/et\/muud-tood\/kuplid\/#primaryimage\"},\"thumbnailUrl\":\"https:\/\/craftsmecca.lt\/wp-content\/uploads\/2025\/03\/category-1-7-kupolas2.jpg\",\"datePublished\":\"2025-03-12T12:41:43+00:00\",\"dateModified\":\"2025-07-09T14:12:50+00:00\",\"description\":\"Kaasaegsed ja vastupidavad kuplid \u00fcritusteks, puhkuseks v\u00f5i \u00e4riks. Viige oma ideed ellu meie kuplikonstruktsioonidega.\",\"breadcrumb\":{\"@id\":\"https:\/\/craftsmecca.lt\/et\/muud-tood\/kuplid\/#breadcrumb\"},\"inLanguage\":\"et\",\"potentialAction\":[{\"@type\":\"ReadAction\",\"target\":[\"https:\/\/craftsmecca.lt\/et\/muud-tood\/kuplid\/\"]}]},{\"@type\":\"ImageObject\",\"inLanguage\":\"et\",\"@id\":\"https:\/\/craftsmecca.lt\/et\/muud-tood\/kuplid\/#primaryimage\",\"url\":\"https:\/\/craftsmecca.lt\/wp-content\/uploads\/2025\/03\/category-1-7-kupolas2.jpg\",\"contentUrl\":\"https:\/\/craftsmecca.lt\/wp-content\/uploads\/2025\/03\/category-1-7-kupolas2.jpg\",\"width\":960,\"height\":600,\"caption\":\"Kupolai craftsmecca\"},{\"@type\":\"BreadcrumbList\",\"@id\":\"https:\/\/craftsmecca.lt\/et\/muud-tood\/kuplid\/#breadcrumb\",\"itemListElement\":[{\"@type\":\"ListItem\",\"position\":1,\"name\":\"Home\",\"item\":\"https:\/\/craftsmecca.lt\/et\/\"},{\"@type\":\"ListItem\",\"position\":2,\"name\":\"Muud t\u00f6\u00f6d\",\"item\":\"https:\/\/craftsmecca.lt\/et\/muud-tood\/\"},{\"@type\":\"ListItem\",\"position\":3,\"name\":\"KUPLID\"}]},{\"@type\":\"WebSite\",\"@id\":\"https:\/\/craftsmecca.lt\/et\/#website\",\"url\":\"https:\/\/craftsmecca.lt\/et\/\",\"name\":\"Craftsmecca\",\"description\":\"\",\"publisher\":{\"@id\":\"https:\/\/craftsmecca.lt\/et\/#organization\"},\"potentialAction\":[{\"@type\":\"SearchAction\",\"target\":{\"@type\":\"EntryPoint\",\"urlTemplate\":\"https:\/\/craftsmecca.lt\/et\/?s={search_term_string}\"},\"query-input\":{\"@type\":\"PropertyValueSpecification\",\"valueRequired\":true,\"valueName\":\"search_term_string\"}}],\"inLanguage\":\"et\"},{\"@type\":\"Organization\",\"@id\":\"https:\/\/craftsmecca.lt\/et\/#organization\",\"name\":\"Craftsmecca\",\"url\":\"https:\/\/craftsmecca.lt\/et\/\",\"logo\":{\"@type\":\"ImageObject\",\"inLanguage\":\"et\",\"@id\":\"https:\/\/craftsmecca.lt\/et\/#\/schema\/logo\/image\/\",\"url\":\"https:\/\/craftsmecca.lt\/wp-content\/uploads\/2025\/02\/CraftsMecca_logo-2.png\",\"contentUrl\":\"https:\/\/craftsmecca.lt\/wp-content\/uploads\/2025\/02\/CraftsMecca_logo-2.png\",\"width\":828,\"height\":306,\"caption\":\"Craftsmecca\"},\"image\":{\"@id\":\"https:\/\/craftsmecca.lt\/et\/#\/schema\/logo\/image\/\"},\"sameAs\":[\"https:\/\/www.facebook.com\/CraftsMecca\",\"https:\/\/www.instagram.com\/crafts_mecca\/\",\"https:\/\/www.youtube.com\/@craftsmecca2835\/videos\"]}]}<\/script>\n<!-- \/ Yoast SEO plugin. -->","yoast_head_json":{"title":"Kuplikonstruktsioonid \u2013 unikaalsed lahendused Craftsmecca","description":"Kaasaegsed ja vastupidavad kuplid \u00fcritusteks, puhkuseks v\u00f5i \u00e4riks. Viige oma ideed ellu meie kuplikonstruktsioonidega.","robots":{"index":"index","follow":"follow","max-snippet":"max-snippet:-1","max-image-preview":"max-image-preview:large","max-video-preview":"max-video-preview:-1"},"canonical":"https:\/\/craftsmecca.lt\/et\/muud-tood\/kuplid\/","og_locale":"et_EE","og_type":"article","og_title":"Kuplikonstruktsioonid \u2013 unikaalsed lahendused Craftsmecca","og_description":"Kaasaegsed ja vastupidavad kuplid \u00fcritusteks, puhkuseks v\u00f5i \u00e4riks. Viige oma ideed ellu meie kuplikonstruktsioonidega.","og_url":"https:\/\/craftsmecca.lt\/et\/muud-tood\/kuplid\/","og_site_name":"Craftsmecca","article_publisher":"https:\/\/www.facebook.com\/CraftsMecca","article_modified_time":"2025-07-09T14:12:50+00:00","og_image":[{"width":960,"height":600,"url":"https:\/\/craftsmecca.lt\/wp-content\/uploads\/2025\/03\/category-1-7-kupolas2.jpg","type":"image\/jpeg"}],"twitter_card":"summary_large_image","twitter_misc":{"Est. reading time":"1 minut"},"schema":{"@context":"https:\/\/schema.org","@graph":[{"@type":"WebPage","@id":"https:\/\/craftsmecca.lt\/et\/muud-tood\/kuplid\/","url":"https:\/\/craftsmecca.lt\/et\/muud-tood\/kuplid\/","name":"Kuplikonstruktsioonid \u2013 unikaalsed lahendused Craftsmecca","isPartOf":{"@id":"https:\/\/craftsmecca.lt\/et\/#website"},"primaryImageOfPage":{"@id":"https:\/\/craftsmecca.lt\/et\/muud-tood\/kuplid\/#primaryimage"},"image":{"@id":"https:\/\/craftsmecca.lt\/et\/muud-tood\/kuplid\/#primaryimage"},"thumbnailUrl":"https:\/\/craftsmecca.lt\/wp-content\/uploads\/2025\/03\/category-1-7-kupolas2.jpg","datePublished":"2025-03-12T12:41:43+00:00","dateModified":"2025-07-09T14:12:50+00:00","description":"Kaasaegsed ja vastupidavad kuplid \u00fcritusteks, puhkuseks v\u00f5i \u00e4riks. Viige oma ideed ellu meie kuplikonstruktsioonidega.","breadcrumb":{"@id":"https:\/\/craftsmecca.lt\/et\/muud-tood\/kuplid\/#breadcrumb"},"inLanguage":"et","potentialAction":[{"@type":"ReadAction","target":["https:\/\/craftsmecca.lt\/et\/muud-tood\/kuplid\/"]}]},{"@type":"ImageObject","inLanguage":"et","@id":"https:\/\/craftsmecca.lt\/et\/muud-tood\/kuplid\/#primaryimage","url":"https:\/\/craftsmecca.lt\/wp-content\/uploads\/2025\/03\/category-1-7-kupolas2.jpg","contentUrl":"https:\/\/craftsmecca.lt\/wp-content\/uploads\/2025\/03\/category-1-7-kupolas2.jpg","width":960,"height":600,"caption":"Kupolai craftsmecca"},{"@type":"BreadcrumbList","@id":"https:\/\/craftsmecca.lt\/et\/muud-tood\/kuplid\/#breadcrumb","itemListElement":[{"@type":"ListItem","position":1,"name":"Home","item":"https:\/\/craftsmecca.lt\/et\/"},{"@type":"ListItem","position":2,"name":"Muud t\u00f6\u00f6d","item":"https:\/\/craftsmecca.lt\/et\/muud-tood\/"},{"@type":"ListItem","position":3,"name":"KUPLID"}]},{"@type":"WebSite","@id":"https:\/\/craftsmecca.lt\/et\/#website","url":"https:\/\/craftsmecca.lt\/et\/","name":"Craftsmecca","description":"","publisher":{"@id":"https:\/\/craftsmecca.lt\/et\/#organization"},"potentialAction":[{"@type":"SearchAction","target":{"@type":"EntryPoint","urlTemplate":"https:\/\/craftsmecca.lt\/et\/?s={search_term_string}"},"query-input":{"@type":"PropertyValueSpecification","valueRequired":true,"valueName":"search_term_string"}}],"inLanguage":"et"},{"@type":"Organization","@id":"https:\/\/craftsmecca.lt\/et\/#organization","name":"Craftsmecca","url":"https:\/\/craftsmecca.lt\/et\/","logo":{"@type":"ImageObject","inLanguage":"et","@id":"https:\/\/craftsmecca.lt\/et\/#\/schema\/logo\/image\/","url":"https:\/\/craftsmecca.lt\/wp-content\/uploads\/2025\/02\/CraftsMecca_logo-2.png","contentUrl":"https:\/\/craftsmecca.lt\/wp-content\/uploads\/2025\/02\/CraftsMecca_logo-2.png","width":828,"height":306,"caption":"Craftsmecca"},"image":{"@id":"https:\/\/craftsmecca.lt\/et\/#\/schema\/logo\/image\/"},"sameAs":["https:\/\/www.facebook.com\/CraftsMecca","https:\/\/www.instagram.com\/crafts_mecca\/","https:\/\/www.youtube.com\/@craftsmecca2835\/videos"]}]}},"_links":{"self":[{"href":"https:\/\/craftsmecca.lt\/et\/wp-json\/wp\/v2\/pages\/5883","targetHints":{"allow":["GET"]}}],"collection":[{"href":"https:\/\/craftsmecca.lt\/et\/wp-json\/wp\/v2\/pages"}],"about":[{"href":"https:\/\/craftsmecca.lt\/et\/wp-json\/wp\/v2\/types\/page"}],"author":[{"embeddable":true,"href":"https:\/\/craftsmecca.lt\/et\/wp-json\/wp\/v2\/users\/1"}],"replies":[{"embeddable":true,"href":"https:\/\/craftsmecca.lt\/et\/wp-json\/wp\/v2\/comments?post=5883"}],"version-history":[{"count":3,"href":"https:\/\/craftsmecca.lt\/et\/wp-json\/wp\/v2\/pages\/5883\/revisions"}],"predecessor-version":[{"id":9608,"href":"https:\/\/craftsmecca.lt\/et\/wp-json\/wp\/v2\/pages\/5883\/revisions\/9608"}],"up":[{"embeddable":true,"href":"https:\/\/craftsmecca.lt\/et\/wp-json\/wp\/v2\/pages\/5819"}],"wp:featuredmedia":[{"embeddable":true,"href":"https:\/\/craftsmecca.lt\/et\/wp-json\/wp\/v2\/media\/5823"}],"wp:attachment":[{"href":"https:\/\/craftsmecca.lt\/et\/wp-json\/wp\/v2\/media?parent=5883"}],"curies":[{"name":"wp","href":"https:\/\/api.w.org\/{rel}","templated":true}]}}