{"id":5885,"date":"2025-03-12T12:58:58","date_gmt":"2025-03-12T12:58:58","guid":{"rendered":"https:\/\/craftsmecca.lt\/muud-tood\/lavad\/"},"modified":"2025-07-09T14:14:20","modified_gmt":"2025-07-09T14:14:20","slug":"lavad","status":"publish","type":"page","link":"https:\/\/craftsmecca.lt\/et\/muud-tood\/lavad\/","title":{"rendered":"Lavad"},"content":{"rendered":"\t\t<div data-elementor-type=\"wp-page\" data-elementor-id=\"5885\" class=\"elementor elementor-5885 elementor-2840\" data-elementor-post-type=\"page\">\n\t\t\t\t<div class=\"elementor-element elementor-element-e6a4839 e-flex e-con-boxed e-con e-parent\" data-id=\"e6a4839\" data-element_type=\"container\">\n\t\t\t\t\t<div class=\"e-con-inner\">\n\t\t\t\t<div class=\"elementor-element elementor-element-f4c4785 elementor-absolute elementor-widget elementor-widget-button\" data-id=\"f4c4785\" data-element_type=\"widget\" data-settings=\"{&quot;_position&quot;:&quot;absolute&quot;}\" data-widget_type=\"button.default\">\n\t\t\t\t\t\t\t\t\t\t<a class=\"elementor-button elementor-button-link elementor-size-sm\" href=\"https:\/\/craftsmecca.lt\/et\/muud-tood\/\">\n\t\t\t\t\t\t<span class=\"elementor-button-content-wrapper\">\n\t\t\t\t\t\t<span class=\"elementor-button-icon\">\n\t\t\t\t<svg aria-hidden=\"true\" class=\"e-font-icon-svg e-fas-arrow-left\" viewBox=\"0 0 448 512\" xmlns=\"http:\/\/www.w3.org\/2000\/svg\"><path d=\"M257.5 445.1l-22.2 22.2c-9.4 9.4-24.6 9.4-33.9 0L7 273c-9.4-9.4-9.4-24.6 0-33.9L201.4 44.7c9.4-9.4 24.6-9.4 33.9 0l22.2 22.2c9.5 9.5 9.3 25-.4 34.3L136.6 216H424c13.3 0 24 10.7 24 24v32c0 13.3-10.7 24-24 24H136.6l120.5 114.8c9.8 9.3 10 24.8.4 34.3z\"><\/path><\/svg>\t\t\t<\/span>\n\t\t\t\t\t\t\t\t\t<span class=\"elementor-button-text\"> <\/span>\n\t\t\t\t\t<\/span>\n\t\t\t\t\t<\/a>\n\t\t\t\t\t\t\t\t<\/div>\n\t\t\t\t<div class=\"elementor-element elementor-element-cbd4abb elementor-widget elementor-widget-text-editor\" data-id=\"cbd4abb\" data-element_type=\"widget\" data-widget_type=\"text-editor.default\">\n\t\t\t\t\t\t\t\t\t<p>LAVAD<br>Lavade katmiseks kasutatakse tentkatet PVC &#8211; pol\u00fcvin\u00fc\u00fclkloriid, pol\u00fcestervuukidegaa tugevdatud ja m\u00f5lemalt poolt akr\u00fc\u00fcllakiga kaetud materjal. See on suurep\u00e4rane lahendus kaitseks tuule, vihma, lume v\u00f5i otsese p\u00e4ikesevalguse eest. Lavade tentkatted valmistatakse vastavalt kliendi vajadustele ja joonistele, k\u00f5igi toodete valmistamisel kasutatakse k\u00f5rgklassi seadmeid, sh k\u00f5rgsagedusseadmeid. See tagab vuukide tugevuse ja tunduvalt pikema kasutusea v\u00f5rreldes kuuma\u00f5hujootmisega. Vajadusel saame katted teha kohale j\u00f5udes, kui \u00fcrituse alguse t\u00f5ttu aega napib. Oleme valmis tegema koost\u00f6\u00f6d ja leidma m\u00f5lemale poolele kasulikke lahendusi tentkatete tootmise vallas.     <\/p>\t\t\t\t\t\t\t\t<\/div>\n\t\t\t\t<div class=\"elementor-element elementor-element-b9f8aaf elementor-widget-divider--view-line elementor-widget elementor-widget-divider\" data-id=\"b9f8aaf\" data-element_type=\"widget\" data-widget_type=\"divider.default\">\n\t\t\t\t\t\t\t<div class=\"elementor-divider\">\n\t\t\t<span class=\"elementor-divider-separator\">\n\t\t\t\t\t\t<\/span>\n\t\t<\/div>\n\t\t\t\t\t\t<\/div>\n\t\t\t\t<div class=\"elementor-element elementor-element-7d7791d elementor-widget elementor-widget-text-editor\" data-id=\"7d7791d\" data-element_type=\"widget\" data-widget_type=\"text-editor.default\">\n\t\t\t\t\t\t\t\t\t<p><strong>Hind:<\/strong> arvutatakse individuaalselt.<\/p>\t\t\t\t\t\t\t\t<\/div>\n\t\t\t\t<div class=\"elementor-element elementor-element-89ec3f6 elementor-widget elementor-widget-gallery\" data-id=\"89ec3f6\" data-element_type=\"widget\" data-settings=\"{&quot;image_hover_animation&quot;:&quot;grow&quot;,&quot;lazyload&quot;:&quot;yes&quot;,&quot;gallery_layout&quot;:&quot;grid&quot;,&quot;columns&quot;:4,&quot;columns_tablet&quot;:2,&quot;columns_mobile&quot;:1,&quot;gap&quot;:{&quot;unit&quot;:&quot;px&quot;,&quot;size&quot;:10,&quot;sizes&quot;:[]},&quot;gap_tablet&quot;:{&quot;unit&quot;:&quot;px&quot;,&quot;size&quot;:10,&quot;sizes&quot;:[]},&quot;gap_mobile&quot;:{&quot;unit&quot;:&quot;px&quot;,&quot;size&quot;:10,&quot;sizes&quot;:[]},&quot;link_to&quot;:&quot;file&quot;,&quot;aspect_ratio&quot;:&quot;3:2&quot;,&quot;overlay_background&quot;:&quot;yes&quot;,&quot;content_hover_animation&quot;:&quot;fade-in&quot;}\" data-widget_type=\"gallery.default\">\n\t\t\t\t\t\t\t<div class=\"elementor-gallery__container\">\n\t\t\t\t\t\t\t<a class=\"e-gallery-item elementor-gallery-item elementor-animated-content\" href=\"https:\/\/craftsmecca.lt\/wp-content\/uploads\/2025\/03\/category-7-1-scena3.jpg\" data-elementor-open-lightbox=\"yes\" data-elementor-lightbox-slideshow=\"89ec3f6\" data-elementor-lightbox-title=\"category-7-1-scena3\" data-e-action-hash=\"#elementor-action%3Aaction%3Dlightbox%26settings%3DeyJpZCI6NTgyNSwidXJsIjoiaHR0cHM6XC9cL2NyYWZ0c21lY2NhLmx0XC93cC1jb250ZW50XC91cGxvYWRzXC8yMDI1XC8wM1wvY2F0ZWdvcnktNy0xLXNjZW5hMy5qcGciLCJzbGlkZXNob3ciOiI4OWVjM2Y2In0%3D\">\n\t\t\t\t\t<div class=\"e-gallery-image elementor-gallery-item__image\" data-thumbnail=\"https:\/\/craftsmecca.lt\/wp-content\/uploads\/2025\/03\/category-7-1-scena3-300x204.jpg\" data-width=\"300\" data-height=\"204\" aria-label=\"Scenos ir kupolai\" role=\"img\" ><\/div>\n\t\t\t\t\t\t\t\t\t\t\t<div class=\"elementor-gallery-item__overlay\"><\/div>\n\t\t\t\t\t\t\t\t\t\t\t\t\t\t<\/a>\n\t\t\t\t\t\t\t<a class=\"e-gallery-item elementor-gallery-item elementor-animated-content\" href=\"https:\/\/craftsmecca.lt\/wp-content\/uploads\/2025\/03\/scena2.jpg\" data-elementor-open-lightbox=\"yes\" data-elementor-lightbox-slideshow=\"89ec3f6\" data-elementor-lightbox-title=\"scena2\" data-e-action-hash=\"#elementor-action%3Aaction%3Dlightbox%26settings%3DeyJpZCI6Nzk4MSwidXJsIjoiaHR0cHM6XC9cL2NyYWZ0c21lY2NhLmx0XC93cC1jb250ZW50XC91cGxvYWRzXC8yMDI1XC8wM1wvc2NlbmEyLmpwZyIsInNsaWRlc2hvdyI6Ijg5ZWMzZjYifQ%3D%3D\">\n\t\t\t\t\t<div class=\"e-gallery-image elementor-gallery-item__image\" data-thumbnail=\"https:\/\/craftsmecca.lt\/wp-content\/uploads\/2025\/03\/scena2-300x204.jpg\" data-width=\"300\" data-height=\"204\" aria-label=\"\" role=\"img\" ><\/div>\n\t\t\t\t\t\t\t\t\t\t\t<div class=\"elementor-gallery-item__overlay\"><\/div>\n\t\t\t\t\t\t\t\t\t\t\t\t\t\t<\/a>\n\t\t\t\t\t\t\t<a class=\"e-gallery-item elementor-gallery-item elementor-animated-content\" href=\"https:\/\/craftsmecca.lt\/wp-content\/uploads\/2025\/03\/scena1.jpg\" data-elementor-open-lightbox=\"yes\" data-elementor-lightbox-slideshow=\"89ec3f6\" data-elementor-lightbox-title=\"scena1\" data-e-action-hash=\"#elementor-action%3Aaction%3Dlightbox%26settings%3DeyJpZCI6Nzk3OCwidXJsIjoiaHR0cHM6XC9cL2NyYWZ0c21lY2NhLmx0XC93cC1jb250ZW50XC91cGxvYWRzXC8yMDI1XC8wM1wvc2NlbmExLmpwZyIsInNsaWRlc2hvdyI6Ijg5ZWMzZjYifQ%3D%3D\">\n\t\t\t\t\t<div class=\"e-gallery-image elementor-gallery-item__image\" data-thumbnail=\"https:\/\/craftsmecca.lt\/wp-content\/uploads\/2025\/03\/scena1-300x204.jpg\" data-width=\"300\" data-height=\"204\" aria-label=\"\" role=\"img\" ><\/div>\n\t\t\t\t\t\t\t\t\t\t\t<div class=\"elementor-gallery-item__overlay\"><\/div>\n\t\t\t\t\t\t\t\t\t\t\t\t\t\t<\/a>\n\t\t\t\t\t<\/div>\n\t\t\t\t\t<\/div>\n\t\t\t\t\t<\/div>\n\t\t\t\t<\/div>\n\t\t\t\t<\/div>\n\t\t","protected":false},"excerpt":{"rendered":"<p>LAVADLavade katmiseks kasutatakse tentkatet PVC &#8211; pol\u00fcvin\u00fc\u00fclkloriid, pol\u00fcestervuukidegaa tugevdatud ja m\u00f5lemalt poolt akr\u00fc\u00fcllakiga kaetud materjal. See on suurep\u00e4rane lahendus kaitseks tuule, vihma, lume v\u00f5i otsese p\u00e4ikesevalguse eest. Lavade tentkatted valmistatakse vastavalt kliendi vajadustele ja joonistele, k\u00f5igi toodete valmistamisel kasutatakse k\u00f5rgklassi seadmeid, sh k\u00f5rgsagedusseadmeid. See tagab vuukide tugevuse ja tunduvalt pikema kasutusea v\u00f5rreldes kuuma\u00f5hujootmisega. Vajadusel saame [&hellip;]<\/p>\n","protected":false},"author":1,"featured_media":5825,"parent":5819,"menu_order":0,"comment_status":"closed","ping_status":"closed","template":"","meta":{"footnotes":""},"class_list":["post-5885","page","type-page","status-publish","has-post-thumbnail","hentry"],"blocksy_meta":[],"yoast_head":"<!-- This site is optimized with the Yoast SEO plugin v26.3 - https:\/\/yoast.com\/wordpress\/plugins\/seo\/ -->\n<title>Lavakonstruktsioonid - professionaalsed lahendused alates Craftsmecca<\/title>\n<meta name=\"description\" content=\"Usaldusv\u00e4\u00e4rsed ja turvalised lavad \u00fcritusteks, kontsertideks v\u00f5i n\u00e4itusteks. Kohandatud lahendused vastavalt teie vajadustele.\" \/>\n<meta name=\"robots\" content=\"index, follow, max-snippet:-1, max-image-preview:large, max-video-preview:-1\" \/>\n<link rel=\"canonical\" href=\"https:\/\/craftsmecca.lt\/et\/muud-tood\/lavad\/\" \/>\n<meta property=\"og:locale\" content=\"et_EE\" \/>\n<meta property=\"og:type\" content=\"article\" \/>\n<meta property=\"og:title\" content=\"Lavakonstruktsioonid - professionaalsed lahendused alates Craftsmecca\" \/>\n<meta property=\"og:description\" content=\"Usaldusv\u00e4\u00e4rsed ja turvalised lavad \u00fcritusteks, kontsertideks v\u00f5i n\u00e4itusteks. Kohandatud lahendused vastavalt teie vajadustele.\" \/>\n<meta property=\"og:url\" content=\"https:\/\/craftsmecca.lt\/et\/muud-tood\/lavad\/\" \/>\n<meta property=\"og:site_name\" content=\"Craftsmecca\" \/>\n<meta property=\"article:publisher\" content=\"https:\/\/www.facebook.com\/CraftsMecca\" \/>\n<meta property=\"article:modified_time\" content=\"2025-07-09T14:14:20+00:00\" \/>\n<meta property=\"og:image\" content=\"https:\/\/craftsmecca.lt\/wp-content\/uploads\/2025\/03\/category-7-1-scena3.jpg\" \/>\n\t<meta property=\"og:image:width\" content=\"882\" \/>\n\t<meta property=\"og:image:height\" content=\"600\" \/>\n\t<meta property=\"og:image:type\" content=\"image\/jpeg\" \/>\n<meta name=\"twitter:card\" content=\"summary_large_image\" \/>\n<script type=\"application\/ld+json\" class=\"yoast-schema-graph\">{\"@context\":\"https:\/\/schema.org\",\"@graph\":[{\"@type\":\"WebPage\",\"@id\":\"https:\/\/craftsmecca.lt\/et\/muud-tood\/lavad\/\",\"url\":\"https:\/\/craftsmecca.lt\/et\/muud-tood\/lavad\/\",\"name\":\"Lavakonstruktsioonid - professionaalsed lahendused alates Craftsmecca\",\"isPartOf\":{\"@id\":\"https:\/\/craftsmecca.lt\/et\/#website\"},\"primaryImageOfPage\":{\"@id\":\"https:\/\/craftsmecca.lt\/et\/muud-tood\/lavad\/#primaryimage\"},\"image\":{\"@id\":\"https:\/\/craftsmecca.lt\/et\/muud-tood\/lavad\/#primaryimage\"},\"thumbnailUrl\":\"https:\/\/craftsmecca.lt\/wp-content\/uploads\/2025\/03\/category-7-1-scena3.jpg\",\"datePublished\":\"2025-03-12T12:58:58+00:00\",\"dateModified\":\"2025-07-09T14:14:20+00:00\",\"description\":\"Usaldusv\u00e4\u00e4rsed ja turvalised lavad \u00fcritusteks, kontsertideks v\u00f5i n\u00e4itusteks. Kohandatud lahendused vastavalt teie vajadustele.\",\"breadcrumb\":{\"@id\":\"https:\/\/craftsmecca.lt\/et\/muud-tood\/lavad\/#breadcrumb\"},\"inLanguage\":\"et\",\"potentialAction\":[{\"@type\":\"ReadAction\",\"target\":[\"https:\/\/craftsmecca.lt\/et\/muud-tood\/lavad\/\"]}]},{\"@type\":\"ImageObject\",\"inLanguage\":\"et\",\"@id\":\"https:\/\/craftsmecca.lt\/et\/muud-tood\/lavad\/#primaryimage\",\"url\":\"https:\/\/craftsmecca.lt\/wp-content\/uploads\/2025\/03\/category-7-1-scena3.jpg\",\"contentUrl\":\"https:\/\/craftsmecca.lt\/wp-content\/uploads\/2025\/03\/category-7-1-scena3.jpg\",\"width\":882,\"height\":600,\"caption\":\"Scenos ir kupolai\"},{\"@type\":\"BreadcrumbList\",\"@id\":\"https:\/\/craftsmecca.lt\/et\/muud-tood\/lavad\/#breadcrumb\",\"itemListElement\":[{\"@type\":\"ListItem\",\"position\":1,\"name\":\"Home\",\"item\":\"https:\/\/craftsmecca.lt\/et\/\"},{\"@type\":\"ListItem\",\"position\":2,\"name\":\"Muud t\u00f6\u00f6d\",\"item\":\"https:\/\/craftsmecca.lt\/et\/muud-tood\/\"},{\"@type\":\"ListItem\",\"position\":3,\"name\":\"Lavad\"}]},{\"@type\":\"WebSite\",\"@id\":\"https:\/\/craftsmecca.lt\/et\/#website\",\"url\":\"https:\/\/craftsmecca.lt\/et\/\",\"name\":\"Craftsmecca\",\"description\":\"\",\"publisher\":{\"@id\":\"https:\/\/craftsmecca.lt\/et\/#organization\"},\"potentialAction\":[{\"@type\":\"SearchAction\",\"target\":{\"@type\":\"EntryPoint\",\"urlTemplate\":\"https:\/\/craftsmecca.lt\/et\/?s={search_term_string}\"},\"query-input\":{\"@type\":\"PropertyValueSpecification\",\"valueRequired\":true,\"valueName\":\"search_term_string\"}}],\"inLanguage\":\"et\"},{\"@type\":\"Organization\",\"@id\":\"https:\/\/craftsmecca.lt\/et\/#organization\",\"name\":\"Craftsmecca\",\"url\":\"https:\/\/craftsmecca.lt\/et\/\",\"logo\":{\"@type\":\"ImageObject\",\"inLanguage\":\"et\",\"@id\":\"https:\/\/craftsmecca.lt\/et\/#\/schema\/logo\/image\/\",\"url\":\"https:\/\/craftsmecca.lt\/wp-content\/uploads\/2025\/02\/CraftsMecca_logo-2.png\",\"contentUrl\":\"https:\/\/craftsmecca.lt\/wp-content\/uploads\/2025\/02\/CraftsMecca_logo-2.png\",\"width\":828,\"height\":306,\"caption\":\"Craftsmecca\"},\"image\":{\"@id\":\"https:\/\/craftsmecca.lt\/et\/#\/schema\/logo\/image\/\"},\"sameAs\":[\"https:\/\/www.facebook.com\/CraftsMecca\",\"https:\/\/www.instagram.com\/crafts_mecca\/\",\"https:\/\/www.youtube.com\/@craftsmecca2835\/videos\"]}]}<\/script>\n<!-- \/ Yoast SEO plugin. -->","yoast_head_json":{"title":"Lavakonstruktsioonid - professionaalsed lahendused alates Craftsmecca","description":"Usaldusv\u00e4\u00e4rsed ja turvalised lavad \u00fcritusteks, kontsertideks v\u00f5i n\u00e4itusteks. Kohandatud lahendused vastavalt teie vajadustele.","robots":{"index":"index","follow":"follow","max-snippet":"max-snippet:-1","max-image-preview":"max-image-preview:large","max-video-preview":"max-video-preview:-1"},"canonical":"https:\/\/craftsmecca.lt\/et\/muud-tood\/lavad\/","og_locale":"et_EE","og_type":"article","og_title":"Lavakonstruktsioonid - professionaalsed lahendused alates Craftsmecca","og_description":"Usaldusv\u00e4\u00e4rsed ja turvalised lavad \u00fcritusteks, kontsertideks v\u00f5i n\u00e4itusteks. Kohandatud lahendused vastavalt teie vajadustele.","og_url":"https:\/\/craftsmecca.lt\/et\/muud-tood\/lavad\/","og_site_name":"Craftsmecca","article_publisher":"https:\/\/www.facebook.com\/CraftsMecca","article_modified_time":"2025-07-09T14:14:20+00:00","og_image":[{"width":882,"height":600,"url":"https:\/\/craftsmecca.lt\/wp-content\/uploads\/2025\/03\/category-7-1-scena3.jpg","type":"image\/jpeg"}],"twitter_card":"summary_large_image","schema":{"@context":"https:\/\/schema.org","@graph":[{"@type":"WebPage","@id":"https:\/\/craftsmecca.lt\/et\/muud-tood\/lavad\/","url":"https:\/\/craftsmecca.lt\/et\/muud-tood\/lavad\/","name":"Lavakonstruktsioonid - professionaalsed lahendused alates Craftsmecca","isPartOf":{"@id":"https:\/\/craftsmecca.lt\/et\/#website"},"primaryImageOfPage":{"@id":"https:\/\/craftsmecca.lt\/et\/muud-tood\/lavad\/#primaryimage"},"image":{"@id":"https:\/\/craftsmecca.lt\/et\/muud-tood\/lavad\/#primaryimage"},"thumbnailUrl":"https:\/\/craftsmecca.lt\/wp-content\/uploads\/2025\/03\/category-7-1-scena3.jpg","datePublished":"2025-03-12T12:58:58+00:00","dateModified":"2025-07-09T14:14:20+00:00","description":"Usaldusv\u00e4\u00e4rsed ja turvalised lavad \u00fcritusteks, kontsertideks v\u00f5i n\u00e4itusteks. Kohandatud lahendused vastavalt teie vajadustele.","breadcrumb":{"@id":"https:\/\/craftsmecca.lt\/et\/muud-tood\/lavad\/#breadcrumb"},"inLanguage":"et","potentialAction":[{"@type":"ReadAction","target":["https:\/\/craftsmecca.lt\/et\/muud-tood\/lavad\/"]}]},{"@type":"ImageObject","inLanguage":"et","@id":"https:\/\/craftsmecca.lt\/et\/muud-tood\/lavad\/#primaryimage","url":"https:\/\/craftsmecca.lt\/wp-content\/uploads\/2025\/03\/category-7-1-scena3.jpg","contentUrl":"https:\/\/craftsmecca.lt\/wp-content\/uploads\/2025\/03\/category-7-1-scena3.jpg","width":882,"height":600,"caption":"Scenos ir kupolai"},{"@type":"BreadcrumbList","@id":"https:\/\/craftsmecca.lt\/et\/muud-tood\/lavad\/#breadcrumb","itemListElement":[{"@type":"ListItem","position":1,"name":"Home","item":"https:\/\/craftsmecca.lt\/et\/"},{"@type":"ListItem","position":2,"name":"Muud t\u00f6\u00f6d","item":"https:\/\/craftsmecca.lt\/et\/muud-tood\/"},{"@type":"ListItem","position":3,"name":"Lavad"}]},{"@type":"WebSite","@id":"https:\/\/craftsmecca.lt\/et\/#website","url":"https:\/\/craftsmecca.lt\/et\/","name":"Craftsmecca","description":"","publisher":{"@id":"https:\/\/craftsmecca.lt\/et\/#organization"},"potentialAction":[{"@type":"SearchAction","target":{"@type":"EntryPoint","urlTemplate":"https:\/\/craftsmecca.lt\/et\/?s={search_term_string}"},"query-input":{"@type":"PropertyValueSpecification","valueRequired":true,"valueName":"search_term_string"}}],"inLanguage":"et"},{"@type":"Organization","@id":"https:\/\/craftsmecca.lt\/et\/#organization","name":"Craftsmecca","url":"https:\/\/craftsmecca.lt\/et\/","logo":{"@type":"ImageObject","inLanguage":"et","@id":"https:\/\/craftsmecca.lt\/et\/#\/schema\/logo\/image\/","url":"https:\/\/craftsmecca.lt\/wp-content\/uploads\/2025\/02\/CraftsMecca_logo-2.png","contentUrl":"https:\/\/craftsmecca.lt\/wp-content\/uploads\/2025\/02\/CraftsMecca_logo-2.png","width":828,"height":306,"caption":"Craftsmecca"},"image":{"@id":"https:\/\/craftsmecca.lt\/et\/#\/schema\/logo\/image\/"},"sameAs":["https:\/\/www.facebook.com\/CraftsMecca","https:\/\/www.instagram.com\/crafts_mecca\/","https:\/\/www.youtube.com\/@craftsmecca2835\/videos"]}]}},"_links":{"self":[{"href":"https:\/\/craftsmecca.lt\/et\/wp-json\/wp\/v2\/pages\/5885","targetHints":{"allow":["GET"]}}],"collection":[{"href":"https:\/\/craftsmecca.lt\/et\/wp-json\/wp\/v2\/pages"}],"about":[{"href":"https:\/\/craftsmecca.lt\/et\/wp-json\/wp\/v2\/types\/page"}],"author":[{"embeddable":true,"href":"https:\/\/craftsmecca.lt\/et\/wp-json\/wp\/v2\/users\/1"}],"replies":[{"embeddable":true,"href":"https:\/\/craftsmecca.lt\/et\/wp-json\/wp\/v2\/comments?post=5885"}],"version-history":[{"count":3,"href":"https:\/\/craftsmecca.lt\/et\/wp-json\/wp\/v2\/pages\/5885\/revisions"}],"predecessor-version":[{"id":9622,"href":"https:\/\/craftsmecca.lt\/et\/wp-json\/wp\/v2\/pages\/5885\/revisions\/9622"}],"up":[{"embeddable":true,"href":"https:\/\/craftsmecca.lt\/et\/wp-json\/wp\/v2\/pages\/5819"}],"wp:featuredmedia":[{"embeddable":true,"href":"https:\/\/craftsmecca.lt\/et\/wp-json\/wp\/v2\/media\/5825"}],"wp:attachment":[{"href":"https:\/\/craftsmecca.lt\/et\/wp-json\/wp\/v2\/media?parent=5885"}],"curies":[{"name":"wp","href":"https:\/\/api.w.org\/{rel}","templated":true}]}}