{"id":5887,"date":"2025-03-12T13:04:29","date_gmt":"2025-03-12T13:04:29","guid":{"rendered":"https:\/\/craftsmecca.lt\/muud-tood\/tekstiiliarhitektuur\/"},"modified":"2025-07-09T14:14:34","modified_gmt":"2025-07-09T14:14:34","slug":"tekstiiliarhitektuur","status":"publish","type":"page","link":"https:\/\/craftsmecca.lt\/et\/muud-tood\/tekstiiliarhitektuur\/","title":{"rendered":"Tekstiiliarhitektuur"},"content":{"rendered":"\t\t<div data-elementor-type=\"wp-page\" data-elementor-id=\"5887\" class=\"elementor elementor-5887 elementor-2852\" data-elementor-post-type=\"page\">\n\t\t\t\t<div class=\"elementor-element elementor-element-21bb782 e-flex e-con-boxed e-con e-parent\" data-id=\"21bb782\" data-element_type=\"container\">\n\t\t\t\t\t<div class=\"e-con-inner\">\n\t\t\t\t<div class=\"elementor-element elementor-element-26cfa70 elementor-absolute elementor-widget elementor-widget-button\" data-id=\"26cfa70\" data-element_type=\"widget\" data-settings=\"{&quot;_position&quot;:&quot;absolute&quot;}\" data-widget_type=\"button.default\">\n\t\t\t\t\t\t\t\t\t\t<a class=\"elementor-button elementor-button-link elementor-size-sm\" href=\"https:\/\/craftsmecca.lt\/et\/muud-tood\/\">\n\t\t\t\t\t\t<span class=\"elementor-button-content-wrapper\">\n\t\t\t\t\t\t<span class=\"elementor-button-icon\">\n\t\t\t\t<svg aria-hidden=\"true\" class=\"e-font-icon-svg e-fas-arrow-left\" viewBox=\"0 0 448 512\" xmlns=\"http:\/\/www.w3.org\/2000\/svg\"><path d=\"M257.5 445.1l-22.2 22.2c-9.4 9.4-24.6 9.4-33.9 0L7 273c-9.4-9.4-9.4-24.6 0-33.9L201.4 44.7c9.4-9.4 24.6-9.4 33.9 0l22.2 22.2c9.5 9.5 9.3 25-.4 34.3L136.6 216H424c13.3 0 24 10.7 24 24v32c0 13.3-10.7 24-24 24H136.6l120.5 114.8c9.8 9.3 10 24.8.4 34.3z\"><\/path><\/svg>\t\t\t<\/span>\n\t\t\t\t\t\t\t\t\t<span class=\"elementor-button-text\"> <\/span>\n\t\t\t\t\t<\/span>\n\t\t\t\t\t<\/a>\n\t\t\t\t\t\t\t\t<\/div>\n\t\t\t\t<div class=\"elementor-element elementor-element-71b66ee elementor-widget elementor-widget-text-editor\" data-id=\"71b66ee\" data-element_type=\"widget\" data-widget_type=\"text-editor.default\">\n\t\t\t\t\t\t\t\t\t<p><strong>Tekstiiliarhitektuur<\/strong>, mida m\u00f5nikord nimetatakse ka tentkatete arhitektuuriks, see on \u00fcks moodsamaid arhitektuurisuundi, mille p\u00f5himaterjaliks on PVC-tentkate. Tentkate on kvaliteetne pol\u00fcestervuukidega tugevdatud PVC tentkatte materjal, mis on m\u00f5lemalt poolt kaetud akr\u00fc\u00fcllakiga, mis kaitseb tenti m\u00e4rjaks saamise, hallituse ja UV-kiirte protsessi eest, t\u00e4nu k\u00f5igele sellele ei pleegi tentkate pikka aega ja s\u00e4ilitab oma v\u00e4rvi. Tentkatted on vastupidavad temperatuurik\u00f5ikumistele ja ei muuda oma f\u00fc\u00fcsikalisi omadusi -30\/+70C kraadi juures. Tentkatte materjali iseloomustab venivuskindlus, mist\u00f5ttu on tekstiiliarhitektuurist saanud selle materjali suurep\u00e4rane ni\u0161\u0161. Tentkatteid kasutatakse \u00fcha sagedamini mittestandardsete konstruktsioonide katmist\u00f6\u00f6del, mida saab teostada ka ebatasasel pinnal, saavutades kujutlusv\u00f5imest tulenevaid kujundeid. Tentkatet iseloomustab tihedus, sest \u00fchendusteks kasutatakse k\u00f5rgsurve- ja kuuma\u00f5hujootmise tehnoloogiat, mis ei lase niiskust l\u00e4bi ega kattu metallkonstruktsioonidele omase korrosioonikolletega. Tentkatte materjaliga kaetud katustel lumi kinni ei kleepu, sest selle libe pind libiseb lihtsalt maha, kaitstes nii konstruktsiooni lisakoormuste eest ning valguse l\u00e4bilaskvus v\u00f5imaldab mitte kasutada lisavalgustust p\u00e4evasel ajal (olenevalt presendi v\u00e4rvist). Tentkate ei ima mustust ja seda on lihtne puhastada ning tekkivaid kahjustusi on lihtne ja kiire k\u00e4sitseda.       <br><strong>Tekstiiliarhitektuur <\/strong>&#8211; selle rakendus:<\/p><ul><li>V\u00e4likohvikud, v\u00e4lirestoranid<\/li><li>Kaubanduspaviljonid<\/li><li>Lavad<\/li><li>Staadionid<\/li><li>Varjualused ja p\u00e4ikese\/vihmavarjud.<\/li><\/ul><p>Meie meeskond viib ellu Teie idee v\u00f5i teeb koost\u00f6\u00f6d millegi ainulaadse ja uue loomisel, sest meie prioriteetne valdkond on tekstiiliarhitektuur. Teie m\u00f5tlesite v\u00e4lja, meie viime ellu!  <\/p>\t\t\t\t\t\t\t\t<\/div>\n\t\t\t\t<div class=\"elementor-element elementor-element-f1c3dd4 elementor-widget-divider--view-line elementor-widget elementor-widget-divider\" data-id=\"f1c3dd4\" data-element_type=\"widget\" data-widget_type=\"divider.default\">\n\t\t\t\t\t\t\t<div class=\"elementor-divider\">\n\t\t\t<span class=\"elementor-divider-separator\">\n\t\t\t\t\t\t<\/span>\n\t\t<\/div>\n\t\t\t\t\t\t<\/div>\n\t\t\t\t<div class=\"elementor-element elementor-element-f042ece elementor-widget elementor-widget-text-editor\" data-id=\"f042ece\" data-element_type=\"widget\" data-widget_type=\"text-editor.default\">\n\t\t\t\t\t\t\t\t\t<p><strong>Hind:<\/strong> arvutatakse individuaalselt.<\/p>\t\t\t\t\t\t\t\t<\/div>\n\t\t\t\t<div class=\"elementor-element elementor-element-71d058e elementor-widget elementor-widget-gallery\" data-id=\"71d058e\" data-element_type=\"widget\" data-settings=\"{&quot;image_hover_animation&quot;:&quot;grow&quot;,&quot;lazyload&quot;:&quot;yes&quot;,&quot;gallery_layout&quot;:&quot;grid&quot;,&quot;columns&quot;:4,&quot;columns_tablet&quot;:2,&quot;columns_mobile&quot;:1,&quot;gap&quot;:{&quot;unit&quot;:&quot;px&quot;,&quot;size&quot;:10,&quot;sizes&quot;:[]},&quot;gap_tablet&quot;:{&quot;unit&quot;:&quot;px&quot;,&quot;size&quot;:10,&quot;sizes&quot;:[]},&quot;gap_mobile&quot;:{&quot;unit&quot;:&quot;px&quot;,&quot;size&quot;:10,&quot;sizes&quot;:[]},&quot;link_to&quot;:&quot;file&quot;,&quot;aspect_ratio&quot;:&quot;3:2&quot;,&quot;overlay_background&quot;:&quot;yes&quot;,&quot;content_hover_animation&quot;:&quot;fade-in&quot;}\" data-widget_type=\"gallery.default\">\n\t\t\t\t\t\t\t<div class=\"elementor-gallery__container\">\n\t\t\t\t\t\t\t<a class=\"e-gallery-item elementor-gallery-item elementor-animated-content\" href=\"https:\/\/craftsmecca.lt\/wp-content\/uploads\/2025\/03\/tekstile.jpg\" data-elementor-open-lightbox=\"yes\" data-elementor-lightbox-slideshow=\"71d058e\" data-elementor-lightbox-title=\"tekstile\" data-e-action-hash=\"#elementor-action%3Aaction%3Dlightbox%26settings%3DeyJpZCI6Nzk4NywidXJsIjoiaHR0cHM6XC9cL2NyYWZ0c21lY2NhLmx0XC93cC1jb250ZW50XC91cGxvYWRzXC8yMDI1XC8wM1wvdGVrc3RpbGUuanBnIiwic2xpZGVzaG93IjoiNzFkMDU4ZSJ9\">\n\t\t\t\t\t<div class=\"e-gallery-image elementor-gallery-item__image\" data-thumbnail=\"https:\/\/craftsmecca.lt\/wp-content\/uploads\/2025\/03\/tekstile-300x204.jpg\" data-width=\"300\" data-height=\"204\" aria-label=\"\" role=\"img\" ><\/div>\n\t\t\t\t\t\t\t\t\t\t\t<div class=\"elementor-gallery-item__overlay\"><\/div>\n\t\t\t\t\t\t\t\t\t\t\t\t\t\t<\/a>\n\t\t\t\t\t<\/div>\n\t\t\t\t\t<\/div>\n\t\t\t\t\t<\/div>\n\t\t\t\t<\/div>\n\t\t\t\t<\/div>\n\t\t","protected":false},"excerpt":{"rendered":"<p>Tekstiiliarhitektuur, mida m\u00f5nikord nimetatakse ka tentkatete arhitektuuriks, see on \u00fcks moodsamaid arhitektuurisuundi, mille p\u00f5himaterjaliks on PVC-tentkate. Tentkate on kvaliteetne pol\u00fcestervuukidega tugevdatud PVC tentkatte materjal, mis on m\u00f5lemalt poolt kaetud akr\u00fc\u00fcllakiga, mis kaitseb tenti m\u00e4rjaks saamise, hallituse ja UV-kiirte protsessi eest, t\u00e4nu k\u00f5igele sellele ei pleegi tentkate pikka aega ja s\u00e4ilitab oma v\u00e4rvi. Tentkatted on vastupidavad [&hellip;]<\/p>\n","protected":false},"author":1,"featured_media":5826,"parent":5819,"menu_order":0,"comment_status":"closed","ping_status":"closed","template":"","meta":{"footnotes":""},"class_list":["post-5887","page","type-page","status-publish","has-post-thumbnail","hentry"],"blocksy_meta":[],"yoast_head":"<!-- This site is optimized with the Yoast SEO plugin v26.3 - https:\/\/yoast.com\/wordpress\/plugins\/seo\/ -->\n<title>Tekstiiliarhitektuur - muljetavaldavad lahendused - Craftsmecca<\/title>\n<meta name=\"description\" content=\"Pingutatud tekstiilkonstruktsioonid \u00fcritustele ja varjualustele. Esteetika, vastupidavus ja funktsionaalsus.\" \/>\n<meta name=\"robots\" content=\"index, follow, max-snippet:-1, max-image-preview:large, max-video-preview:-1\" \/>\n<link rel=\"canonical\" href=\"https:\/\/craftsmecca.lt\/et\/muud-tood\/tekstiiliarhitektuur\/\" \/>\n<meta property=\"og:locale\" content=\"et_EE\" \/>\n<meta property=\"og:type\" content=\"article\" \/>\n<meta property=\"og:title\" content=\"Tekstiiliarhitektuur - muljetavaldavad lahendused - Craftsmecca\" \/>\n<meta property=\"og:description\" content=\"Pingutatud tekstiilkonstruktsioonid \u00fcritustele ja varjualustele. Esteetika, vastupidavus ja funktsionaalsus.\" \/>\n<meta property=\"og:url\" content=\"https:\/\/craftsmecca.lt\/et\/muud-tood\/tekstiiliarhitektuur\/\" \/>\n<meta property=\"og:site_name\" content=\"Craftsmecca\" \/>\n<meta property=\"article:publisher\" content=\"https:\/\/www.facebook.com\/CraftsMecca\" \/>\n<meta property=\"article:modified_time\" content=\"2025-07-09T14:14:34+00:00\" \/>\n<meta property=\"og:image\" content=\"https:\/\/craftsmecca.lt\/wp-content\/uploads\/2025\/03\/category-8-10-tekstile.jpg\" \/>\n\t<meta property=\"og:image:width\" content=\"882\" \/>\n\t<meta property=\"og:image:height\" content=\"600\" \/>\n\t<meta property=\"og:image:type\" content=\"image\/jpeg\" \/>\n<meta name=\"twitter:card\" content=\"summary_large_image\" \/>\n<meta name=\"twitter:label1\" content=\"Est. reading time\" \/>\n\t<meta name=\"twitter:data1\" content=\"1 minut\" \/>\n<script type=\"application\/ld+json\" class=\"yoast-schema-graph\">{\"@context\":\"https:\/\/schema.org\",\"@graph\":[{\"@type\":\"WebPage\",\"@id\":\"https:\/\/craftsmecca.lt\/et\/muud-tood\/tekstiiliarhitektuur\/\",\"url\":\"https:\/\/craftsmecca.lt\/et\/muud-tood\/tekstiiliarhitektuur\/\",\"name\":\"Tekstiiliarhitektuur - muljetavaldavad lahendused - Craftsmecca\",\"isPartOf\":{\"@id\":\"https:\/\/craftsmecca.lt\/et\/#website\"},\"primaryImageOfPage\":{\"@id\":\"https:\/\/craftsmecca.lt\/et\/muud-tood\/tekstiiliarhitektuur\/#primaryimage\"},\"image\":{\"@id\":\"https:\/\/craftsmecca.lt\/et\/muud-tood\/tekstiiliarhitektuur\/#primaryimage\"},\"thumbnailUrl\":\"https:\/\/craftsmecca.lt\/wp-content\/uploads\/2025\/03\/category-8-10-tekstile.jpg\",\"datePublished\":\"2025-03-12T13:04:29+00:00\",\"dateModified\":\"2025-07-09T14:14:34+00:00\",\"description\":\"Pingutatud tekstiilkonstruktsioonid \u00fcritustele ja varjualustele. Esteetika, vastupidavus ja funktsionaalsus.\",\"breadcrumb\":{\"@id\":\"https:\/\/craftsmecca.lt\/et\/muud-tood\/tekstiiliarhitektuur\/#breadcrumb\"},\"inLanguage\":\"et\",\"potentialAction\":[{\"@type\":\"ReadAction\",\"target\":[\"https:\/\/craftsmecca.lt\/et\/muud-tood\/tekstiiliarhitektuur\/\"]}]},{\"@type\":\"ImageObject\",\"inLanguage\":\"et\",\"@id\":\"https:\/\/craftsmecca.lt\/et\/muud-tood\/tekstiiliarhitektuur\/#primaryimage\",\"url\":\"https:\/\/craftsmecca.lt\/wp-content\/uploads\/2025\/03\/category-8-10-tekstile.jpg\",\"contentUrl\":\"https:\/\/craftsmecca.lt\/wp-content\/uploads\/2025\/03\/category-8-10-tekstile.jpg\",\"width\":882,\"height\":600,\"caption\":\"Tekstilin\u0117 architekt\u016bra\"},{\"@type\":\"BreadcrumbList\",\"@id\":\"https:\/\/craftsmecca.lt\/et\/muud-tood\/tekstiiliarhitektuur\/#breadcrumb\",\"itemListElement\":[{\"@type\":\"ListItem\",\"position\":1,\"name\":\"Home\",\"item\":\"https:\/\/craftsmecca.lt\/et\/\"},{\"@type\":\"ListItem\",\"position\":2,\"name\":\"Muud t\u00f6\u00f6d\",\"item\":\"https:\/\/craftsmecca.lt\/et\/muud-tood\/\"},{\"@type\":\"ListItem\",\"position\":3,\"name\":\"Tekstiiliarhitektuur\"}]},{\"@type\":\"WebSite\",\"@id\":\"https:\/\/craftsmecca.lt\/et\/#website\",\"url\":\"https:\/\/craftsmecca.lt\/et\/\",\"name\":\"Craftsmecca\",\"description\":\"\",\"publisher\":{\"@id\":\"https:\/\/craftsmecca.lt\/et\/#organization\"},\"potentialAction\":[{\"@type\":\"SearchAction\",\"target\":{\"@type\":\"EntryPoint\",\"urlTemplate\":\"https:\/\/craftsmecca.lt\/et\/?s={search_term_string}\"},\"query-input\":{\"@type\":\"PropertyValueSpecification\",\"valueRequired\":true,\"valueName\":\"search_term_string\"}}],\"inLanguage\":\"et\"},{\"@type\":\"Organization\",\"@id\":\"https:\/\/craftsmecca.lt\/et\/#organization\",\"name\":\"Craftsmecca\",\"url\":\"https:\/\/craftsmecca.lt\/et\/\",\"logo\":{\"@type\":\"ImageObject\",\"inLanguage\":\"et\",\"@id\":\"https:\/\/craftsmecca.lt\/et\/#\/schema\/logo\/image\/\",\"url\":\"https:\/\/craftsmecca.lt\/wp-content\/uploads\/2025\/02\/CraftsMecca_logo-2.png\",\"contentUrl\":\"https:\/\/craftsmecca.lt\/wp-content\/uploads\/2025\/02\/CraftsMecca_logo-2.png\",\"width\":828,\"height\":306,\"caption\":\"Craftsmecca\"},\"image\":{\"@id\":\"https:\/\/craftsmecca.lt\/et\/#\/schema\/logo\/image\/\"},\"sameAs\":[\"https:\/\/www.facebook.com\/CraftsMecca\",\"https:\/\/www.instagram.com\/crafts_mecca\/\",\"https:\/\/www.youtube.com\/@craftsmecca2835\/videos\"]}]}<\/script>\n<!-- \/ Yoast SEO plugin. -->","yoast_head_json":{"title":"Tekstiiliarhitektuur - muljetavaldavad lahendused - Craftsmecca","description":"Pingutatud tekstiilkonstruktsioonid \u00fcritustele ja varjualustele. Esteetika, vastupidavus ja funktsionaalsus.","robots":{"index":"index","follow":"follow","max-snippet":"max-snippet:-1","max-image-preview":"max-image-preview:large","max-video-preview":"max-video-preview:-1"},"canonical":"https:\/\/craftsmecca.lt\/et\/muud-tood\/tekstiiliarhitektuur\/","og_locale":"et_EE","og_type":"article","og_title":"Tekstiiliarhitektuur - muljetavaldavad lahendused - Craftsmecca","og_description":"Pingutatud tekstiilkonstruktsioonid \u00fcritustele ja varjualustele. Esteetika, vastupidavus ja funktsionaalsus.","og_url":"https:\/\/craftsmecca.lt\/et\/muud-tood\/tekstiiliarhitektuur\/","og_site_name":"Craftsmecca","article_publisher":"https:\/\/www.facebook.com\/CraftsMecca","article_modified_time":"2025-07-09T14:14:34+00:00","og_image":[{"width":882,"height":600,"url":"https:\/\/craftsmecca.lt\/wp-content\/uploads\/2025\/03\/category-8-10-tekstile.jpg","type":"image\/jpeg"}],"twitter_card":"summary_large_image","twitter_misc":{"Est. reading time":"1 minut"},"schema":{"@context":"https:\/\/schema.org","@graph":[{"@type":"WebPage","@id":"https:\/\/craftsmecca.lt\/et\/muud-tood\/tekstiiliarhitektuur\/","url":"https:\/\/craftsmecca.lt\/et\/muud-tood\/tekstiiliarhitektuur\/","name":"Tekstiiliarhitektuur - muljetavaldavad lahendused - Craftsmecca","isPartOf":{"@id":"https:\/\/craftsmecca.lt\/et\/#website"},"primaryImageOfPage":{"@id":"https:\/\/craftsmecca.lt\/et\/muud-tood\/tekstiiliarhitektuur\/#primaryimage"},"image":{"@id":"https:\/\/craftsmecca.lt\/et\/muud-tood\/tekstiiliarhitektuur\/#primaryimage"},"thumbnailUrl":"https:\/\/craftsmecca.lt\/wp-content\/uploads\/2025\/03\/category-8-10-tekstile.jpg","datePublished":"2025-03-12T13:04:29+00:00","dateModified":"2025-07-09T14:14:34+00:00","description":"Pingutatud tekstiilkonstruktsioonid \u00fcritustele ja varjualustele. Esteetika, vastupidavus ja funktsionaalsus.","breadcrumb":{"@id":"https:\/\/craftsmecca.lt\/et\/muud-tood\/tekstiiliarhitektuur\/#breadcrumb"},"inLanguage":"et","potentialAction":[{"@type":"ReadAction","target":["https:\/\/craftsmecca.lt\/et\/muud-tood\/tekstiiliarhitektuur\/"]}]},{"@type":"ImageObject","inLanguage":"et","@id":"https:\/\/craftsmecca.lt\/et\/muud-tood\/tekstiiliarhitektuur\/#primaryimage","url":"https:\/\/craftsmecca.lt\/wp-content\/uploads\/2025\/03\/category-8-10-tekstile.jpg","contentUrl":"https:\/\/craftsmecca.lt\/wp-content\/uploads\/2025\/03\/category-8-10-tekstile.jpg","width":882,"height":600,"caption":"Tekstilin\u0117 architekt\u016bra"},{"@type":"BreadcrumbList","@id":"https:\/\/craftsmecca.lt\/et\/muud-tood\/tekstiiliarhitektuur\/#breadcrumb","itemListElement":[{"@type":"ListItem","position":1,"name":"Home","item":"https:\/\/craftsmecca.lt\/et\/"},{"@type":"ListItem","position":2,"name":"Muud t\u00f6\u00f6d","item":"https:\/\/craftsmecca.lt\/et\/muud-tood\/"},{"@type":"ListItem","position":3,"name":"Tekstiiliarhitektuur"}]},{"@type":"WebSite","@id":"https:\/\/craftsmecca.lt\/et\/#website","url":"https:\/\/craftsmecca.lt\/et\/","name":"Craftsmecca","description":"","publisher":{"@id":"https:\/\/craftsmecca.lt\/et\/#organization"},"potentialAction":[{"@type":"SearchAction","target":{"@type":"EntryPoint","urlTemplate":"https:\/\/craftsmecca.lt\/et\/?s={search_term_string}"},"query-input":{"@type":"PropertyValueSpecification","valueRequired":true,"valueName":"search_term_string"}}],"inLanguage":"et"},{"@type":"Organization","@id":"https:\/\/craftsmecca.lt\/et\/#organization","name":"Craftsmecca","url":"https:\/\/craftsmecca.lt\/et\/","logo":{"@type":"ImageObject","inLanguage":"et","@id":"https:\/\/craftsmecca.lt\/et\/#\/schema\/logo\/image\/","url":"https:\/\/craftsmecca.lt\/wp-content\/uploads\/2025\/02\/CraftsMecca_logo-2.png","contentUrl":"https:\/\/craftsmecca.lt\/wp-content\/uploads\/2025\/02\/CraftsMecca_logo-2.png","width":828,"height":306,"caption":"Craftsmecca"},"image":{"@id":"https:\/\/craftsmecca.lt\/et\/#\/schema\/logo\/image\/"},"sameAs":["https:\/\/www.facebook.com\/CraftsMecca","https:\/\/www.instagram.com\/crafts_mecca\/","https:\/\/www.youtube.com\/@craftsmecca2835\/videos"]}]}},"_links":{"self":[{"href":"https:\/\/craftsmecca.lt\/et\/wp-json\/wp\/v2\/pages\/5887","targetHints":{"allow":["GET"]}}],"collection":[{"href":"https:\/\/craftsmecca.lt\/et\/wp-json\/wp\/v2\/pages"}],"about":[{"href":"https:\/\/craftsmecca.lt\/et\/wp-json\/wp\/v2\/types\/page"}],"author":[{"embeddable":true,"href":"https:\/\/craftsmecca.lt\/et\/wp-json\/wp\/v2\/users\/1"}],"replies":[{"embeddable":true,"href":"https:\/\/craftsmecca.lt\/et\/wp-json\/wp\/v2\/comments?post=5887"}],"version-history":[{"count":3,"href":"https:\/\/craftsmecca.lt\/et\/wp-json\/wp\/v2\/pages\/5887\/revisions"}],"predecessor-version":[{"id":9629,"href":"https:\/\/craftsmecca.lt\/et\/wp-json\/wp\/v2\/pages\/5887\/revisions\/9629"}],"up":[{"embeddable":true,"href":"https:\/\/craftsmecca.lt\/et\/wp-json\/wp\/v2\/pages\/5819"}],"wp:featuredmedia":[{"embeddable":true,"href":"https:\/\/craftsmecca.lt\/et\/wp-json\/wp\/v2\/media\/5826"}],"wp:attachment":[{"href":"https:\/\/craftsmecca.lt\/et\/wp-json\/wp\/v2\/media?parent=5887"}],"curies":[{"name":"wp","href":"https:\/\/api.w.org\/{rel}","templated":true}]}}