{"id":5609,"date":"2025-01-27T11:00:31","date_gmt":"2025-01-27T11:00:31","guid":{"rendered":"https:\/\/craftsmecca.lt\/produktas\/pergola-b500-25p-bioclimatic\/"},"modified":"2025-09-02T13:56:07","modified_gmt":"2025-09-02T13:56:07","slug":"pergola-b500-25p-bioclimatic","status":"publish","type":"product","link":"https:\/\/craftsmecca.lt\/et\/toode\/pergola-b500-25p-bioclimatic\/","title":{"rendered":"Pergola B500-25P Bioclimatic"},"content":{"rendered":"<p><strong>Maksimaalne lamelli pikkus 450 cm.<\/strong><br \/>\n<strong>Madalam hind.<\/strong><\/p>\n","protected":false},"excerpt":{"rendered":"<p>Maksimaalne lamelli pikkus 450 cm. Madalam hind.<\/p>\n","protected":false},"featured_media":6051,"comment_status":"open","ping_status":"closed","template":"","meta":[],"product_brand":[],"product_cat":[152,151,160],"product_tag":[166],"class_list":{"0":"post-5609","1":"product","2":"type-product","3":"status-publish","4":"has-post-thumbnail","6":"product_cat-bioklimaatilised-pergolad","7":"product_cat-pergola-varjualused","8":"product_cat-poorlevate-lamellidega-pergola","9":"product_tag-pergola-b500-25p-bioclimatic-et","11":"first","12":"instock","13":"shipping-taxable","14":"purchasable","15":"product-type-simple"},"yoast_head":"<!-- This site is optimized with the Yoast SEO plugin v26.3 - https:\/\/yoast.com\/wordpress\/plugins\/seo\/ -->\n<title>Pergola B500-25P Bioclimatic - p\u00f6\u00f6ratavate lamellidega - Craftsmecca<\/title>\n<meta name=\"description\" content=\"Vastupidav alumiiniumist pergola p\u00f6\u00f6rlevate lamellidega - \u00e4\u00e4rmiselt tuule- ja vihmakindel. Looge oma \u00f5uealale t\u00e4iuslik varju ja disaini esteetika.\" \/>\n<meta name=\"robots\" content=\"index, follow, max-snippet:-1, max-image-preview:large, max-video-preview:-1\" \/>\n<link rel=\"canonical\" href=\"https:\/\/craftsmecca.lt\/et\/toode\/pergola-b500-25p-bioclimatic\/\" \/>\n<meta property=\"og:locale\" content=\"et_EE\" \/>\n<meta property=\"og:type\" content=\"article\" \/>\n<meta property=\"og:title\" content=\"Pergola B500-25P Bioclimatic - p\u00f6\u00f6ratavate lamellidega - Craftsmecca\" \/>\n<meta property=\"og:description\" content=\"Vastupidav alumiiniumist pergola p\u00f6\u00f6rlevate lamellidega - \u00e4\u00e4rmiselt tuule- ja vihmakindel. Looge oma \u00f5uealale t\u00e4iuslik varju ja disaini esteetika.\" \/>\n<meta property=\"og:url\" content=\"https:\/\/craftsmecca.lt\/et\/toode\/pergola-b500-25p-bioclimatic\/\" \/>\n<meta property=\"og:site_name\" content=\"Craftsmecca\" \/>\n<meta property=\"article:publisher\" content=\"https:\/\/www.facebook.com\/CraftsMecca\" \/>\n<meta property=\"article:modified_time\" content=\"2025-09-02T13:56:07+00:00\" \/>\n<meta property=\"og:image\" content=\"https:\/\/craftsmecca.lt\/wp-content\/uploads\/2025\/02\/bioklimatine-pergola-pergolos.jpg\" \/>\n<meta name=\"twitter:card\" content=\"summary_large_image\" \/>\n<script type=\"application\/ld+json\" class=\"yoast-schema-graph\">{\"@context\":\"https:\/\/schema.org\",\"@graph\":[{\"@type\":\"WebPage\",\"@id\":\"https:\/\/craftsmecca.lt\/et\/toode\/pergola-b500-25p-bioclimatic\/\",\"url\":\"https:\/\/craftsmecca.lt\/et\/toode\/pergola-b500-25p-bioclimatic\/\",\"name\":\"Pergola B500-25P Bioclimatic - p\u00f6\u00f6ratavate lamellidega - Craftsmecca\",\"isPartOf\":{\"@id\":\"https:\/\/craftsmecca.lt\/et\/#website\"},\"primaryImageOfPage\":{\"@id\":\"https:\/\/craftsmecca.lt\/et\/toode\/pergola-b500-25p-bioclimatic\/#primaryimage\"},\"image\":{\"@id\":\"https:\/\/craftsmecca.lt\/et\/toode\/pergola-b500-25p-bioclimatic\/#primaryimage\"},\"thumbnailUrl\":\"https:\/\/craftsmecca.lt\/wp-content\/uploads\/2025\/01\/B500-25P.jpg\",\"datePublished\":\"2025-01-27T11:00:31+00:00\",\"dateModified\":\"2025-09-02T13:56:07+00:00\",\"description\":\"Vastupidav alumiiniumist pergola p\u00f6\u00f6rlevate lamellidega - \u00e4\u00e4rmiselt tuule- ja vihmakindel. Looge oma \u00f5uealale t\u00e4iuslik varju ja disaini esteetika.\",\"breadcrumb\":{\"@id\":\"https:\/\/craftsmecca.lt\/et\/toode\/pergola-b500-25p-bioclimatic\/#breadcrumb\"},\"inLanguage\":\"et\",\"potentialAction\":[{\"@type\":\"ReadAction\",\"target\":[\"https:\/\/craftsmecca.lt\/et\/toode\/pergola-b500-25p-bioclimatic\/\"]}]},{\"@type\":\"ImageObject\",\"inLanguage\":\"et\",\"@id\":\"https:\/\/craftsmecca.lt\/et\/toode\/pergola-b500-25p-bioclimatic\/#primaryimage\",\"url\":\"https:\/\/craftsmecca.lt\/wp-content\/uploads\/2025\/01\/B500-25P.jpg\",\"contentUrl\":\"https:\/\/craftsmecca.lt\/wp-content\/uploads\/2025\/01\/B500-25P.jpg\",\"width\":700,\"height\":400,\"caption\":\"B500-25P\"},{\"@type\":\"BreadcrumbList\",\"@id\":\"https:\/\/craftsmecca.lt\/et\/toode\/pergola-b500-25p-bioclimatic\/#breadcrumb\",\"itemListElement\":[{\"@type\":\"ListItem\",\"position\":1,\"name\":\"Home\",\"item\":\"https:\/\/craftsmecca.lt\/et\/\"},{\"@type\":\"ListItem\",\"position\":2,\"name\":\"Kauplus\",\"item\":\"https:\/\/craftsmecca.lt\/et\/kauplus\/\"},{\"@type\":\"ListItem\",\"position\":3,\"name\":\"Pergola B500-25P Bioclimatic\"}]},{\"@type\":\"WebSite\",\"@id\":\"https:\/\/craftsmecca.lt\/et\/#website\",\"url\":\"https:\/\/craftsmecca.lt\/et\/\",\"name\":\"Craftsmecca\",\"description\":\"\",\"publisher\":{\"@id\":\"https:\/\/craftsmecca.lt\/et\/#organization\"},\"potentialAction\":[{\"@type\":\"SearchAction\",\"target\":{\"@type\":\"EntryPoint\",\"urlTemplate\":\"https:\/\/craftsmecca.lt\/et\/?s={search_term_string}\"},\"query-input\":{\"@type\":\"PropertyValueSpecification\",\"valueRequired\":true,\"valueName\":\"search_term_string\"}}],\"inLanguage\":\"et\"},{\"@type\":\"Organization\",\"@id\":\"https:\/\/craftsmecca.lt\/et\/#organization\",\"name\":\"Craftsmecca\",\"url\":\"https:\/\/craftsmecca.lt\/et\/\",\"logo\":{\"@type\":\"ImageObject\",\"inLanguage\":\"et\",\"@id\":\"https:\/\/craftsmecca.lt\/et\/#\/schema\/logo\/image\/\",\"url\":\"https:\/\/craftsmecca.lt\/wp-content\/uploads\/2025\/02\/CraftsMecca_logo-2.png\",\"contentUrl\":\"https:\/\/craftsmecca.lt\/wp-content\/uploads\/2025\/02\/CraftsMecca_logo-2.png\",\"width\":828,\"height\":306,\"caption\":\"Craftsmecca\"},\"image\":{\"@id\":\"https:\/\/craftsmecca.lt\/et\/#\/schema\/logo\/image\/\"},\"sameAs\":[\"https:\/\/www.facebook.com\/CraftsMecca\",\"https:\/\/www.instagram.com\/crafts_mecca\/\",\"https:\/\/www.youtube.com\/@craftsmecca2835\/videos\"]}]}<\/script>\n<!-- \/ Yoast SEO plugin. -->","yoast_head_json":{"title":"Pergola B500-25P Bioclimatic - p\u00f6\u00f6ratavate lamellidega - Craftsmecca","description":"Vastupidav alumiiniumist pergola p\u00f6\u00f6rlevate lamellidega - \u00e4\u00e4rmiselt tuule- ja vihmakindel. Looge oma \u00f5uealale t\u00e4iuslik varju ja disaini esteetika.","robots":{"index":"index","follow":"follow","max-snippet":"max-snippet:-1","max-image-preview":"max-image-preview:large","max-video-preview":"max-video-preview:-1"},"canonical":"https:\/\/craftsmecca.lt\/et\/toode\/pergola-b500-25p-bioclimatic\/","og_locale":"et_EE","og_type":"article","og_title":"Pergola B500-25P Bioclimatic - p\u00f6\u00f6ratavate lamellidega - Craftsmecca","og_description":"Vastupidav alumiiniumist pergola p\u00f6\u00f6rlevate lamellidega - \u00e4\u00e4rmiselt tuule- ja vihmakindel. Looge oma \u00f5uealale t\u00e4iuslik varju ja disaini esteetika.","og_url":"https:\/\/craftsmecca.lt\/et\/toode\/pergola-b500-25p-bioclimatic\/","og_site_name":"Craftsmecca","article_publisher":"https:\/\/www.facebook.com\/CraftsMecca","article_modified_time":"2025-09-02T13:56:07+00:00","og_image":[{"url":"https:\/\/craftsmecca.lt\/wp-content\/uploads\/2025\/02\/bioklimatine-pergola-pergolos.jpg","type":"","width":"","height":""}],"twitter_card":"summary_large_image","schema":{"@context":"https:\/\/schema.org","@graph":[{"@type":"WebPage","@id":"https:\/\/craftsmecca.lt\/et\/toode\/pergola-b500-25p-bioclimatic\/","url":"https:\/\/craftsmecca.lt\/et\/toode\/pergola-b500-25p-bioclimatic\/","name":"Pergola B500-25P Bioclimatic - p\u00f6\u00f6ratavate lamellidega - Craftsmecca","isPartOf":{"@id":"https:\/\/craftsmecca.lt\/et\/#website"},"primaryImageOfPage":{"@id":"https:\/\/craftsmecca.lt\/et\/toode\/pergola-b500-25p-bioclimatic\/#primaryimage"},"image":{"@id":"https:\/\/craftsmecca.lt\/et\/toode\/pergola-b500-25p-bioclimatic\/#primaryimage"},"thumbnailUrl":"https:\/\/craftsmecca.lt\/wp-content\/uploads\/2025\/01\/B500-25P.jpg","datePublished":"2025-01-27T11:00:31+00:00","dateModified":"2025-09-02T13:56:07+00:00","description":"Vastupidav alumiiniumist pergola p\u00f6\u00f6rlevate lamellidega - \u00e4\u00e4rmiselt tuule- ja vihmakindel. Looge oma \u00f5uealale t\u00e4iuslik varju ja disaini esteetika.","breadcrumb":{"@id":"https:\/\/craftsmecca.lt\/et\/toode\/pergola-b500-25p-bioclimatic\/#breadcrumb"},"inLanguage":"et","potentialAction":[{"@type":"ReadAction","target":["https:\/\/craftsmecca.lt\/et\/toode\/pergola-b500-25p-bioclimatic\/"]}]},{"@type":"ImageObject","inLanguage":"et","@id":"https:\/\/craftsmecca.lt\/et\/toode\/pergola-b500-25p-bioclimatic\/#primaryimage","url":"https:\/\/craftsmecca.lt\/wp-content\/uploads\/2025\/01\/B500-25P.jpg","contentUrl":"https:\/\/craftsmecca.lt\/wp-content\/uploads\/2025\/01\/B500-25P.jpg","width":700,"height":400,"caption":"B500-25P"},{"@type":"BreadcrumbList","@id":"https:\/\/craftsmecca.lt\/et\/toode\/pergola-b500-25p-bioclimatic\/#breadcrumb","itemListElement":[{"@type":"ListItem","position":1,"name":"Home","item":"https:\/\/craftsmecca.lt\/et\/"},{"@type":"ListItem","position":2,"name":"Kauplus","item":"https:\/\/craftsmecca.lt\/et\/kauplus\/"},{"@type":"ListItem","position":3,"name":"Pergola B500-25P Bioclimatic"}]},{"@type":"WebSite","@id":"https:\/\/craftsmecca.lt\/et\/#website","url":"https:\/\/craftsmecca.lt\/et\/","name":"Craftsmecca","description":"","publisher":{"@id":"https:\/\/craftsmecca.lt\/et\/#organization"},"potentialAction":[{"@type":"SearchAction","target":{"@type":"EntryPoint","urlTemplate":"https:\/\/craftsmecca.lt\/et\/?s={search_term_string}"},"query-input":{"@type":"PropertyValueSpecification","valueRequired":true,"valueName":"search_term_string"}}],"inLanguage":"et"},{"@type":"Organization","@id":"https:\/\/craftsmecca.lt\/et\/#organization","name":"Craftsmecca","url":"https:\/\/craftsmecca.lt\/et\/","logo":{"@type":"ImageObject","inLanguage":"et","@id":"https:\/\/craftsmecca.lt\/et\/#\/schema\/logo\/image\/","url":"https:\/\/craftsmecca.lt\/wp-content\/uploads\/2025\/02\/CraftsMecca_logo-2.png","contentUrl":"https:\/\/craftsmecca.lt\/wp-content\/uploads\/2025\/02\/CraftsMecca_logo-2.png","width":828,"height":306,"caption":"Craftsmecca"},"image":{"@id":"https:\/\/craftsmecca.lt\/et\/#\/schema\/logo\/image\/"},"sameAs":["https:\/\/www.facebook.com\/CraftsMecca","https:\/\/www.instagram.com\/crafts_mecca\/","https:\/\/www.youtube.com\/@craftsmecca2835\/videos"]}]}},"_links":{"self":[{"href":"https:\/\/craftsmecca.lt\/et\/wp-json\/wp\/v2\/product\/5609","targetHints":{"allow":["GET"]}}],"collection":[{"href":"https:\/\/craftsmecca.lt\/et\/wp-json\/wp\/v2\/product"}],"about":[{"href":"https:\/\/craftsmecca.lt\/et\/wp-json\/wp\/v2\/types\/product"}],"replies":[{"embeddable":true,"href":"https:\/\/craftsmecca.lt\/et\/wp-json\/wp\/v2\/comments?post=5609"}],"wp:featuredmedia":[{"embeddable":true,"href":"https:\/\/craftsmecca.lt\/et\/wp-json\/wp\/v2\/media\/6051"}],"wp:attachment":[{"href":"https:\/\/craftsmecca.lt\/et\/wp-json\/wp\/v2\/media?parent=5609"}],"wp:term":[{"taxonomy":"product_brand","embeddable":true,"href":"https:\/\/craftsmecca.lt\/et\/wp-json\/wp\/v2\/product_brand?post=5609"},{"taxonomy":"product_cat","embeddable":true,"href":"https:\/\/craftsmecca.lt\/et\/wp-json\/wp\/v2\/product_cat?post=5609"},{"taxonomy":"product_tag","embeddable":true,"href":"https:\/\/craftsmecca.lt\/et\/wp-json\/wp\/v2\/product_tag?post=5609"}],"curies":[{"name":"wp","href":"https:\/\/api.w.org\/{rel}","templated":true}]}}