{"id":5621,"date":"2025-03-03T13:15:52","date_gmt":"2025-03-03T13:15:52","guid":{"rendered":"https:\/\/craftsmecca.lt\/produktas\/zip-131\/"},"modified":"2025-09-02T14:01:58","modified_gmt":"2025-09-02T14:01:58","slug":"zip-131","status":"publish","type":"product","link":"https:\/\/craftsmecca.lt\/et\/toode\/zip-131\/","title":{"rendered":"Zip 131"},"content":{"rendered":"","protected":false},"excerpt":{"rendered":"","protected":false},"featured_media":5737,"comment_status":"open","ping_status":"closed","template":"","meta":[],"product_brand":[],"product_cat":[156],"product_tag":[178],"class_list":{"0":"post-5621","1":"product","2":"type-product","3":"status-publish","4":"has-post-thumbnail","6":"product_cat-zip-screen-valirulood","7":"product_tag-zip-131-et","9":"first","10":"instock","11":"shipping-taxable","12":"purchasable","13":"product-type-simple"},"yoast_head":"<!-- This site is optimized with the Yoast SEO plugin v26.3 - https:\/\/yoast.com\/wordpress\/plugins\/seo\/ -->\n<title>Zip 131 elektrilised rulood - Mugavus ja kaitse - Craftsmecca<\/title>\n<meta name=\"description\" content=\"Zip 131 rulood - usaldusv\u00e4\u00e4rne kaitse p\u00e4ikese ja tuule eest. Vaikne t\u00f6\u00f6, kaugjuhtimispult, kaasaegne disain, ideaalne valik terrassidele.\" \/>\n<meta name=\"robots\" content=\"index, follow, max-snippet:-1, max-image-preview:large, max-video-preview:-1\" \/>\n<link rel=\"canonical\" href=\"https:\/\/craftsmecca.lt\/et\/toode\/zip-131\/\" \/>\n<meta property=\"og:locale\" content=\"et_EE\" \/>\n<meta property=\"og:type\" content=\"article\" \/>\n<meta property=\"og:title\" content=\"Zip 131 elektrilised rulood - Mugavus ja kaitse - Craftsmecca\" \/>\n<meta property=\"og:description\" content=\"Zip 131 rulood - usaldusv\u00e4\u00e4rne kaitse p\u00e4ikese ja tuule eest. Vaikne t\u00f6\u00f6, kaugjuhtimispult, kaasaegne disain, ideaalne valik terrassidele.\" \/>\n<meta property=\"og:url\" content=\"https:\/\/craftsmecca.lt\/et\/toode\/zip-131\/\" \/>\n<meta property=\"og:site_name\" content=\"Craftsmecca\" \/>\n<meta property=\"article:publisher\" content=\"https:\/\/www.facebook.com\/CraftsMecca\" \/>\n<meta property=\"article:modified_time\" content=\"2025-09-02T14:01:58+00:00\" \/>\n<meta property=\"og:image\" content=\"https:\/\/craftsmecca.lt\/wp-content\/uploads\/2025\/02\/zip-screen-tentine-pergola.jpg\" \/>\n<meta name=\"twitter:card\" content=\"summary_large_image\" \/>\n<script type=\"application\/ld+json\" class=\"yoast-schema-graph\">{\"@context\":\"https:\/\/schema.org\",\"@graph\":[{\"@type\":\"WebPage\",\"@id\":\"https:\/\/craftsmecca.lt\/et\/toode\/zip-131\/\",\"url\":\"https:\/\/craftsmecca.lt\/et\/toode\/zip-131\/\",\"name\":\"Zip 131 elektrilised rulood - Mugavus ja kaitse - Craftsmecca\",\"isPartOf\":{\"@id\":\"https:\/\/craftsmecca.lt\/et\/#website\"},\"primaryImageOfPage\":{\"@id\":\"https:\/\/craftsmecca.lt\/et\/toode\/zip-131\/#primaryimage\"},\"image\":{\"@id\":\"https:\/\/craftsmecca.lt\/et\/toode\/zip-131\/#primaryimage\"},\"thumbnailUrl\":\"https:\/\/craftsmecca.lt\/wp-content\/uploads\/2025\/02\/zip131-foto.jpg\",\"datePublished\":\"2025-03-03T13:15:52+00:00\",\"dateModified\":\"2025-09-02T14:01:58+00:00\",\"description\":\"Zip 131 rulood - usaldusv\u00e4\u00e4rne kaitse p\u00e4ikese ja tuule eest. Vaikne t\u00f6\u00f6, kaugjuhtimispult, kaasaegne disain, ideaalne valik terrassidele.\",\"breadcrumb\":{\"@id\":\"https:\/\/craftsmecca.lt\/et\/toode\/zip-131\/#breadcrumb\"},\"inLanguage\":\"et\",\"potentialAction\":[{\"@type\":\"ReadAction\",\"target\":[\"https:\/\/craftsmecca.lt\/et\/toode\/zip-131\/\"]}]},{\"@type\":\"ImageObject\",\"inLanguage\":\"et\",\"@id\":\"https:\/\/craftsmecca.lt\/et\/toode\/zip-131\/#primaryimage\",\"url\":\"https:\/\/craftsmecca.lt\/wp-content\/uploads\/2025\/02\/zip131-foto.jpg\",\"contentUrl\":\"https:\/\/craftsmecca.lt\/wp-content\/uploads\/2025\/02\/zip131-foto.jpg\",\"width\":295,\"height\":220},{\"@type\":\"BreadcrumbList\",\"@id\":\"https:\/\/craftsmecca.lt\/et\/toode\/zip-131\/#breadcrumb\",\"itemListElement\":[{\"@type\":\"ListItem\",\"position\":1,\"name\":\"Home\",\"item\":\"https:\/\/craftsmecca.lt\/et\/\"},{\"@type\":\"ListItem\",\"position\":2,\"name\":\"Kauplus\",\"item\":\"https:\/\/craftsmecca.lt\/et\/kauplus\/\"},{\"@type\":\"ListItem\",\"position\":3,\"name\":\"Zip 131\"}]},{\"@type\":\"WebSite\",\"@id\":\"https:\/\/craftsmecca.lt\/et\/#website\",\"url\":\"https:\/\/craftsmecca.lt\/et\/\",\"name\":\"Craftsmecca\",\"description\":\"\",\"publisher\":{\"@id\":\"https:\/\/craftsmecca.lt\/et\/#organization\"},\"potentialAction\":[{\"@type\":\"SearchAction\",\"target\":{\"@type\":\"EntryPoint\",\"urlTemplate\":\"https:\/\/craftsmecca.lt\/et\/?s={search_term_string}\"},\"query-input\":{\"@type\":\"PropertyValueSpecification\",\"valueRequired\":true,\"valueName\":\"search_term_string\"}}],\"inLanguage\":\"et\"},{\"@type\":\"Organization\",\"@id\":\"https:\/\/craftsmecca.lt\/et\/#organization\",\"name\":\"Craftsmecca\",\"url\":\"https:\/\/craftsmecca.lt\/et\/\",\"logo\":{\"@type\":\"ImageObject\",\"inLanguage\":\"et\",\"@id\":\"https:\/\/craftsmecca.lt\/et\/#\/schema\/logo\/image\/\",\"url\":\"https:\/\/craftsmecca.lt\/wp-content\/uploads\/2025\/02\/CraftsMecca_logo-2.png\",\"contentUrl\":\"https:\/\/craftsmecca.lt\/wp-content\/uploads\/2025\/02\/CraftsMecca_logo-2.png\",\"width\":828,\"height\":306,\"caption\":\"Craftsmecca\"},\"image\":{\"@id\":\"https:\/\/craftsmecca.lt\/et\/#\/schema\/logo\/image\/\"},\"sameAs\":[\"https:\/\/www.facebook.com\/CraftsMecca\",\"https:\/\/www.instagram.com\/crafts_mecca\/\",\"https:\/\/www.youtube.com\/@craftsmecca2835\/videos\"]}]}<\/script>\n<!-- \/ Yoast SEO plugin. -->","yoast_head_json":{"title":"Zip 131 elektrilised rulood - Mugavus ja kaitse - Craftsmecca","description":"Zip 131 rulood - usaldusv\u00e4\u00e4rne kaitse p\u00e4ikese ja tuule eest. Vaikne t\u00f6\u00f6, kaugjuhtimispult, kaasaegne disain, ideaalne valik terrassidele.","robots":{"index":"index","follow":"follow","max-snippet":"max-snippet:-1","max-image-preview":"max-image-preview:large","max-video-preview":"max-video-preview:-1"},"canonical":"https:\/\/craftsmecca.lt\/et\/toode\/zip-131\/","og_locale":"et_EE","og_type":"article","og_title":"Zip 131 elektrilised rulood - Mugavus ja kaitse - Craftsmecca","og_description":"Zip 131 rulood - usaldusv\u00e4\u00e4rne kaitse p\u00e4ikese ja tuule eest. Vaikne t\u00f6\u00f6, kaugjuhtimispult, kaasaegne disain, ideaalne valik terrassidele.","og_url":"https:\/\/craftsmecca.lt\/et\/toode\/zip-131\/","og_site_name":"Craftsmecca","article_publisher":"https:\/\/www.facebook.com\/CraftsMecca","article_modified_time":"2025-09-02T14:01:58+00:00","og_image":[{"url":"https:\/\/craftsmecca.lt\/wp-content\/uploads\/2025\/02\/zip-screen-tentine-pergola.jpg","type":"","width":"","height":""}],"twitter_card":"summary_large_image","schema":{"@context":"https:\/\/schema.org","@graph":[{"@type":"WebPage","@id":"https:\/\/craftsmecca.lt\/et\/toode\/zip-131\/","url":"https:\/\/craftsmecca.lt\/et\/toode\/zip-131\/","name":"Zip 131 elektrilised rulood - Mugavus ja kaitse - Craftsmecca","isPartOf":{"@id":"https:\/\/craftsmecca.lt\/et\/#website"},"primaryImageOfPage":{"@id":"https:\/\/craftsmecca.lt\/et\/toode\/zip-131\/#primaryimage"},"image":{"@id":"https:\/\/craftsmecca.lt\/et\/toode\/zip-131\/#primaryimage"},"thumbnailUrl":"https:\/\/craftsmecca.lt\/wp-content\/uploads\/2025\/02\/zip131-foto.jpg","datePublished":"2025-03-03T13:15:52+00:00","dateModified":"2025-09-02T14:01:58+00:00","description":"Zip 131 rulood - usaldusv\u00e4\u00e4rne kaitse p\u00e4ikese ja tuule eest. Vaikne t\u00f6\u00f6, kaugjuhtimispult, kaasaegne disain, ideaalne valik terrassidele.","breadcrumb":{"@id":"https:\/\/craftsmecca.lt\/et\/toode\/zip-131\/#breadcrumb"},"inLanguage":"et","potentialAction":[{"@type":"ReadAction","target":["https:\/\/craftsmecca.lt\/et\/toode\/zip-131\/"]}]},{"@type":"ImageObject","inLanguage":"et","@id":"https:\/\/craftsmecca.lt\/et\/toode\/zip-131\/#primaryimage","url":"https:\/\/craftsmecca.lt\/wp-content\/uploads\/2025\/02\/zip131-foto.jpg","contentUrl":"https:\/\/craftsmecca.lt\/wp-content\/uploads\/2025\/02\/zip131-foto.jpg","width":295,"height":220},{"@type":"BreadcrumbList","@id":"https:\/\/craftsmecca.lt\/et\/toode\/zip-131\/#breadcrumb","itemListElement":[{"@type":"ListItem","position":1,"name":"Home","item":"https:\/\/craftsmecca.lt\/et\/"},{"@type":"ListItem","position":2,"name":"Kauplus","item":"https:\/\/craftsmecca.lt\/et\/kauplus\/"},{"@type":"ListItem","position":3,"name":"Zip 131"}]},{"@type":"WebSite","@id":"https:\/\/craftsmecca.lt\/et\/#website","url":"https:\/\/craftsmecca.lt\/et\/","name":"Craftsmecca","description":"","publisher":{"@id":"https:\/\/craftsmecca.lt\/et\/#organization"},"potentialAction":[{"@type":"SearchAction","target":{"@type":"EntryPoint","urlTemplate":"https:\/\/craftsmecca.lt\/et\/?s={search_term_string}"},"query-input":{"@type":"PropertyValueSpecification","valueRequired":true,"valueName":"search_term_string"}}],"inLanguage":"et"},{"@type":"Organization","@id":"https:\/\/craftsmecca.lt\/et\/#organization","name":"Craftsmecca","url":"https:\/\/craftsmecca.lt\/et\/","logo":{"@type":"ImageObject","inLanguage":"et","@id":"https:\/\/craftsmecca.lt\/et\/#\/schema\/logo\/image\/","url":"https:\/\/craftsmecca.lt\/wp-content\/uploads\/2025\/02\/CraftsMecca_logo-2.png","contentUrl":"https:\/\/craftsmecca.lt\/wp-content\/uploads\/2025\/02\/CraftsMecca_logo-2.png","width":828,"height":306,"caption":"Craftsmecca"},"image":{"@id":"https:\/\/craftsmecca.lt\/et\/#\/schema\/logo\/image\/"},"sameAs":["https:\/\/www.facebook.com\/CraftsMecca","https:\/\/www.instagram.com\/crafts_mecca\/","https:\/\/www.youtube.com\/@craftsmecca2835\/videos"]}]}},"_links":{"self":[{"href":"https:\/\/craftsmecca.lt\/et\/wp-json\/wp\/v2\/product\/5621","targetHints":{"allow":["GET"]}}],"collection":[{"href":"https:\/\/craftsmecca.lt\/et\/wp-json\/wp\/v2\/product"}],"about":[{"href":"https:\/\/craftsmecca.lt\/et\/wp-json\/wp\/v2\/types\/product"}],"replies":[{"embeddable":true,"href":"https:\/\/craftsmecca.lt\/et\/wp-json\/wp\/v2\/comments?post=5621"}],"wp:featuredmedia":[{"embeddable":true,"href":"https:\/\/craftsmecca.lt\/et\/wp-json\/wp\/v2\/media\/5737"}],"wp:attachment":[{"href":"https:\/\/craftsmecca.lt\/et\/wp-json\/wp\/v2\/media?parent=5621"}],"wp:term":[{"taxonomy":"product_brand","embeddable":true,"href":"https:\/\/craftsmecca.lt\/et\/wp-json\/wp\/v2\/product_brand?post=5621"},{"taxonomy":"product_cat","embeddable":true,"href":"https:\/\/craftsmecca.lt\/et\/wp-json\/wp\/v2\/product_cat?post=5621"},{"taxonomy":"product_tag","embeddable":true,"href":"https:\/\/craftsmecca.lt\/et\/wp-json\/wp\/v2\/product_tag?post=5621"}],"curies":[{"name":"wp","href":"https:\/\/api.w.org\/{rel}","templated":true}]}}