{"id":5623,"date":"2025-03-03T15:33:51","date_gmt":"2025-03-03T15:33:51","guid":{"rendered":"https:\/\/craftsmecca.lt\/produktas\/panoraamsed-ilma-raamita-lukandklaasid-s500\/"},"modified":"2025-09-02T14:05:23","modified_gmt":"2025-09-02T14:05:23","slug":"panoraamsed-ilma-raamita-lukandklaasid-s500","status":"publish","type":"product","link":"https:\/\/craftsmecca.lt\/et\/toode\/panoraamsed-ilma-raamita-lukandklaasid-s500\/","title":{"rendered":"Panoraamsed ilma raamita l\u00fckandklaasid S500"},"content":{"rendered":"","protected":false},"excerpt":{"rendered":"","protected":false},"featured_media":7849,"comment_status":"open","ping_status":"closed","template":"","meta":[],"product_brand":[],"product_cat":[165,157],"product_tag":[180],"class_list":{"0":"post-5623","1":"product","2":"type-product","3":"status-publish","4":"has-post-thumbnail","6":"product_cat-klaasimine","7":"product_cat-lukandklaasimine","8":"product_tag-s500-et","10":"first","11":"instock","12":"shipping-taxable","13":"purchasable","14":"product-type-simple"},"yoast_head":"<!-- This site is optimized with the Yoast SEO plugin v26.3 - https:\/\/yoast.com\/wordpress\/plugins\/seo\/ -->\n<title>Panoraamsed ilma raamita l\u00fckandklaasid S500 - Craftsmecca<\/title>\n<meta name=\"description\" content=\"S500 klaasis\u00fcsteem - tugev alumiiniumraam, sujuv libisemine, elegantne v\u00e4limus, usaldusv\u00e4\u00e4rne soojus- ja heliisolatsioon. Sobib suurematesse ruumidesse.\" \/>\n<meta name=\"robots\" content=\"index, follow, max-snippet:-1, max-image-preview:large, max-video-preview:-1\" \/>\n<link rel=\"canonical\" href=\"https:\/\/craftsmecca.lt\/et\/toode\/panoraamsed-ilma-raamita-lukandklaasid-s500\/\" \/>\n<meta property=\"og:locale\" content=\"et_EE\" \/>\n<meta property=\"og:type\" content=\"article\" \/>\n<meta property=\"og:title\" content=\"Panoraamsed ilma raamita l\u00fckandklaasid S500 - Craftsmecca\" \/>\n<meta property=\"og:description\" content=\"S500 klaasis\u00fcsteem - tugev alumiiniumraam, sujuv libisemine, elegantne v\u00e4limus, usaldusv\u00e4\u00e4rne soojus- ja heliisolatsioon. Sobib suurematesse ruumidesse.\" \/>\n<meta property=\"og:url\" content=\"https:\/\/craftsmecca.lt\/et\/toode\/panoraamsed-ilma-raamita-lukandklaasid-s500\/\" \/>\n<meta property=\"og:site_name\" content=\"Craftsmecca\" \/>\n<meta property=\"article:publisher\" content=\"https:\/\/www.facebook.com\/CraftsMecca\" \/>\n<meta property=\"article:modified_time\" content=\"2025-09-02T14:05:23+00:00\" \/>\n<meta property=\"og:image\" content=\"https:\/\/craftsmecca.lt\/wp-content\/uploads\/2025\/02\/stumdomas-tiklinimas-s500.jpg\" \/>\n<meta name=\"twitter:card\" content=\"summary_large_image\" \/>\n<script type=\"application\/ld+json\" class=\"yoast-schema-graph\">{\"@context\":\"https:\/\/schema.org\",\"@graph\":[{\"@type\":\"WebPage\",\"@id\":\"https:\/\/craftsmecca.lt\/et\/toode\/panoraamsed-ilma-raamita-lukandklaasid-s500\/\",\"url\":\"https:\/\/craftsmecca.lt\/et\/toode\/panoraamsed-ilma-raamita-lukandklaasid-s500\/\",\"name\":\"Panoraamsed ilma raamita l\u00fckandklaasid S500 - Craftsmecca\",\"isPartOf\":{\"@id\":\"https:\/\/craftsmecca.lt\/et\/#website\"},\"primaryImageOfPage\":{\"@id\":\"https:\/\/craftsmecca.lt\/et\/toode\/panoraamsed-ilma-raamita-lukandklaasid-s500\/#primaryimage\"},\"image\":{\"@id\":\"https:\/\/craftsmecca.lt\/et\/toode\/panoraamsed-ilma-raamita-lukandklaasid-s500\/#primaryimage\"},\"thumbnailUrl\":\"https:\/\/craftsmecca.lt\/wp-content\/uploads\/2025\/02\/s500-giljotinis-stiklinimas.jpg\",\"datePublished\":\"2025-03-03T15:33:51+00:00\",\"dateModified\":\"2025-09-02T14:05:23+00:00\",\"description\":\"S500 klaasis\u00fcsteem - tugev alumiiniumraam, sujuv libisemine, elegantne v\u00e4limus, usaldusv\u00e4\u00e4rne soojus- ja heliisolatsioon. Sobib suurematesse ruumidesse.\",\"breadcrumb\":{\"@id\":\"https:\/\/craftsmecca.lt\/et\/toode\/panoraamsed-ilma-raamita-lukandklaasid-s500\/#breadcrumb\"},\"inLanguage\":\"et\",\"potentialAction\":[{\"@type\":\"ReadAction\",\"target\":[\"https:\/\/craftsmecca.lt\/et\/toode\/panoraamsed-ilma-raamita-lukandklaasid-s500\/\"]}]},{\"@type\":\"ImageObject\",\"inLanguage\":\"et\",\"@id\":\"https:\/\/craftsmecca.lt\/et\/toode\/panoraamsed-ilma-raamita-lukandklaasid-s500\/#primaryimage\",\"url\":\"https:\/\/craftsmecca.lt\/wp-content\/uploads\/2025\/02\/s500-giljotinis-stiklinimas.jpg\",\"contentUrl\":\"https:\/\/craftsmecca.lt\/wp-content\/uploads\/2025\/02\/s500-giljotinis-stiklinimas.jpg\",\"width\":853,\"height\":481,\"caption\":\"Bioklimaatiline pergola l\u00fckandklaasiga S500, terrass on kasutatav aastaringselt\"},{\"@type\":\"BreadcrumbList\",\"@id\":\"https:\/\/craftsmecca.lt\/et\/toode\/panoraamsed-ilma-raamita-lukandklaasid-s500\/#breadcrumb\",\"itemListElement\":[{\"@type\":\"ListItem\",\"position\":1,\"name\":\"Home\",\"item\":\"https:\/\/craftsmecca.lt\/et\/\"},{\"@type\":\"ListItem\",\"position\":2,\"name\":\"Kauplus\",\"item\":\"https:\/\/craftsmecca.lt\/et\/kauplus\/\"},{\"@type\":\"ListItem\",\"position\":3,\"name\":\"Panoraamsed ilma raamita l\u00fckandklaasid S500\"}]},{\"@type\":\"WebSite\",\"@id\":\"https:\/\/craftsmecca.lt\/et\/#website\",\"url\":\"https:\/\/craftsmecca.lt\/et\/\",\"name\":\"Craftsmecca\",\"description\":\"\",\"publisher\":{\"@id\":\"https:\/\/craftsmecca.lt\/et\/#organization\"},\"potentialAction\":[{\"@type\":\"SearchAction\",\"target\":{\"@type\":\"EntryPoint\",\"urlTemplate\":\"https:\/\/craftsmecca.lt\/et\/?s={search_term_string}\"},\"query-input\":{\"@type\":\"PropertyValueSpecification\",\"valueRequired\":true,\"valueName\":\"search_term_string\"}}],\"inLanguage\":\"et\"},{\"@type\":\"Organization\",\"@id\":\"https:\/\/craftsmecca.lt\/et\/#organization\",\"name\":\"Craftsmecca\",\"url\":\"https:\/\/craftsmecca.lt\/et\/\",\"logo\":{\"@type\":\"ImageObject\",\"inLanguage\":\"et\",\"@id\":\"https:\/\/craftsmecca.lt\/et\/#\/schema\/logo\/image\/\",\"url\":\"https:\/\/craftsmecca.lt\/wp-content\/uploads\/2025\/02\/CraftsMecca_logo-2.png\",\"contentUrl\":\"https:\/\/craftsmecca.lt\/wp-content\/uploads\/2025\/02\/CraftsMecca_logo-2.png\",\"width\":828,\"height\":306,\"caption\":\"Craftsmecca\"},\"image\":{\"@id\":\"https:\/\/craftsmecca.lt\/et\/#\/schema\/logo\/image\/\"},\"sameAs\":[\"https:\/\/www.facebook.com\/CraftsMecca\",\"https:\/\/www.instagram.com\/crafts_mecca\/\",\"https:\/\/www.youtube.com\/@craftsmecca2835\/videos\"]}]}<\/script>\n<!-- \/ Yoast SEO plugin. -->","yoast_head_json":{"title":"Panoraamsed ilma raamita l\u00fckandklaasid S500 - Craftsmecca","description":"S500 klaasis\u00fcsteem - tugev alumiiniumraam, sujuv libisemine, elegantne v\u00e4limus, usaldusv\u00e4\u00e4rne soojus- ja heliisolatsioon. Sobib suurematesse ruumidesse.","robots":{"index":"index","follow":"follow","max-snippet":"max-snippet:-1","max-image-preview":"max-image-preview:large","max-video-preview":"max-video-preview:-1"},"canonical":"https:\/\/craftsmecca.lt\/et\/toode\/panoraamsed-ilma-raamita-lukandklaasid-s500\/","og_locale":"et_EE","og_type":"article","og_title":"Panoraamsed ilma raamita l\u00fckandklaasid S500 - Craftsmecca","og_description":"S500 klaasis\u00fcsteem - tugev alumiiniumraam, sujuv libisemine, elegantne v\u00e4limus, usaldusv\u00e4\u00e4rne soojus- ja heliisolatsioon. Sobib suurematesse ruumidesse.","og_url":"https:\/\/craftsmecca.lt\/et\/toode\/panoraamsed-ilma-raamita-lukandklaasid-s500\/","og_site_name":"Craftsmecca","article_publisher":"https:\/\/www.facebook.com\/CraftsMecca","article_modified_time":"2025-09-02T14:05:23+00:00","og_image":[{"url":"https:\/\/craftsmecca.lt\/wp-content\/uploads\/2025\/02\/stumdomas-tiklinimas-s500.jpg","type":"","width":"","height":""}],"twitter_card":"summary_large_image","schema":{"@context":"https:\/\/schema.org","@graph":[{"@type":"WebPage","@id":"https:\/\/craftsmecca.lt\/et\/toode\/panoraamsed-ilma-raamita-lukandklaasid-s500\/","url":"https:\/\/craftsmecca.lt\/et\/toode\/panoraamsed-ilma-raamita-lukandklaasid-s500\/","name":"Panoraamsed ilma raamita l\u00fckandklaasid S500 - Craftsmecca","isPartOf":{"@id":"https:\/\/craftsmecca.lt\/et\/#website"},"primaryImageOfPage":{"@id":"https:\/\/craftsmecca.lt\/et\/toode\/panoraamsed-ilma-raamita-lukandklaasid-s500\/#primaryimage"},"image":{"@id":"https:\/\/craftsmecca.lt\/et\/toode\/panoraamsed-ilma-raamita-lukandklaasid-s500\/#primaryimage"},"thumbnailUrl":"https:\/\/craftsmecca.lt\/wp-content\/uploads\/2025\/02\/s500-giljotinis-stiklinimas.jpg","datePublished":"2025-03-03T15:33:51+00:00","dateModified":"2025-09-02T14:05:23+00:00","description":"S500 klaasis\u00fcsteem - tugev alumiiniumraam, sujuv libisemine, elegantne v\u00e4limus, usaldusv\u00e4\u00e4rne soojus- ja heliisolatsioon. Sobib suurematesse ruumidesse.","breadcrumb":{"@id":"https:\/\/craftsmecca.lt\/et\/toode\/panoraamsed-ilma-raamita-lukandklaasid-s500\/#breadcrumb"},"inLanguage":"et","potentialAction":[{"@type":"ReadAction","target":["https:\/\/craftsmecca.lt\/et\/toode\/panoraamsed-ilma-raamita-lukandklaasid-s500\/"]}]},{"@type":"ImageObject","inLanguage":"et","@id":"https:\/\/craftsmecca.lt\/et\/toode\/panoraamsed-ilma-raamita-lukandklaasid-s500\/#primaryimage","url":"https:\/\/craftsmecca.lt\/wp-content\/uploads\/2025\/02\/s500-giljotinis-stiklinimas.jpg","contentUrl":"https:\/\/craftsmecca.lt\/wp-content\/uploads\/2025\/02\/s500-giljotinis-stiklinimas.jpg","width":853,"height":481,"caption":"Bioklimaatiline pergola l\u00fckandklaasiga S500, terrass on kasutatav aastaringselt"},{"@type":"BreadcrumbList","@id":"https:\/\/craftsmecca.lt\/et\/toode\/panoraamsed-ilma-raamita-lukandklaasid-s500\/#breadcrumb","itemListElement":[{"@type":"ListItem","position":1,"name":"Home","item":"https:\/\/craftsmecca.lt\/et\/"},{"@type":"ListItem","position":2,"name":"Kauplus","item":"https:\/\/craftsmecca.lt\/et\/kauplus\/"},{"@type":"ListItem","position":3,"name":"Panoraamsed ilma raamita l\u00fckandklaasid S500"}]},{"@type":"WebSite","@id":"https:\/\/craftsmecca.lt\/et\/#website","url":"https:\/\/craftsmecca.lt\/et\/","name":"Craftsmecca","description":"","publisher":{"@id":"https:\/\/craftsmecca.lt\/et\/#organization"},"potentialAction":[{"@type":"SearchAction","target":{"@type":"EntryPoint","urlTemplate":"https:\/\/craftsmecca.lt\/et\/?s={search_term_string}"},"query-input":{"@type":"PropertyValueSpecification","valueRequired":true,"valueName":"search_term_string"}}],"inLanguage":"et"},{"@type":"Organization","@id":"https:\/\/craftsmecca.lt\/et\/#organization","name":"Craftsmecca","url":"https:\/\/craftsmecca.lt\/et\/","logo":{"@type":"ImageObject","inLanguage":"et","@id":"https:\/\/craftsmecca.lt\/et\/#\/schema\/logo\/image\/","url":"https:\/\/craftsmecca.lt\/wp-content\/uploads\/2025\/02\/CraftsMecca_logo-2.png","contentUrl":"https:\/\/craftsmecca.lt\/wp-content\/uploads\/2025\/02\/CraftsMecca_logo-2.png","width":828,"height":306,"caption":"Craftsmecca"},"image":{"@id":"https:\/\/craftsmecca.lt\/et\/#\/schema\/logo\/image\/"},"sameAs":["https:\/\/www.facebook.com\/CraftsMecca","https:\/\/www.instagram.com\/crafts_mecca\/","https:\/\/www.youtube.com\/@craftsmecca2835\/videos"]}]}},"_links":{"self":[{"href":"https:\/\/craftsmecca.lt\/et\/wp-json\/wp\/v2\/product\/5623","targetHints":{"allow":["GET"]}}],"collection":[{"href":"https:\/\/craftsmecca.lt\/et\/wp-json\/wp\/v2\/product"}],"about":[{"href":"https:\/\/craftsmecca.lt\/et\/wp-json\/wp\/v2\/types\/product"}],"replies":[{"embeddable":true,"href":"https:\/\/craftsmecca.lt\/et\/wp-json\/wp\/v2\/comments?post=5623"}],"wp:featuredmedia":[{"embeddable":true,"href":"https:\/\/craftsmecca.lt\/et\/wp-json\/wp\/v2\/media\/7849"}],"wp:attachment":[{"href":"https:\/\/craftsmecca.lt\/et\/wp-json\/wp\/v2\/media?parent=5623"}],"wp:term":[{"taxonomy":"product_brand","embeddable":true,"href":"https:\/\/craftsmecca.lt\/et\/wp-json\/wp\/v2\/product_brand?post=5623"},{"taxonomy":"product_cat","embeddable":true,"href":"https:\/\/craftsmecca.lt\/et\/wp-json\/wp\/v2\/product_cat?post=5623"},{"taxonomy":"product_tag","embeddable":true,"href":"https:\/\/craftsmecca.lt\/et\/wp-json\/wp\/v2\/product_tag?post=5623"}],"curies":[{"name":"wp","href":"https:\/\/api.w.org\/{rel}","templated":true}]}}