{"id":10436,"date":"2025-08-19T07:31:23","date_gmt":"2025-08-19T07:31:23","guid":{"rendered":"https:\/\/craftsmecca.lt\/garantija\/"},"modified":"2025-09-02T14:12:32","modified_gmt":"2025-09-02T14:12:32","slug":"garantija","status":"publish","type":"page","link":"https:\/\/craftsmecca.lt\/lv\/garantija\/","title":{"rendered":"Garantija"},"content":{"rendered":"\t\t<div data-elementor-type=\"wp-page\" data-elementor-id=\"10436\" class=\"elementor elementor-10436 elementor-10166\" data-elementor-post-type=\"page\">\n\t\t\t\t<div class=\"elementor-element elementor-element-0f484d3 e-flex e-con-boxed e-con e-parent\" data-id=\"0f484d3\" data-element_type=\"container\">\n\t\t\t\t\t<div class=\"e-con-inner\">\n\t\t\t\t<div class=\"elementor-element elementor-element-26d01e4 elementor-widget elementor-widget-text-editor\" data-id=\"26d01e4\" data-element_type=\"widget\" data-widget_type=\"text-editor.default\">\n\t\t\t\t\t\t\t\t\t<p><strong>Crafts Mecca<\/strong> nodro\u0161ina, ka visi m\u016bsu izstr\u0101d\u0101jumi atbilst Lietuvas Republikas ties\u012bbu aktos noteiktajiem kvalit\u0101tes un dro\u0161\u012bbas standartiem. Katrs izstr\u0101d\u0101jums ir r\u016bp\u012bgi atlas\u012bts, izgatavots saska\u0146\u0101 ar tehniskaj\u0101m specifik\u0101cij\u0101m un atbilst p\u0101rdo\u0161anas l\u012bguma pras\u012bb\u0101m. M\u016bsu klientiem sniegt\u0101 garantija ne tikai apliecina izstr\u0101d\u0101jumu uzticam\u012bbu, bet ar\u012b nodro\u0161ina to dro\u0161u un ilgsto\u0161u lieto\u0161anu.  <\/p>\t\t\t\t\t\t\t\t<\/div>\n\t\t\t\t<div class=\"elementor-element elementor-element-bf1163b elementor-widget elementor-widget-n-accordion\" data-id=\"bf1163b\" data-element_type=\"widget\" data-settings=\"{&quot;default_state&quot;:&quot;expanded&quot;,&quot;max_items_expended&quot;:&quot;one&quot;,&quot;n_accordion_animation_duration&quot;:{&quot;unit&quot;:&quot;ms&quot;,&quot;size&quot;:400,&quot;sizes&quot;:[]}}\" data-widget_type=\"nested-accordion.default\">\n\t\t\t\t\t\t\t<div class=\"e-n-accordion\" aria-label=\"Accordion. Open links with Enter or Space, close with Escape, and navigate with Arrow Keys\">\n\t\t\t\t\t\t<details id=\"e-n-accordion-item-2000\" class=\"e-n-accordion-item\" open>\n\t\t\t\t<summary class=\"e-n-accordion-item-title\" data-accordion-index=\"1\" tabindex=\"0\" aria-expanded=\"true\" aria-controls=\"e-n-accordion-item-2000\" >\n\t\t\t\t\t<span class='e-n-accordion-item-title-header'><div class=\"e-n-accordion-item-title-text\"> Garantijas nosac\u012bjumi <\/div><\/span>\n\t\t\t\t\t\t\t<span class='e-n-accordion-item-title-icon'>\n\t\t\t<span class='e-opened' ><svg aria-hidden=\"true\" class=\"e-font-icon-svg e-fas-minus\" viewBox=\"0 0 448 512\" xmlns=\"http:\/\/www.w3.org\/2000\/svg\"><path d=\"M416 208H32c-17.67 0-32 14.33-32 32v32c0 17.67 14.33 32 32 32h384c17.67 0 32-14.33 32-32v-32c0-17.67-14.33-32-32-32z\"><\/path><\/svg><\/span>\n\t\t\t<span class='e-closed'><svg aria-hidden=\"true\" class=\"e-font-icon-svg e-fas-plus\" viewBox=\"0 0 448 512\" xmlns=\"http:\/\/www.w3.org\/2000\/svg\"><path d=\"M416 208H272V64c0-17.67-14.33-32-32-32h-32c-17.67 0-32 14.33-32 32v144H32c-17.67 0-32 14.33-32 32v32c0 17.67 14.33 32 32 32h144v144c0 17.67 14.33 32 32 32h32c17.67 0 32-14.33 32-32V304h144c17.67 0 32-14.33 32-32v-32c0-17.67-14.33-32-32-32z\"><\/path><\/svg><\/span>\n\t\t<\/span>\n\n\t\t\t\t\t\t<\/summary>\n\t\t\t\t<div role=\"region\" aria-labelledby=\"e-n-accordion-item-2000\" class=\"elementor-element elementor-element-06bbf91 e-con-full e-flex e-con e-child\" data-id=\"06bbf91\" data-element_type=\"container\">\n\t\t\t\t<div class=\"elementor-element elementor-element-a1a1d82 elementor-widget elementor-widget-text-editor\" data-id=\"a1a1d82\" data-element_type=\"widget\" data-widget_type=\"text-editor.default\">\n\t\t\t\t\t\t\t\t\t<p data-start=\"101\" data-end=\"255\">Garantija tiek pie\u0161\u0137irta, ja tiek uzr\u0101d\u012bts pirkumu apliecino\u0161s dokuments. T\u0101 st\u0101jas sp\u0113k\u0101 no r\u0113\u0137ina vai garantijas pases datuma. <\/p><p data-start=\"257\" data-end=\"423\">Garantija zaud\u0113 sp\u0113ku, ja izstr\u0101d\u0101jums netiek lietots paredz\u0113tajam m\u0113r\u0137im vai ja netiek iev\u0113rotas lieto\u0161anas un apkopes instrukcijas. Ar\u012b tad, ja instrukcijas netiek iev\u0113rotas pareizi. <\/p><p data-start=\"567\" data-end=\"683\">Uz izstr\u0101d\u0101jumiem ar autom\u0101tisko vad\u012bbu neattiecas garantija, ja darb\u012bbas trauc\u0113jumu c\u0113lonis ir nepareizs elektrisko da\u013cu savienojums.<\/p><p data-start=\"685\" data-end=\"917\">Saska\u0146\u0101 ar 2001. gada 11. j\u016bnija vald\u012bbas 2001. gada 11. j\u016bnija Dekr\u0113tu Nr. 697 (ar groz\u012bjumiem) kvalitat\u012bvas preces, kas ir izgatavotas saska\u0146\u0101 ar klienta individu\u0101liem nor\u0101d\u012bjumiem vai piel\u0101gotas vi\u0146a \u012bpa\u0161aj\u0101m vajadz\u012bb\u0101m, netiek atgrieztas vai main\u012btas.<\/p>\t\t\t\t\t\t\t\t<\/div>\n\t\t\t\t<\/div>\n\t\t\t\t\t<\/details>\n\t\t\t\t\t\t<details id=\"e-n-accordion-item-2001\" class=\"e-n-accordion-item\" >\n\t\t\t\t<summary class=\"e-n-accordion-item-title\" data-accordion-index=\"2\" tabindex=\"-1\" aria-expanded=\"false\" aria-controls=\"e-n-accordion-item-2001\" >\n\t\t\t\t\t<span class='e-n-accordion-item-title-header'><div class=\"e-n-accordion-item-title-text\"> Par norm\u0101l\u0101m uzskat\u0101m\u0101s produkta \u012bpa\u0161\u012bbas <\/div><\/span>\n\t\t\t\t\t\t\t<span class='e-n-accordion-item-title-icon'>\n\t\t\t<span class='e-opened' ><svg aria-hidden=\"true\" class=\"e-font-icon-svg e-fas-minus\" viewBox=\"0 0 448 512\" xmlns=\"http:\/\/www.w3.org\/2000\/svg\"><path d=\"M416 208H32c-17.67 0-32 14.33-32 32v32c0 17.67 14.33 32 32 32h384c17.67 0 32-14.33 32-32v-32c0-17.67-14.33-32-32-32z\"><\/path><\/svg><\/span>\n\t\t\t<span class='e-closed'><svg aria-hidden=\"true\" class=\"e-font-icon-svg e-fas-plus\" viewBox=\"0 0 448 512\" xmlns=\"http:\/\/www.w3.org\/2000\/svg\"><path d=\"M416 208H272V64c0-17.67-14.33-32-32-32h-32c-17.67 0-32 14.33-32 32v144H32c-17.67 0-32 14.33-32 32v32c0 17.67 14.33 32 32 32h144v144c0 17.67 14.33 32 32 32h32c17.67 0 32-14.33 32-32V304h144c17.67 0 32-14.33 32-32v-32c0-17.67-14.33-32-32-32z\"><\/path><\/svg><\/span>\n\t\t<\/span>\n\n\t\t\t\t\t\t<\/summary>\n\t\t\t\t<div role=\"region\" aria-labelledby=\"e-n-accordion-item-2001\" class=\"elementor-element elementor-element-597637c e-con-full e-flex e-con e-child\" data-id=\"597637c\" data-element_type=\"container\">\n\t\t\t\t<div class=\"elementor-element elementor-element-572e557 elementor-widget elementor-widget-text-editor\" data-id=\"572e557\" data-element_type=\"widget\" data-widget_type=\"text-editor.default\">\n\t\t\t\t\t\t\t\t\t<p data-start=\"163\" data-end=\"266\">Da\u017eas produktu at\u0161\u0137ir\u012bbas vai vari\u0101cijas tiek uzskat\u012btas par produktu dabisk\u0101m \u012bpa\u0161\u012bb\u0101m un netiek uzskat\u012btas par defektiem:<\/p><ul data-start=\"268\" data-end=\"1644\"><li data-start=\"268\" data-end=\"401\"><p data-start=\"270\" data-end=\"401\">Izstr\u0101d\u0101juma tonis, raksts vai citas vizu\u0101l\u0101s \u012bpa\u0161\u012bbas var at\u0161\u0137irties no katalogos vai t\u012bmek\u013ca vietn\u0113 redzamajiem paraugiem.<\/p><\/li><li data-start=\"402\" data-end=\"459\"><p data-start=\"404\" data-end=\"459\">Neliela kr\u0101sas mai\u0146a, \u012bpa\u0161i saules iedarb\u012bbas d\u0113\u013c.<\/p><\/li><li data-start=\"460\" data-end=\"540\"><p data-start=\"462\" data-end=\"540\">At\u0161\u0137ir\u012bga izbal\u0113\u0161anas intensit\u0101te saules apgaismot\u0101s un neapgaismot\u0101s zon\u0101s.<\/p><\/li><li data-start=\"541\" data-end=\"857\"><p data-start=\"543\" data-end=\"857\">Audumi (rullo \u017eal\u016bzijas, vertik\u0101l\u0101s \u017eal\u016bzijas) tiek ra\u017eoti partij\u0101s, t\u0101p\u0113c to to\u0146i var nedaudz at\u0161\u0137irties. Ar\u012b da\u017e\u0101dos laikos pas\u016bt\u012btiem izstr\u0101d\u0101jumiem var b\u016bt at\u0161\u0137ir\u012bgi to\u0146i. Lai vair\u0101kiem izstr\u0101d\u0101jumiem b\u016btu identiski audumi, ieteicams tos pas\u016bt\u012bt vienlaic\u012bgi un uzst\u0101d\u012bt vienu otram blakus.  <\/p><\/li><li data-start=\"858\" data-end=\"980\"><p data-start=\"860\" data-end=\"980\">Ja audums k\u0101du laiku ir bijis da\u013c\u0113ji iesai\u0146ots (&#8220;meh\u0101nisk\u0101 atmi\u0146a&#8221;), tas netiek piln\u012bb\u0101 izvilkts.<\/p><\/li><li data-start=\"981\" data-end=\"1044\"><p data-start=\"983\" data-end=\"1044\">Auduma raksts var piln\u012bb\u0101 nesakrist ar izstr\u0101d\u0101juma mal\u0101m.<\/p><\/li><li data-start=\"1045\" data-end=\"1173\"><p data-start=\"1047\" data-end=\"1173\">Neliela auduma izstiep\u0161an\u0101s vai pland\u012b\u0161an\u0101s, kas rodas lieto\u0161anas d\u0113\u013c (spriegojuma, temperat\u016bras izmai\u0146u, UV starojuma, mitruma u. c.).<\/p><\/li><li data-start=\"1174\" data-end=\"1258\"><p data-start=\"1176\" data-end=\"1258\">Nelielas at\u0161\u0137ir\u012bbas vienas kr\u0101sas met\u0101la vai plastmasas deta\u013cu ton\u012b.<\/p><\/li><li data-start=\"1259\" data-end=\"1344\"><p data-start=\"1261\" data-end=\"1344\">Lame\u013cu, profilu vai citu koka \u017eal\u016bziju da\u013cu fakt\u016bras un to\u0146u at\u0161\u0137ir\u012bbas.<\/p><\/li><li data-start=\"1345\" data-end=\"1438\"><p data-start=\"1347\" data-end=\"1438\">Nelieli koka deta\u013cu virsmas nel\u012bdzenumi vai defekti, kas nav paman\u0101mi no 1 m att\u0101luma.<\/p><\/li><li data-start=\"1439\" data-end=\"1504\"><p data-start=\"1441\" data-end=\"1504\">Nelielu defektu vai nogrieztu galu kr\u0101so\u0161ana ar atbilsto\u0161u kr\u0101su.<\/p><\/li><li data-start=\"1505\" data-end=\"1587\"><p data-start=\"1507\" data-end=\"1587\">Plastmasas \u017eal\u016bzij\u0101m &#8211; griezuma viet\u0101s var b\u016bt redzama materi\u0101la porain\u012bba.<\/p><\/li><li data-start=\"1588\" data-end=\"1644\"><p data-start=\"1590\" data-end=\"1644\">kust\u012bgo da\u013cu dabiskais nolietojums lieto\u0161anas laik\u0101.<\/p><\/li><\/ul>\t\t\t\t\t\t\t\t<\/div>\n\t\t\t\t<\/div>\n\t\t\t\t\t<\/details>\n\t\t\t\t\t\t<details id=\"e-n-accordion-item-2002\" class=\"e-n-accordion-item\" >\n\t\t\t\t<summary class=\"e-n-accordion-item-title\" data-accordion-index=\"3\" tabindex=\"-1\" aria-expanded=\"false\" aria-controls=\"e-n-accordion-item-2002\" >\n\t\t\t\t\t<span class='e-n-accordion-item-title-header'><div class=\"e-n-accordion-item-title-text\"> Atgrie\u0161an\u0101s nosac\u012bjumi <\/div><\/span>\n\t\t\t\t\t\t\t<span class='e-n-accordion-item-title-icon'>\n\t\t\t<span class='e-opened' ><svg aria-hidden=\"true\" class=\"e-font-icon-svg e-fas-minus\" viewBox=\"0 0 448 512\" xmlns=\"http:\/\/www.w3.org\/2000\/svg\"><path d=\"M416 208H32c-17.67 0-32 14.33-32 32v32c0 17.67 14.33 32 32 32h384c17.67 0 32-14.33 32-32v-32c0-17.67-14.33-32-32-32z\"><\/path><\/svg><\/span>\n\t\t\t<span class='e-closed'><svg aria-hidden=\"true\" class=\"e-font-icon-svg e-fas-plus\" viewBox=\"0 0 448 512\" xmlns=\"http:\/\/www.w3.org\/2000\/svg\"><path d=\"M416 208H272V64c0-17.67-14.33-32-32-32h-32c-17.67 0-32 14.33-32 32v144H32c-17.67 0-32 14.33-32 32v32c0 17.67 14.33 32 32 32h144v144c0 17.67 14.33 32 32 32h32c17.67 0 32-14.33 32-32V304h144c17.67 0 32-14.33 32-32v-32c0-17.67-14.33-32-32-32z\"><\/path><\/svg><\/span>\n\t\t<\/span>\n\n\t\t\t\t\t\t<\/summary>\n\t\t\t\t<div role=\"region\" aria-labelledby=\"e-n-accordion-item-2002\" class=\"elementor-element elementor-element-c885ad2 e-con-full e-flex e-con e-child\" data-id=\"c885ad2\" data-element_type=\"container\">\n\t\t\t\t<div class=\"elementor-element elementor-element-83540dc elementor-widget elementor-widget-text-editor\" data-id=\"83540dc\" data-element_type=\"widget\" data-widget_type=\"text-editor.default\">\n\t\t\t\t\t\t\t\t\t<p data-start=\"1697\" data-end=\"1801\"><strong>Crafts<\/strong> <strong>Mecca<\/strong> <strong>UAB<\/strong> nep\u0101rtraukti ievie\u0161 progres\u012bvas tehnolo\u0123ijas, lai pied\u0101v\u0101tu augstas kvalit\u0101tes produktus. Ta\u010du ir svar\u012bgi zin\u0101t: <\/p><ul data-start=\"1803\" data-end=\"2649\"><li data-start=\"1803\" data-end=\"2123\"><p data-start=\"1805\" data-end=\"2123\">Preces, kas ir izgatavotas vai piel\u0101gotas atbilsto\u0161i klienta individu\u0101lajiem izm\u0113riem vai v\u0113lm\u0113m (piem\u0113ram, sagrieztas, saz\u0101\u0123\u0113tas vai cit\u0101di \u012bpa\u0161i sagatavotas), nav apmain\u0101mas vai atgrie\u017eamas. Tas ir noteikts <strong data-start=\"2013\" data-end=\"2047\">Mazumtirdzniec\u012bbas noteikumos<\/strong> (vald\u012bbas 2001. gada 11. j\u016bnija L\u0113mums Nr. 697, kur\u0101 groz\u012bjumi izdar\u012bti 2014. gada 22. j\u016blij\u0101). <\/p><\/li><li data-start=\"2124\" data-end=\"2344\"><p data-start=\"2126\" data-end=\"2344\">Ja pieg\u0101d\u0101t\u0101s preces neatbilst kvalit\u0101tes pras\u012bb\u0101m vai ja pirc\u0113js v\u0113las t\u0101s main\u012bt formas, izm\u0113ra, kr\u0101sas vai mode\u013ca d\u0113\u013c, vi\u0146\u0161 var sazin\u0101ties ar uz\u0146\u0113mumu Crafts Mecca UAB,<strong> ja vien<\/strong> preces<strong> nav<\/strong> <strong>izgatavotas p\u0113c pas\u016bt\u012bjuma<\/strong>.<\/p><\/li><li data-start=\"2345\" data-end=\"2516\"><p data-start=\"2347\" data-end=\"2516\">Preces, kas ir lietotas, boj\u0101tas vai zaud\u0113ju\u0161as savu s\u0101kotn\u0113jo izskatu, nav iesp\u0113jams atgriezt. Nelielas iepakojuma izmai\u0146as, kas radu\u0161\u0101s preces p\u0101rbaudes laik\u0101, nav uzskat\u0101mas par defektu. <\/p><\/li><li data-start=\"2517\" data-end=\"2649\"><p data-start=\"2519\" data-end=\"2649\">Ja pirc\u0113js saboj\u0101 preci vai izraisa preces boj\u0101jumus, kas zaud\u0113 t\u0101s komerci\u0101lo izskatu, pirc\u0113jam <strong>ir j\u0101atl\u012bdzina<\/strong> p\u0101rdev\u0113jam radu\u0161ies zaud\u0113jumi.<\/p><\/li><\/ul>\t\t\t\t\t\t\t\t<\/div>\n\t\t\t\t<\/div>\n\t\t\t\t\t<\/details>\n\t\t\t\t\t<\/div>\n\t\t\t\t\t\t<\/div>\n\t\t\t\t\t<\/div>\n\t\t\t\t<\/div>\n\t\t\t\t<\/div>\n\t\t","protected":false},"excerpt":{"rendered":"<p>Crafts Mecca nodro\u0161ina, ka visi m\u016bsu izstr\u0101d\u0101jumi atbilst Lietuvas Republikas ties\u012bbu aktos noteiktajiem kvalit\u0101tes un dro\u0161\u012bbas standartiem. Katrs izstr\u0101d\u0101jums ir r\u016bp\u012bgi atlas\u012bts, izgatavots saska\u0146\u0101 ar tehniskaj\u0101m specifik\u0101cij\u0101m un atbilst p\u0101rdo\u0161anas l\u012bguma pras\u012bb\u0101m. M\u016bsu klientiem sniegt\u0101 garantija ne tikai apliecina izstr\u0101d\u0101jumu uzticam\u012bbu, bet ar\u012b nodro\u0161ina to dro\u0161u un ilgsto\u0161u lieto\u0161anu. Garantijas nosac\u012bjumi Garantija tiek pie\u0161\u0137irta, ja [&hellip;]<\/p>\n","protected":false},"author":1,"featured_media":0,"parent":0,"menu_order":0,"comment_status":"closed","ping_status":"closed","template":"","meta":{"footnotes":""},"class_list":["post-10436","page","type-page","status-publish","hentry"],"blocksy_meta":[],"yoast_head":"<!-- This site is optimized with the Yoast SEO plugin v26.3 - https:\/\/yoast.com\/wordpress\/plugins\/seo\/ -->\n<title>Garantija - Craftsmecca<\/title>\n<meta name=\"robots\" content=\"index, follow, max-snippet:-1, max-image-preview:large, max-video-preview:-1\" \/>\n<link rel=\"canonical\" href=\"https:\/\/craftsmecca.lt\/lv\/garantija\/\" \/>\n<meta property=\"og:locale\" content=\"lv_LV\" \/>\n<meta property=\"og:type\" content=\"article\" \/>\n<meta property=\"og:title\" content=\"Garantija - Craftsmecca\" \/>\n<meta property=\"og:description\" content=\"Crafts Mecca nodro\u0161ina, ka visi m\u016bsu izstr\u0101d\u0101jumi atbilst Lietuvas Republikas ties\u012bbu aktos noteiktajiem kvalit\u0101tes un dro\u0161\u012bbas standartiem. Katrs izstr\u0101d\u0101jums ir r\u016bp\u012bgi atlas\u012bts, izgatavots saska\u0146\u0101 ar tehniskaj\u0101m specifik\u0101cij\u0101m un atbilst p\u0101rdo\u0161anas l\u012bguma pras\u012bb\u0101m. M\u016bsu klientiem sniegt\u0101 garantija ne tikai apliecina izstr\u0101d\u0101jumu uzticam\u012bbu, bet ar\u012b nodro\u0161ina to dro\u0161u un ilgsto\u0161u lieto\u0161anu. Garantijas nosac\u012bjumi Garantija tiek pie\u0161\u0137irta, ja [&hellip;]\" \/>\n<meta property=\"og:url\" content=\"https:\/\/craftsmecca.lt\/lv\/garantija\/\" \/>\n<meta property=\"og:site_name\" content=\"Craftsmecca\" \/>\n<meta property=\"article:publisher\" content=\"https:\/\/www.facebook.com\/CraftsMecca\" \/>\n<meta property=\"article:modified_time\" content=\"2025-09-02T14:12:32+00:00\" \/>\n<meta name=\"twitter:card\" content=\"summary_large_image\" \/>\n<meta name=\"twitter:label1\" content=\"Est. reading time\" \/>\n\t<meta name=\"twitter:data1\" content=\"7 minutes\" \/>\n<script type=\"application\/ld+json\" class=\"yoast-schema-graph\">{\"@context\":\"https:\/\/schema.org\",\"@graph\":[{\"@type\":\"WebPage\",\"@id\":\"https:\/\/craftsmecca.lt\/lv\/garantija\/\",\"url\":\"https:\/\/craftsmecca.lt\/lv\/garantija\/\",\"name\":\"Garantija - Craftsmecca\",\"isPartOf\":{\"@id\":\"https:\/\/craftsmecca.lt\/lv\/#website\"},\"datePublished\":\"2025-08-19T07:31:23+00:00\",\"dateModified\":\"2025-09-02T14:12:32+00:00\",\"breadcrumb\":{\"@id\":\"https:\/\/craftsmecca.lt\/lv\/garantija\/#breadcrumb\"},\"inLanguage\":\"lv-LV\",\"potentialAction\":[{\"@type\":\"ReadAction\",\"target\":[\"https:\/\/craftsmecca.lt\/lv\/garantija\/\"]}]},{\"@type\":\"BreadcrumbList\",\"@id\":\"https:\/\/craftsmecca.lt\/lv\/garantija\/#breadcrumb\",\"itemListElement\":[{\"@type\":\"ListItem\",\"position\":1,\"name\":\"Home\",\"item\":\"https:\/\/craftsmecca.lt\/lv\/\"},{\"@type\":\"ListItem\",\"position\":2,\"name\":\"Garantija\"}]},{\"@type\":\"WebSite\",\"@id\":\"https:\/\/craftsmecca.lt\/lv\/#website\",\"url\":\"https:\/\/craftsmecca.lt\/lv\/\",\"name\":\"Craftsmecca\",\"description\":\"\",\"publisher\":{\"@id\":\"https:\/\/craftsmecca.lt\/lv\/#organization\"},\"potentialAction\":[{\"@type\":\"SearchAction\",\"target\":{\"@type\":\"EntryPoint\",\"urlTemplate\":\"https:\/\/craftsmecca.lt\/lv\/?s={search_term_string}\"},\"query-input\":{\"@type\":\"PropertyValueSpecification\",\"valueRequired\":true,\"valueName\":\"search_term_string\"}}],\"inLanguage\":\"lv-LV\"},{\"@type\":\"Organization\",\"@id\":\"https:\/\/craftsmecca.lt\/lv\/#organization\",\"name\":\"Craftsmecca\",\"url\":\"https:\/\/craftsmecca.lt\/lv\/\",\"logo\":{\"@type\":\"ImageObject\",\"inLanguage\":\"lv-LV\",\"@id\":\"https:\/\/craftsmecca.lt\/lv\/#\/schema\/logo\/image\/\",\"url\":\"https:\/\/craftsmecca.lt\/wp-content\/uploads\/2025\/02\/CraftsMecca_logo-2.png\",\"contentUrl\":\"https:\/\/craftsmecca.lt\/wp-content\/uploads\/2025\/02\/CraftsMecca_logo-2.png\",\"width\":828,\"height\":306,\"caption\":\"Craftsmecca\"},\"image\":{\"@id\":\"https:\/\/craftsmecca.lt\/lv\/#\/schema\/logo\/image\/\"},\"sameAs\":[\"https:\/\/www.facebook.com\/CraftsMecca\",\"https:\/\/www.instagram.com\/crafts_mecca\/\",\"https:\/\/www.youtube.com\/@craftsmecca2835\/videos\"]}]}<\/script>\n<!-- \/ Yoast SEO plugin. -->","yoast_head_json":{"title":"Garantija - Craftsmecca","robots":{"index":"index","follow":"follow","max-snippet":"max-snippet:-1","max-image-preview":"max-image-preview:large","max-video-preview":"max-video-preview:-1"},"canonical":"https:\/\/craftsmecca.lt\/lv\/garantija\/","og_locale":"lv_LV","og_type":"article","og_title":"Garantija - Craftsmecca","og_description":"Crafts Mecca nodro\u0161ina, ka visi m\u016bsu izstr\u0101d\u0101jumi atbilst Lietuvas Republikas ties\u012bbu aktos noteiktajiem kvalit\u0101tes un dro\u0161\u012bbas standartiem. Katrs izstr\u0101d\u0101jums ir r\u016bp\u012bgi atlas\u012bts, izgatavots saska\u0146\u0101 ar tehniskaj\u0101m specifik\u0101cij\u0101m un atbilst p\u0101rdo\u0161anas l\u012bguma pras\u012bb\u0101m. M\u016bsu klientiem sniegt\u0101 garantija ne tikai apliecina izstr\u0101d\u0101jumu uzticam\u012bbu, bet ar\u012b nodro\u0161ina to dro\u0161u un ilgsto\u0161u lieto\u0161anu. Garantijas nosac\u012bjumi Garantija tiek pie\u0161\u0137irta, ja [&hellip;]","og_url":"https:\/\/craftsmecca.lt\/lv\/garantija\/","og_site_name":"Craftsmecca","article_publisher":"https:\/\/www.facebook.com\/CraftsMecca","article_modified_time":"2025-09-02T14:12:32+00:00","twitter_card":"summary_large_image","twitter_misc":{"Est. reading time":"7 minutes"},"schema":{"@context":"https:\/\/schema.org","@graph":[{"@type":"WebPage","@id":"https:\/\/craftsmecca.lt\/lv\/garantija\/","url":"https:\/\/craftsmecca.lt\/lv\/garantija\/","name":"Garantija - Craftsmecca","isPartOf":{"@id":"https:\/\/craftsmecca.lt\/lv\/#website"},"datePublished":"2025-08-19T07:31:23+00:00","dateModified":"2025-09-02T14:12:32+00:00","breadcrumb":{"@id":"https:\/\/craftsmecca.lt\/lv\/garantija\/#breadcrumb"},"inLanguage":"lv-LV","potentialAction":[{"@type":"ReadAction","target":["https:\/\/craftsmecca.lt\/lv\/garantija\/"]}]},{"@type":"BreadcrumbList","@id":"https:\/\/craftsmecca.lt\/lv\/garantija\/#breadcrumb","itemListElement":[{"@type":"ListItem","position":1,"name":"Home","item":"https:\/\/craftsmecca.lt\/lv\/"},{"@type":"ListItem","position":2,"name":"Garantija"}]},{"@type":"WebSite","@id":"https:\/\/craftsmecca.lt\/lv\/#website","url":"https:\/\/craftsmecca.lt\/lv\/","name":"Craftsmecca","description":"","publisher":{"@id":"https:\/\/craftsmecca.lt\/lv\/#organization"},"potentialAction":[{"@type":"SearchAction","target":{"@type":"EntryPoint","urlTemplate":"https:\/\/craftsmecca.lt\/lv\/?s={search_term_string}"},"query-input":{"@type":"PropertyValueSpecification","valueRequired":true,"valueName":"search_term_string"}}],"inLanguage":"lv-LV"},{"@type":"Organization","@id":"https:\/\/craftsmecca.lt\/lv\/#organization","name":"Craftsmecca","url":"https:\/\/craftsmecca.lt\/lv\/","logo":{"@type":"ImageObject","inLanguage":"lv-LV","@id":"https:\/\/craftsmecca.lt\/lv\/#\/schema\/logo\/image\/","url":"https:\/\/craftsmecca.lt\/wp-content\/uploads\/2025\/02\/CraftsMecca_logo-2.png","contentUrl":"https:\/\/craftsmecca.lt\/wp-content\/uploads\/2025\/02\/CraftsMecca_logo-2.png","width":828,"height":306,"caption":"Craftsmecca"},"image":{"@id":"https:\/\/craftsmecca.lt\/lv\/#\/schema\/logo\/image\/"},"sameAs":["https:\/\/www.facebook.com\/CraftsMecca","https:\/\/www.instagram.com\/crafts_mecca\/","https:\/\/www.youtube.com\/@craftsmecca2835\/videos"]}]}},"_links":{"self":[{"href":"https:\/\/craftsmecca.lt\/lv\/wp-json\/wp\/v2\/pages\/10436","targetHints":{"allow":["GET"]}}],"collection":[{"href":"https:\/\/craftsmecca.lt\/lv\/wp-json\/wp\/v2\/pages"}],"about":[{"href":"https:\/\/craftsmecca.lt\/lv\/wp-json\/wp\/v2\/types\/page"}],"author":[{"embeddable":true,"href":"https:\/\/craftsmecca.lt\/lv\/wp-json\/wp\/v2\/users\/1"}],"replies":[{"embeddable":true,"href":"https:\/\/craftsmecca.lt\/lv\/wp-json\/wp\/v2\/comments?post=10436"}],"version-history":[{"count":1,"href":"https:\/\/craftsmecca.lt\/lv\/wp-json\/wp\/v2\/pages\/10436\/revisions"}],"predecessor-version":[{"id":10437,"href":"https:\/\/craftsmecca.lt\/lv\/wp-json\/wp\/v2\/pages\/10436\/revisions\/10437"}],"wp:attachment":[{"href":"https:\/\/craftsmecca.lt\/lv\/wp-json\/wp\/v2\/media?parent=10436"}],"curies":[{"name":"wp","href":"https:\/\/api.w.org\/{rel}","templated":true}]}}