{"id":4827,"date":"2025-03-06T16:04:13","date_gmt":"2025-03-06T16:04:13","guid":{"rendered":"https:\/\/craftsmecca.lt\/citi-darbi\/"},"modified":"2026-01-13T13:17:07","modified_gmt":"2026-01-13T13:17:07","slug":"citi-darbi","status":"publish","type":"page","link":"https:\/\/craftsmecca.lt\/lv\/citi-darbi\/","title":{"rendered":"Citi darbi"},"content":{"rendered":"\t\t<div data-elementor-type=\"wp-page\" data-elementor-id=\"4827\" class=\"elementor elementor-4827 elementor-2733\" data-elementor-post-type=\"page\">\n\t\t\t\t<div class=\"elementor-element elementor-element-42e7ca00 e-flex e-con-boxed e-con e-parent\" data-id=\"42e7ca00\" data-element_type=\"container\">\n\t\t\t\t\t<div class=\"e-con-inner\">\n\t\t\t\t<div class=\"elementor-element elementor-element-301e1a5 elementor-widget-divider--view-line elementor-widget elementor-widget-divider\" data-id=\"301e1a5\" data-element_type=\"widget\" data-widget_type=\"divider.default\">\n\t\t\t\t\t\t\t<div class=\"elementor-divider\">\n\t\t\t<span class=\"elementor-divider-separator\">\n\t\t\t\t\t\t<\/span>\n\t\t<\/div>\n\t\t\t\t\t\t<\/div>\n\t\t<div class=\"elementor-element elementor-element-5dec06f e-grid e-con-full e-con e-child\" data-id=\"5dec06f\" data-element_type=\"container\">\n\t\t<a class=\"elementor-element elementor-element-46b0323 e-con-full e-flex e-con e-child\" data-id=\"46b0323\" data-element_type=\"container\" data-settings=\"{&quot;background_background&quot;:&quot;classic&quot;}\" href=\"https:\/\/craftsmecca.lt\/lv\/citi-darbi\/ara-terases\/\">\n\t\t\t\t<div class=\"elementor-element elementor-element-3a86fea elementor-widget elementor-widget-heading\" data-id=\"3a86fea\" data-element_type=\"widget\" data-widget_type=\"heading.default\">\n\t\t\t\t\t<h4 class=\"elementor-heading-title elementor-size-default\">\u0100ra terases<\/h4>\t\t\t\t<\/div>\n\t\t\t\t<\/a>\n\t\t<a class=\"elementor-element elementor-element-f2790d3 e-con-full e-flex e-con e-child\" data-id=\"f2790d3\" data-element_type=\"container\" data-settings=\"{&quot;background_background&quot;:&quot;classic&quot;}\" href=\"https:\/\/craftsmecca.lt\/lv\/citi-darbi\/silditaji\/\">\n\t\t\t\t<div class=\"elementor-element elementor-element-b6c16bb elementor-widget elementor-widget-heading\" data-id=\"b6c16bb\" data-element_type=\"widget\" data-widget_type=\"heading.default\">\n\t\t\t\t\t<h4 class=\"elementor-heading-title elementor-size-default\">Sild\u012bt\u0101ji<\/h4>\t\t\t\t<\/div>\n\t\t\t\t<\/a>\n\t\t<a class=\"elementor-element elementor-element-14302d2 e-con-full e-flex e-con e-child\" data-id=\"14302d2\" data-element_type=\"container\" data-settings=\"{&quot;background_background&quot;:&quot;classic&quot;}\" href=\"https:\/\/craftsmecca.lt\/lv\/citi-darbi\/dzesetaji\/\">\n\t\t\t\t<div class=\"elementor-element elementor-element-df2f37f elementor-widget elementor-widget-heading\" data-id=\"df2f37f\" data-element_type=\"widget\" data-widget_type=\"heading.default\">\n\t\t\t\t\t<h4 class=\"elementor-heading-title elementor-size-default\">Dzes\u0113t\u0101ji<\/h4>\t\t\t\t<\/div>\n\t\t\t\t<\/a>\n\t\t<a class=\"elementor-element elementor-element-382488e e-con-full e-flex e-con e-child\" data-id=\"382488e\" data-element_type=\"container\" data-settings=\"{&quot;background_background&quot;:&quot;classic&quot;}\" href=\"https:\/\/craftsmecca.lt\/lv\/citi-darbi\/metala-un-koka-darbi\/\">\n\t\t\t\t<div class=\"elementor-element elementor-element-5068387 elementor-widget elementor-widget-heading\" data-id=\"5068387\" data-element_type=\"widget\" data-widget_type=\"heading.default\">\n\t\t\t\t\t<h4 class=\"elementor-heading-title elementor-size-default\">MET\u0100LA UN KOKA DARBI<\/h4>\t\t\t\t<\/div>\n\t\t\t\t<\/a>\n\t\t\t\t<\/div>\n\t\t\t\t\t<\/div>\n\t\t\t\t<\/div>\n\t\t\t\t<\/div>\n\t\t","protected":false},"excerpt":{"rendered":"<p>\u0100ra terases Sild\u012bt\u0101ji Dzes\u0113t\u0101ji MET\u0100LA UN KOKA DARBI<\/p>\n","protected":false},"author":1,"featured_media":0,"parent":0,"menu_order":0,"comment_status":"closed","ping_status":"closed","template":"","meta":{"footnotes":""},"class_list":["post-4827","page","type-page","status-publish","hentry"],"blocksy_meta":[],"yoast_head":"<!-- This site is optimized with the Yoast SEO plugin v26.3 - https:\/\/yoast.com\/wordpress\/plugins\/seo\/ -->\n<title>Citi projekti - Terases, sild\u012bt\u0101ji, dzes\u0113t\u0101ji, nojumes un kupoli %%-%%%<\/title>\n<meta name=\"description\" content=\"Terases, sild\u012bt\u0101ji, dzes\u0113t\u0101ji, nojumes un nojumes, ang\u0101ri, skatuves un citi individu\u0101li projekti.\" \/>\n<meta name=\"robots\" content=\"index, follow, max-snippet:-1, max-image-preview:large, max-video-preview:-1\" \/>\n<link rel=\"canonical\" href=\"https:\/\/craftsmecca.lt\/lv\/citi-darbi\/\" \/>\n<meta property=\"og:locale\" content=\"lv_LV\" \/>\n<meta property=\"og:type\" content=\"article\" \/>\n<meta property=\"og:title\" content=\"Citi projekti - Terases, sild\u012bt\u0101ji, dzes\u0113t\u0101ji, nojumes un kupoli %%-%%%\" \/>\n<meta property=\"og:description\" content=\"Terases, sild\u012bt\u0101ji, dzes\u0113t\u0101ji, nojumes un nojumes, ang\u0101ri, skatuves un citi individu\u0101li projekti.\" \/>\n<meta property=\"og:url\" content=\"https:\/\/craftsmecca.lt\/lv\/citi-darbi\/\" \/>\n<meta property=\"og:site_name\" content=\"Craftsmecca\" \/>\n<meta property=\"article:publisher\" content=\"https:\/\/www.facebook.com\/CraftsMecca\" \/>\n<meta property=\"article:modified_time\" content=\"2026-01-13T13:17:07+00:00\" \/>\n<meta property=\"og:image\" content=\"https:\/\/craftsmecca.lt\/wp-content\/uploads\/2025\/03\/category-12-metalo-darbai.jpg\" \/>\n<meta name=\"twitter:card\" content=\"summary_large_image\" \/>\n<script type=\"application\/ld+json\" class=\"yoast-schema-graph\">{\"@context\":\"https:\/\/schema.org\",\"@graph\":[{\"@type\":\"WebPage\",\"@id\":\"https:\/\/craftsmecca.lt\/lv\/citi-darbi\/\",\"url\":\"https:\/\/craftsmecca.lt\/lv\/citi-darbi\/\",\"name\":\"Citi projekti - Terases, sild\u012bt\u0101ji, dzes\u0113t\u0101ji, nojumes un kupoli %%-%%%\",\"isPartOf\":{\"@id\":\"https:\/\/craftsmecca.lt\/lv\/#website\"},\"datePublished\":\"2025-03-06T16:04:13+00:00\",\"dateModified\":\"2026-01-13T13:17:07+00:00\",\"description\":\"Terases, sild\u012bt\u0101ji, dzes\u0113t\u0101ji, nojumes un nojumes, ang\u0101ri, skatuves un citi individu\u0101li projekti.\",\"breadcrumb\":{\"@id\":\"https:\/\/craftsmecca.lt\/lv\/citi-darbi\/#breadcrumb\"},\"inLanguage\":\"lv-LV\",\"potentialAction\":[{\"@type\":\"ReadAction\",\"target\":[\"https:\/\/craftsmecca.lt\/lv\/citi-darbi\/\"]}]},{\"@type\":\"BreadcrumbList\",\"@id\":\"https:\/\/craftsmecca.lt\/lv\/citi-darbi\/#breadcrumb\",\"itemListElement\":[{\"@type\":\"ListItem\",\"position\":1,\"name\":\"Home\",\"item\":\"https:\/\/craftsmecca.lt\/lv\/\"},{\"@type\":\"ListItem\",\"position\":2,\"name\":\"Citi darbi\"}]},{\"@type\":\"WebSite\",\"@id\":\"https:\/\/craftsmecca.lt\/lv\/#website\",\"url\":\"https:\/\/craftsmecca.lt\/lv\/\",\"name\":\"Craftsmecca\",\"description\":\"\",\"publisher\":{\"@id\":\"https:\/\/craftsmecca.lt\/lv\/#organization\"},\"potentialAction\":[{\"@type\":\"SearchAction\",\"target\":{\"@type\":\"EntryPoint\",\"urlTemplate\":\"https:\/\/craftsmecca.lt\/lv\/?s={search_term_string}\"},\"query-input\":{\"@type\":\"PropertyValueSpecification\",\"valueRequired\":true,\"valueName\":\"search_term_string\"}}],\"inLanguage\":\"lv-LV\"},{\"@type\":\"Organization\",\"@id\":\"https:\/\/craftsmecca.lt\/lv\/#organization\",\"name\":\"Craftsmecca\",\"url\":\"https:\/\/craftsmecca.lt\/lv\/\",\"logo\":{\"@type\":\"ImageObject\",\"inLanguage\":\"lv-LV\",\"@id\":\"https:\/\/craftsmecca.lt\/lv\/#\/schema\/logo\/image\/\",\"url\":\"https:\/\/craftsmecca.lt\/wp-content\/uploads\/2025\/02\/CraftsMecca_logo-2.png\",\"contentUrl\":\"https:\/\/craftsmecca.lt\/wp-content\/uploads\/2025\/02\/CraftsMecca_logo-2.png\",\"width\":828,\"height\":306,\"caption\":\"Craftsmecca\"},\"image\":{\"@id\":\"https:\/\/craftsmecca.lt\/lv\/#\/schema\/logo\/image\/\"},\"sameAs\":[\"https:\/\/www.facebook.com\/CraftsMecca\",\"https:\/\/www.instagram.com\/crafts_mecca\/\",\"https:\/\/www.youtube.com\/@craftsmecca2835\/videos\"]}]}<\/script>\n<!-- \/ Yoast SEO plugin. -->","yoast_head_json":{"title":"Citi projekti - Terases, sild\u012bt\u0101ji, dzes\u0113t\u0101ji, nojumes un kupoli %%-%%%","description":"Terases, sild\u012bt\u0101ji, dzes\u0113t\u0101ji, nojumes un nojumes, ang\u0101ri, skatuves un citi individu\u0101li projekti.","robots":{"index":"index","follow":"follow","max-snippet":"max-snippet:-1","max-image-preview":"max-image-preview:large","max-video-preview":"max-video-preview:-1"},"canonical":"https:\/\/craftsmecca.lt\/lv\/citi-darbi\/","og_locale":"lv_LV","og_type":"article","og_title":"Citi projekti - Terases, sild\u012bt\u0101ji, dzes\u0113t\u0101ji, nojumes un kupoli %%-%%%","og_description":"Terases, sild\u012bt\u0101ji, dzes\u0113t\u0101ji, nojumes un nojumes, ang\u0101ri, skatuves un citi individu\u0101li projekti.","og_url":"https:\/\/craftsmecca.lt\/lv\/citi-darbi\/","og_site_name":"Craftsmecca","article_publisher":"https:\/\/www.facebook.com\/CraftsMecca","article_modified_time":"2026-01-13T13:17:07+00:00","og_image":[{"url":"https:\/\/craftsmecca.lt\/wp-content\/uploads\/2025\/03\/category-12-metalo-darbai.jpg","type":"","width":"","height":""}],"twitter_card":"summary_large_image","schema":{"@context":"https:\/\/schema.org","@graph":[{"@type":"WebPage","@id":"https:\/\/craftsmecca.lt\/lv\/citi-darbi\/","url":"https:\/\/craftsmecca.lt\/lv\/citi-darbi\/","name":"Citi projekti - Terases, sild\u012bt\u0101ji, dzes\u0113t\u0101ji, nojumes un kupoli %%-%%%","isPartOf":{"@id":"https:\/\/craftsmecca.lt\/lv\/#website"},"datePublished":"2025-03-06T16:04:13+00:00","dateModified":"2026-01-13T13:17:07+00:00","description":"Terases, sild\u012bt\u0101ji, dzes\u0113t\u0101ji, nojumes un nojumes, ang\u0101ri, skatuves un citi individu\u0101li projekti.","breadcrumb":{"@id":"https:\/\/craftsmecca.lt\/lv\/citi-darbi\/#breadcrumb"},"inLanguage":"lv-LV","potentialAction":[{"@type":"ReadAction","target":["https:\/\/craftsmecca.lt\/lv\/citi-darbi\/"]}]},{"@type":"BreadcrumbList","@id":"https:\/\/craftsmecca.lt\/lv\/citi-darbi\/#breadcrumb","itemListElement":[{"@type":"ListItem","position":1,"name":"Home","item":"https:\/\/craftsmecca.lt\/lv\/"},{"@type":"ListItem","position":2,"name":"Citi darbi"}]},{"@type":"WebSite","@id":"https:\/\/craftsmecca.lt\/lv\/#website","url":"https:\/\/craftsmecca.lt\/lv\/","name":"Craftsmecca","description":"","publisher":{"@id":"https:\/\/craftsmecca.lt\/lv\/#organization"},"potentialAction":[{"@type":"SearchAction","target":{"@type":"EntryPoint","urlTemplate":"https:\/\/craftsmecca.lt\/lv\/?s={search_term_string}"},"query-input":{"@type":"PropertyValueSpecification","valueRequired":true,"valueName":"search_term_string"}}],"inLanguage":"lv-LV"},{"@type":"Organization","@id":"https:\/\/craftsmecca.lt\/lv\/#organization","name":"Craftsmecca","url":"https:\/\/craftsmecca.lt\/lv\/","logo":{"@type":"ImageObject","inLanguage":"lv-LV","@id":"https:\/\/craftsmecca.lt\/lv\/#\/schema\/logo\/image\/","url":"https:\/\/craftsmecca.lt\/wp-content\/uploads\/2025\/02\/CraftsMecca_logo-2.png","contentUrl":"https:\/\/craftsmecca.lt\/wp-content\/uploads\/2025\/02\/CraftsMecca_logo-2.png","width":828,"height":306,"caption":"Craftsmecca"},"image":{"@id":"https:\/\/craftsmecca.lt\/lv\/#\/schema\/logo\/image\/"},"sameAs":["https:\/\/www.facebook.com\/CraftsMecca","https:\/\/www.instagram.com\/crafts_mecca\/","https:\/\/www.youtube.com\/@craftsmecca2835\/videos"]}]}},"_links":{"self":[{"href":"https:\/\/craftsmecca.lt\/lv\/wp-json\/wp\/v2\/pages\/4827","targetHints":{"allow":["GET"]}}],"collection":[{"href":"https:\/\/craftsmecca.lt\/lv\/wp-json\/wp\/v2\/pages"}],"about":[{"href":"https:\/\/craftsmecca.lt\/lv\/wp-json\/wp\/v2\/types\/page"}],"author":[{"embeddable":true,"href":"https:\/\/craftsmecca.lt\/lv\/wp-json\/wp\/v2\/users\/1"}],"replies":[{"embeddable":true,"href":"https:\/\/craftsmecca.lt\/lv\/wp-json\/wp\/v2\/comments?post=4827"}],"version-history":[{"count":6,"href":"https:\/\/craftsmecca.lt\/lv\/wp-json\/wp\/v2\/pages\/4827\/revisions"}],"predecessor-version":[{"id":10984,"href":"https:\/\/craftsmecca.lt\/lv\/wp-json\/wp\/v2\/pages\/4827\/revisions\/10984"}],"wp:attachment":[{"href":"https:\/\/craftsmecca.lt\/lv\/wp-json\/wp\/v2\/media?parent=4827"}],"curies":[{"name":"wp","href":"https:\/\/api.w.org\/{rel}","templated":true}]}}