{"id":4839,"date":"2025-03-12T12:58:58","date_gmt":"2025-03-12T12:58:58","guid":{"rendered":"https:\/\/craftsmecca.lt\/citi-darbi\/ainas\/"},"modified":"2025-07-09T14:14:19","modified_gmt":"2025-07-09T14:14:19","slug":"ainas","status":"publish","type":"page","link":"https:\/\/craftsmecca.lt\/lv\/citi-darbi\/ainas\/","title":{"rendered":"Skatuves"},"content":{"rendered":"\t\t<div data-elementor-type=\"wp-page\" data-elementor-id=\"4839\" class=\"elementor elementor-4839 elementor-2840\" data-elementor-post-type=\"page\">\n\t\t\t\t<div class=\"elementor-element elementor-element-e6a4839 e-flex e-con-boxed e-con e-parent\" data-id=\"e6a4839\" data-element_type=\"container\">\n\t\t\t\t\t<div class=\"e-con-inner\">\n\t\t\t\t<div class=\"elementor-element elementor-element-f4c4785 elementor-absolute elementor-widget elementor-widget-button\" data-id=\"f4c4785\" data-element_type=\"widget\" data-settings=\"{&quot;_position&quot;:&quot;absolute&quot;}\" data-widget_type=\"button.default\">\n\t\t\t\t\t\t\t\t\t\t<a class=\"elementor-button elementor-button-link elementor-size-sm\" href=\"https:\/\/craftsmecca.lt\/lv\/citi-darbi\/\">\n\t\t\t\t\t\t<span class=\"elementor-button-content-wrapper\">\n\t\t\t\t\t\t<span class=\"elementor-button-icon\">\n\t\t\t\t<svg aria-hidden=\"true\" class=\"e-font-icon-svg e-fas-arrow-left\" viewBox=\"0 0 448 512\" xmlns=\"http:\/\/www.w3.org\/2000\/svg\"><path d=\"M257.5 445.1l-22.2 22.2c-9.4 9.4-24.6 9.4-33.9 0L7 273c-9.4-9.4-9.4-24.6 0-33.9L201.4 44.7c9.4-9.4 24.6-9.4 33.9 0l22.2 22.2c9.5 9.5 9.3 25-.4 34.3L136.6 216H424c13.3 0 24 10.7 24 24v32c0 13.3-10.7 24-24 24H136.6l120.5 114.8c9.8 9.3 10 24.8.4 34.3z\"><\/path><\/svg>\t\t\t<\/span>\n\t\t\t\t\t\t\t\t\t<span class=\"elementor-button-text\"> <\/span>\n\t\t\t\t\t<\/span>\n\t\t\t\t\t<\/a>\n\t\t\t\t\t\t\t\t<\/div>\n\t\t\t\t<div class=\"elementor-element elementor-element-cbd4abb elementor-widget elementor-widget-text-editor\" data-id=\"cbd4abb\" data-element_type=\"widget\" data-widget_type=\"text-editor.default\">\n\t\t\t\t\t\t\t\t\t<p>Skatuvju p\u0101rseg\u0161anai izmantota nojume &#8211; PVC &#8211; polivinilhlor\u012bds , materi\u0101ls pastiprin\u0101ts ar poliestera diegiem un no ab\u0101m pus\u0113m p\u0101rkl\u0101ts ar akrila laku. Tas ir lielisks risin\u0101jums aizsardz\u012bbai pret v\u0113ju, lietu, sniegu vai tie\u0161iem saules stariem. Tenti skatuv\u0113m tiek ra\u017eotas p\u0113c pas\u016bt\u012bt\u0101ja vajadz\u012bb\u0101m un ras\u0113jumiem, visa produkcija tiek ra\u017eota izmantojot augstas klases iek\u0101rtas, taj\u0101 skait\u0101 augstfrekvences iek\u0101rtas. Tas nodro\u0161ina \u0161uvju iztur\u012bbu un daudz ilg\u0101ku kalpo\u0161anas laiku, sal\u012bdzinot ar karst\u0101 gaisa lod\u0113\u0161anu. Ja nepiecie\u0161ams, varam izgatavot aizkarus ierodoties viet\u0101, kad pietr\u016bkst laika sakar\u0101 ar pas\u0101kuma s\u0101kumu. Esam gatavi sadarboties un rast abpus\u0113ji izdev\u012bgus risin\u0101jumus tentu ra\u017eo\u0161anas jom\u0101.     <\/p>\t\t\t\t\t\t\t\t<\/div>\n\t\t\t\t<div class=\"elementor-element elementor-element-b9f8aaf elementor-widget-divider--view-line elementor-widget elementor-widget-divider\" data-id=\"b9f8aaf\" data-element_type=\"widget\" data-widget_type=\"divider.default\">\n\t\t\t\t\t\t\t<div class=\"elementor-divider\">\n\t\t\t<span class=\"elementor-divider-separator\">\n\t\t\t\t\t\t<\/span>\n\t\t<\/div>\n\t\t\t\t\t\t<\/div>\n\t\t\t\t<div class=\"elementor-element elementor-element-7d7791d elementor-widget elementor-widget-text-editor\" data-id=\"7d7791d\" data-element_type=\"widget\" data-widget_type=\"text-editor.default\">\n\t\t\t\t\t\t\t\t\t<p><strong>Cena:<\/strong> apr\u0113\u0137ina individu\u0101li.<\/p>\t\t\t\t\t\t\t\t<\/div>\n\t\t\t\t<div class=\"elementor-element elementor-element-89ec3f6 elementor-widget elementor-widget-gallery\" data-id=\"89ec3f6\" data-element_type=\"widget\" data-settings=\"{&quot;image_hover_animation&quot;:&quot;grow&quot;,&quot;lazyload&quot;:&quot;yes&quot;,&quot;gallery_layout&quot;:&quot;grid&quot;,&quot;columns&quot;:4,&quot;columns_tablet&quot;:2,&quot;columns_mobile&quot;:1,&quot;gap&quot;:{&quot;unit&quot;:&quot;px&quot;,&quot;size&quot;:10,&quot;sizes&quot;:[]},&quot;gap_tablet&quot;:{&quot;unit&quot;:&quot;px&quot;,&quot;size&quot;:10,&quot;sizes&quot;:[]},&quot;gap_mobile&quot;:{&quot;unit&quot;:&quot;px&quot;,&quot;size&quot;:10,&quot;sizes&quot;:[]},&quot;link_to&quot;:&quot;file&quot;,&quot;aspect_ratio&quot;:&quot;3:2&quot;,&quot;overlay_background&quot;:&quot;yes&quot;,&quot;content_hover_animation&quot;:&quot;fade-in&quot;}\" data-widget_type=\"gallery.default\">\n\t\t\t\t\t\t\t<div class=\"elementor-gallery__container\">\n\t\t\t\t\t\t\t<a class=\"e-gallery-item elementor-gallery-item elementor-animated-content\" href=\"https:\/\/craftsmecca.lt\/wp-content\/uploads\/2025\/03\/category-7-1-scena3.jpg\" data-elementor-open-lightbox=\"yes\" data-elementor-lightbox-slideshow=\"89ec3f6\" data-elementor-lightbox-title=\"category-7-1-scena3\" data-e-action-hash=\"#elementor-action%3Aaction%3Dlightbox%26settings%3DeyJpZCI6NDgzMywidXJsIjoiaHR0cHM6XC9cL2NyYWZ0c21lY2NhLmx0XC93cC1jb250ZW50XC91cGxvYWRzXC8yMDI1XC8wM1wvY2F0ZWdvcnktNy0xLXNjZW5hMy5qcGciLCJzbGlkZXNob3ciOiI4OWVjM2Y2In0%3D\">\n\t\t\t\t\t<div class=\"e-gallery-image elementor-gallery-item__image\" data-thumbnail=\"https:\/\/craftsmecca.lt\/wp-content\/uploads\/2025\/03\/category-7-1-scena3-300x204.jpg\" data-width=\"300\" data-height=\"204\" aria-label=\"Scenos ir kupolai\" role=\"img\" ><\/div>\n\t\t\t\t\t\t\t\t\t\t\t<div class=\"elementor-gallery-item__overlay\"><\/div>\n\t\t\t\t\t\t\t\t\t\t\t\t\t\t<\/a>\n\t\t\t\t\t\t\t<a class=\"e-gallery-item elementor-gallery-item elementor-animated-content\" href=\"https:\/\/craftsmecca.lt\/wp-content\/uploads\/2025\/03\/scena2.jpg\" data-elementor-open-lightbox=\"yes\" data-elementor-lightbox-slideshow=\"89ec3f6\" data-elementor-lightbox-title=\"scena2\" data-e-action-hash=\"#elementor-action%3Aaction%3Dlightbox%26settings%3DeyJpZCI6Nzk4MiwidXJsIjoiaHR0cHM6XC9cL2NyYWZ0c21lY2NhLmx0XC93cC1jb250ZW50XC91cGxvYWRzXC8yMDI1XC8wM1wvc2NlbmEyLmpwZyIsInNsaWRlc2hvdyI6Ijg5ZWMzZjYifQ%3D%3D\">\n\t\t\t\t\t<div class=\"e-gallery-image elementor-gallery-item__image\" data-thumbnail=\"https:\/\/craftsmecca.lt\/wp-content\/uploads\/2025\/03\/scena2-300x204.jpg\" data-width=\"300\" data-height=\"204\" aria-label=\"\" role=\"img\" ><\/div>\n\t\t\t\t\t\t\t\t\t\t\t<div class=\"elementor-gallery-item__overlay\"><\/div>\n\t\t\t\t\t\t\t\t\t\t\t\t\t\t<\/a>\n\t\t\t\t\t\t\t<a class=\"e-gallery-item elementor-gallery-item elementor-animated-content\" href=\"https:\/\/craftsmecca.lt\/wp-content\/uploads\/2025\/03\/scena1.jpg\" data-elementor-open-lightbox=\"yes\" data-elementor-lightbox-slideshow=\"89ec3f6\" data-elementor-lightbox-title=\"scena1\" data-e-action-hash=\"#elementor-action%3Aaction%3Dlightbox%26settings%3DeyJpZCI6Nzk3OSwidXJsIjoiaHR0cHM6XC9cL2NyYWZ0c21lY2NhLmx0XC93cC1jb250ZW50XC91cGxvYWRzXC8yMDI1XC8wM1wvc2NlbmExLmpwZyIsInNsaWRlc2hvdyI6Ijg5ZWMzZjYifQ%3D%3D\">\n\t\t\t\t\t<div class=\"e-gallery-image elementor-gallery-item__image\" data-thumbnail=\"https:\/\/craftsmecca.lt\/wp-content\/uploads\/2025\/03\/scena1-300x204.jpg\" data-width=\"300\" data-height=\"204\" aria-label=\"\" role=\"img\" ><\/div>\n\t\t\t\t\t\t\t\t\t\t\t<div class=\"elementor-gallery-item__overlay\"><\/div>\n\t\t\t\t\t\t\t\t\t\t\t\t\t\t<\/a>\n\t\t\t\t\t<\/div>\n\t\t\t\t\t<\/div>\n\t\t\t\t\t<\/div>\n\t\t\t\t<\/div>\n\t\t\t\t<\/div>\n\t\t","protected":false},"excerpt":{"rendered":"<p>Skatuvju p\u0101rseg\u0161anai izmantota nojume &#8211; PVC &#8211; polivinilhlor\u012bds , materi\u0101ls pastiprin\u0101ts ar poliestera diegiem un no ab\u0101m pus\u0113m p\u0101rkl\u0101ts ar akrila laku. Tas ir lielisks risin\u0101jums aizsardz\u012bbai pret v\u0113ju, lietu, sniegu vai tie\u0161iem saules stariem. Tenti skatuv\u0113m tiek ra\u017eotas p\u0113c pas\u016bt\u012bt\u0101ja vajadz\u012bb\u0101m un ras\u0113jumiem, visa produkcija tiek ra\u017eota izmantojot augstas klases iek\u0101rtas, taj\u0101 skait\u0101 augstfrekvences [&hellip;]<\/p>\n","protected":false},"author":1,"featured_media":4833,"parent":4827,"menu_order":0,"comment_status":"closed","ping_status":"closed","template":"","meta":{"footnotes":""},"class_list":["post-4839","page","type-page","status-publish","has-post-thumbnail","hentry"],"blocksy_meta":[],"yoast_head":"<!-- This site is optimized with the Yoast SEO plugin v26.3 - https:\/\/yoast.com\/wordpress\/plugins\/seo\/ -->\n<title>Skatuves konstrukcijas - profesion\u0101li risin\u0101jumi no Craftsmecca<\/title>\n<meta name=\"description\" content=\"Uzticamas un dro\u0161as skatuves pas\u0101kumiem, koncertiem vai izst\u0101d\u0113m. Individu\u0101li risin\u0101jumi atbilsto\u0161i j\u016bsu vajadz\u012bb\u0101m.\" \/>\n<meta name=\"robots\" content=\"index, follow, max-snippet:-1, max-image-preview:large, max-video-preview:-1\" \/>\n<link rel=\"canonical\" href=\"https:\/\/craftsmecca.lt\/lv\/citi-darbi\/ainas\/\" \/>\n<meta property=\"og:locale\" content=\"lv_LV\" \/>\n<meta property=\"og:type\" content=\"article\" \/>\n<meta property=\"og:title\" content=\"Skatuves konstrukcijas - profesion\u0101li risin\u0101jumi no Craftsmecca\" \/>\n<meta property=\"og:description\" content=\"Uzticamas un dro\u0161as skatuves pas\u0101kumiem, koncertiem vai izst\u0101d\u0113m. Individu\u0101li risin\u0101jumi atbilsto\u0161i j\u016bsu vajadz\u012bb\u0101m.\" \/>\n<meta property=\"og:url\" content=\"https:\/\/craftsmecca.lt\/lv\/citi-darbi\/ainas\/\" \/>\n<meta property=\"og:site_name\" content=\"Craftsmecca\" \/>\n<meta property=\"article:publisher\" content=\"https:\/\/www.facebook.com\/CraftsMecca\" \/>\n<meta property=\"article:modified_time\" content=\"2025-07-09T14:14:19+00:00\" \/>\n<meta property=\"og:image\" content=\"https:\/\/craftsmecca.lt\/wp-content\/uploads\/2025\/03\/category-7-1-scena3.jpg\" \/>\n\t<meta property=\"og:image:width\" content=\"882\" \/>\n\t<meta property=\"og:image:height\" content=\"600\" \/>\n\t<meta property=\"og:image:type\" content=\"image\/jpeg\" \/>\n<meta name=\"twitter:card\" content=\"summary_large_image\" \/>\n<meta name=\"twitter:label1\" content=\"Est. reading time\" \/>\n\t<meta name=\"twitter:data1\" content=\"1 minute\" \/>\n<script type=\"application\/ld+json\" class=\"yoast-schema-graph\">{\"@context\":\"https:\/\/schema.org\",\"@graph\":[{\"@type\":\"WebPage\",\"@id\":\"https:\/\/craftsmecca.lt\/lv\/citi-darbi\/ainas\/\",\"url\":\"https:\/\/craftsmecca.lt\/lv\/citi-darbi\/ainas\/\",\"name\":\"Skatuves konstrukcijas - profesion\u0101li risin\u0101jumi no Craftsmecca\",\"isPartOf\":{\"@id\":\"https:\/\/craftsmecca.lt\/lv\/#website\"},\"primaryImageOfPage\":{\"@id\":\"https:\/\/craftsmecca.lt\/lv\/citi-darbi\/ainas\/#primaryimage\"},\"image\":{\"@id\":\"https:\/\/craftsmecca.lt\/lv\/citi-darbi\/ainas\/#primaryimage\"},\"thumbnailUrl\":\"https:\/\/craftsmecca.lt\/wp-content\/uploads\/2025\/03\/category-7-1-scena3.jpg\",\"datePublished\":\"2025-03-12T12:58:58+00:00\",\"dateModified\":\"2025-07-09T14:14:19+00:00\",\"description\":\"Uzticamas un dro\u0161as skatuves pas\u0101kumiem, koncertiem vai izst\u0101d\u0113m. Individu\u0101li risin\u0101jumi atbilsto\u0161i j\u016bsu vajadz\u012bb\u0101m.\",\"breadcrumb\":{\"@id\":\"https:\/\/craftsmecca.lt\/lv\/citi-darbi\/ainas\/#breadcrumb\"},\"inLanguage\":\"lv-LV\",\"potentialAction\":[{\"@type\":\"ReadAction\",\"target\":[\"https:\/\/craftsmecca.lt\/lv\/citi-darbi\/ainas\/\"]}]},{\"@type\":\"ImageObject\",\"inLanguage\":\"lv-LV\",\"@id\":\"https:\/\/craftsmecca.lt\/lv\/citi-darbi\/ainas\/#primaryimage\",\"url\":\"https:\/\/craftsmecca.lt\/wp-content\/uploads\/2025\/03\/category-7-1-scena3.jpg\",\"contentUrl\":\"https:\/\/craftsmecca.lt\/wp-content\/uploads\/2025\/03\/category-7-1-scena3.jpg\",\"width\":882,\"height\":600,\"caption\":\"Scenos ir kupolai\"},{\"@type\":\"BreadcrumbList\",\"@id\":\"https:\/\/craftsmecca.lt\/lv\/citi-darbi\/ainas\/#breadcrumb\",\"itemListElement\":[{\"@type\":\"ListItem\",\"position\":1,\"name\":\"Home\",\"item\":\"https:\/\/craftsmecca.lt\/lv\/\"},{\"@type\":\"ListItem\",\"position\":2,\"name\":\"Citi darbi\",\"item\":\"https:\/\/craftsmecca.lt\/lv\/citi-darbi\/\"},{\"@type\":\"ListItem\",\"position\":3,\"name\":\"Skatuves\"}]},{\"@type\":\"WebSite\",\"@id\":\"https:\/\/craftsmecca.lt\/lv\/#website\",\"url\":\"https:\/\/craftsmecca.lt\/lv\/\",\"name\":\"Craftsmecca\",\"description\":\"\",\"publisher\":{\"@id\":\"https:\/\/craftsmecca.lt\/lv\/#organization\"},\"potentialAction\":[{\"@type\":\"SearchAction\",\"target\":{\"@type\":\"EntryPoint\",\"urlTemplate\":\"https:\/\/craftsmecca.lt\/lv\/?s={search_term_string}\"},\"query-input\":{\"@type\":\"PropertyValueSpecification\",\"valueRequired\":true,\"valueName\":\"search_term_string\"}}],\"inLanguage\":\"lv-LV\"},{\"@type\":\"Organization\",\"@id\":\"https:\/\/craftsmecca.lt\/lv\/#organization\",\"name\":\"Craftsmecca\",\"url\":\"https:\/\/craftsmecca.lt\/lv\/\",\"logo\":{\"@type\":\"ImageObject\",\"inLanguage\":\"lv-LV\",\"@id\":\"https:\/\/craftsmecca.lt\/lv\/#\/schema\/logo\/image\/\",\"url\":\"https:\/\/craftsmecca.lt\/wp-content\/uploads\/2025\/02\/CraftsMecca_logo-2.png\",\"contentUrl\":\"https:\/\/craftsmecca.lt\/wp-content\/uploads\/2025\/02\/CraftsMecca_logo-2.png\",\"width\":828,\"height\":306,\"caption\":\"Craftsmecca\"},\"image\":{\"@id\":\"https:\/\/craftsmecca.lt\/lv\/#\/schema\/logo\/image\/\"},\"sameAs\":[\"https:\/\/www.facebook.com\/CraftsMecca\",\"https:\/\/www.instagram.com\/crafts_mecca\/\",\"https:\/\/www.youtube.com\/@craftsmecca2835\/videos\"]}]}<\/script>\n<!-- \/ Yoast SEO plugin. -->","yoast_head_json":{"title":"Skatuves konstrukcijas - profesion\u0101li risin\u0101jumi no Craftsmecca","description":"Uzticamas un dro\u0161as skatuves pas\u0101kumiem, koncertiem vai izst\u0101d\u0113m. Individu\u0101li risin\u0101jumi atbilsto\u0161i j\u016bsu vajadz\u012bb\u0101m.","robots":{"index":"index","follow":"follow","max-snippet":"max-snippet:-1","max-image-preview":"max-image-preview:large","max-video-preview":"max-video-preview:-1"},"canonical":"https:\/\/craftsmecca.lt\/lv\/citi-darbi\/ainas\/","og_locale":"lv_LV","og_type":"article","og_title":"Skatuves konstrukcijas - profesion\u0101li risin\u0101jumi no Craftsmecca","og_description":"Uzticamas un dro\u0161as skatuves pas\u0101kumiem, koncertiem vai izst\u0101d\u0113m. Individu\u0101li risin\u0101jumi atbilsto\u0161i j\u016bsu vajadz\u012bb\u0101m.","og_url":"https:\/\/craftsmecca.lt\/lv\/citi-darbi\/ainas\/","og_site_name":"Craftsmecca","article_publisher":"https:\/\/www.facebook.com\/CraftsMecca","article_modified_time":"2025-07-09T14:14:19+00:00","og_image":[{"width":882,"height":600,"url":"https:\/\/craftsmecca.lt\/wp-content\/uploads\/2025\/03\/category-7-1-scena3.jpg","type":"image\/jpeg"}],"twitter_card":"summary_large_image","twitter_misc":{"Est. reading time":"1 minute"},"schema":{"@context":"https:\/\/schema.org","@graph":[{"@type":"WebPage","@id":"https:\/\/craftsmecca.lt\/lv\/citi-darbi\/ainas\/","url":"https:\/\/craftsmecca.lt\/lv\/citi-darbi\/ainas\/","name":"Skatuves konstrukcijas - profesion\u0101li risin\u0101jumi no Craftsmecca","isPartOf":{"@id":"https:\/\/craftsmecca.lt\/lv\/#website"},"primaryImageOfPage":{"@id":"https:\/\/craftsmecca.lt\/lv\/citi-darbi\/ainas\/#primaryimage"},"image":{"@id":"https:\/\/craftsmecca.lt\/lv\/citi-darbi\/ainas\/#primaryimage"},"thumbnailUrl":"https:\/\/craftsmecca.lt\/wp-content\/uploads\/2025\/03\/category-7-1-scena3.jpg","datePublished":"2025-03-12T12:58:58+00:00","dateModified":"2025-07-09T14:14:19+00:00","description":"Uzticamas un dro\u0161as skatuves pas\u0101kumiem, koncertiem vai izst\u0101d\u0113m. Individu\u0101li risin\u0101jumi atbilsto\u0161i j\u016bsu vajadz\u012bb\u0101m.","breadcrumb":{"@id":"https:\/\/craftsmecca.lt\/lv\/citi-darbi\/ainas\/#breadcrumb"},"inLanguage":"lv-LV","potentialAction":[{"@type":"ReadAction","target":["https:\/\/craftsmecca.lt\/lv\/citi-darbi\/ainas\/"]}]},{"@type":"ImageObject","inLanguage":"lv-LV","@id":"https:\/\/craftsmecca.lt\/lv\/citi-darbi\/ainas\/#primaryimage","url":"https:\/\/craftsmecca.lt\/wp-content\/uploads\/2025\/03\/category-7-1-scena3.jpg","contentUrl":"https:\/\/craftsmecca.lt\/wp-content\/uploads\/2025\/03\/category-7-1-scena3.jpg","width":882,"height":600,"caption":"Scenos ir kupolai"},{"@type":"BreadcrumbList","@id":"https:\/\/craftsmecca.lt\/lv\/citi-darbi\/ainas\/#breadcrumb","itemListElement":[{"@type":"ListItem","position":1,"name":"Home","item":"https:\/\/craftsmecca.lt\/lv\/"},{"@type":"ListItem","position":2,"name":"Citi darbi","item":"https:\/\/craftsmecca.lt\/lv\/citi-darbi\/"},{"@type":"ListItem","position":3,"name":"Skatuves"}]},{"@type":"WebSite","@id":"https:\/\/craftsmecca.lt\/lv\/#website","url":"https:\/\/craftsmecca.lt\/lv\/","name":"Craftsmecca","description":"","publisher":{"@id":"https:\/\/craftsmecca.lt\/lv\/#organization"},"potentialAction":[{"@type":"SearchAction","target":{"@type":"EntryPoint","urlTemplate":"https:\/\/craftsmecca.lt\/lv\/?s={search_term_string}"},"query-input":{"@type":"PropertyValueSpecification","valueRequired":true,"valueName":"search_term_string"}}],"inLanguage":"lv-LV"},{"@type":"Organization","@id":"https:\/\/craftsmecca.lt\/lv\/#organization","name":"Craftsmecca","url":"https:\/\/craftsmecca.lt\/lv\/","logo":{"@type":"ImageObject","inLanguage":"lv-LV","@id":"https:\/\/craftsmecca.lt\/lv\/#\/schema\/logo\/image\/","url":"https:\/\/craftsmecca.lt\/wp-content\/uploads\/2025\/02\/CraftsMecca_logo-2.png","contentUrl":"https:\/\/craftsmecca.lt\/wp-content\/uploads\/2025\/02\/CraftsMecca_logo-2.png","width":828,"height":306,"caption":"Craftsmecca"},"image":{"@id":"https:\/\/craftsmecca.lt\/lv\/#\/schema\/logo\/image\/"},"sameAs":["https:\/\/www.facebook.com\/CraftsMecca","https:\/\/www.instagram.com\/crafts_mecca\/","https:\/\/www.youtube.com\/@craftsmecca2835\/videos"]}]}},"_links":{"self":[{"href":"https:\/\/craftsmecca.lt\/lv\/wp-json\/wp\/v2\/pages\/4839","targetHints":{"allow":["GET"]}}],"collection":[{"href":"https:\/\/craftsmecca.lt\/lv\/wp-json\/wp\/v2\/pages"}],"about":[{"href":"https:\/\/craftsmecca.lt\/lv\/wp-json\/wp\/v2\/types\/page"}],"author":[{"embeddable":true,"href":"https:\/\/craftsmecca.lt\/lv\/wp-json\/wp\/v2\/users\/1"}],"replies":[{"embeddable":true,"href":"https:\/\/craftsmecca.lt\/lv\/wp-json\/wp\/v2\/comments?post=4839"}],"version-history":[{"count":5,"href":"https:\/\/craftsmecca.lt\/lv\/wp-json\/wp\/v2\/pages\/4839\/revisions"}],"predecessor-version":[{"id":9621,"href":"https:\/\/craftsmecca.lt\/lv\/wp-json\/wp\/v2\/pages\/4839\/revisions\/9621"}],"up":[{"embeddable":true,"href":"https:\/\/craftsmecca.lt\/lv\/wp-json\/wp\/v2\/pages\/4827"}],"wp:featuredmedia":[{"embeddable":true,"href":"https:\/\/craftsmecca.lt\/lv\/wp-json\/wp\/v2\/media\/4833"}],"wp:attachment":[{"href":"https:\/\/craftsmecca.lt\/lv\/wp-json\/wp\/v2\/media?parent=4839"}],"curies":[{"name":"wp","href":"https:\/\/api.w.org\/{rel}","templated":true}]}}