{"id":4867,"date":"2025-03-12T12:41:43","date_gmt":"2025-03-12T12:41:43","guid":{"rendered":"https:\/\/craftsmecca.lt\/citi-darbi\/kupoli\/"},"modified":"2025-07-09T14:12:50","modified_gmt":"2025-07-09T14:12:50","slug":"kupoli","status":"publish","type":"page","link":"https:\/\/craftsmecca.lt\/lv\/citi-darbi\/kupoli\/","title":{"rendered":"Kupoli"},"content":{"rendered":"\t\t<div data-elementor-type=\"wp-page\" data-elementor-id=\"4867\" class=\"elementor elementor-4867 elementor-2810\" data-elementor-post-type=\"page\">\n\t\t\t\t<div class=\"elementor-element elementor-element-b30ceae e-flex e-con-boxed e-con e-parent\" data-id=\"b30ceae\" data-element_type=\"container\">\n\t\t\t\t\t<div class=\"e-con-inner\">\n\t\t\t\t<div class=\"elementor-element elementor-element-d2d5e27 elementor-absolute elementor-widget elementor-widget-button\" data-id=\"d2d5e27\" data-element_type=\"widget\" data-settings=\"{&quot;_position&quot;:&quot;absolute&quot;}\" data-widget_type=\"button.default\">\n\t\t\t\t\t\t\t\t\t\t<a class=\"elementor-button elementor-button-link elementor-size-sm\" href=\"https:\/\/craftsmecca.lt\/lv\/citi-darbi\/\">\n\t\t\t\t\t\t<span class=\"elementor-button-content-wrapper\">\n\t\t\t\t\t\t<span class=\"elementor-button-icon\">\n\t\t\t\t<svg aria-hidden=\"true\" class=\"e-font-icon-svg e-fas-arrow-left\" viewBox=\"0 0 448 512\" xmlns=\"http:\/\/www.w3.org\/2000\/svg\"><path d=\"M257.5 445.1l-22.2 22.2c-9.4 9.4-24.6 9.4-33.9 0L7 273c-9.4-9.4-9.4-24.6 0-33.9L201.4 44.7c9.4-9.4 24.6-9.4 33.9 0l22.2 22.2c9.5 9.5 9.3 25-.4 34.3L136.6 216H424c13.3 0 24 10.7 24 24v32c0 13.3-10.7 24-24 24H136.6l120.5 114.8c9.8 9.3 10 24.8.4 34.3z\"><\/path><\/svg>\t\t\t<\/span>\n\t\t\t\t\t\t\t\t\t<span class=\"elementor-button-text\"> <\/span>\n\t\t\t\t\t<\/span>\n\t\t\t\t\t<\/a>\n\t\t\t\t\t\t\t\t<\/div>\n\t\t\t\t<div class=\"elementor-element elementor-element-34fef30 elementor-widget elementor-widget-text-editor\" data-id=\"34fef30\" data-element_type=\"widget\" data-widget_type=\"text-editor.default\">\n\t\t\t\t\t\t\t\t\t<p>Kupoli ir izliektas formas, pagaidu konstrukcijas, kuras tiek \u0101tri samont\u0113tas un vajadz\u012bbas gad\u012bjum\u0101 no\u0146emamas un transport\u0113jamas. Kupoli izskat\u0101s iespaid\u012bgi neatkar\u012bgi no t\u0101, vai t\u0101 ir lauku m\u0101ja, pils\u0113ta vai pludmale, tie vienm\u0113r un visur piesaist\u012bs lielu uzman\u012bbu. Papildus iespaid\u012bgajam kupolu izskatam tiem ir ar\u012b citas noder\u012bgas \u012bpa\u0161\u012bbas:<br>sl\u012bdo\u0161\u0101 forma saglab\u0101 lielas v\u0113ja un sniega slodzes bez papildu pastiprin\u0101jumiem. Strukt\u016bra ir viegli un \u0101tri saliekama, ietaupot laiku un naudu. Maz\u0101ks virsmas laukums \u013cauj ietaup\u012bt materi\u0101lus (sal\u012bdzin\u0101jum\u0101 ar cit\u0101m form\u0101m). Lieliska akustika, kas ir \u013coti svar\u012bga deta\u013ca, kad runa ir par pas\u0101kumiem. Maz\u0101ks tilpums ietaupa ventil\u0101cijas\/apkures izmaksas.      <\/p><p>\u0160odien m\u016bsu komanda var pied\u0101v\u0101t saliekamos kupolus no met\u0101la konstrukcij\u0101m, kas p\u0101rkl\u0101tas ar tenta materi\u0101lu (PVC tentu) atbilsto\u0161i klienta izv\u0113l\u0113tajai kr\u0101su paletei. Materi\u0101ls tiek lod\u0113ts, izmantojot profesion\u0101lu augstfrekvences iek\u0101rtu, kas nodro\u0161ina \u0161uvju iztur\u012bbu un uzticam\u012bbu pat pie lielas slodzes. M\u0113s pied\u0101v\u0101jam \u0161\u0101dus kupolus:<br>Kupoli &#8211; \u0101ra kafejn\u012bc\u0101m, vasaras restor\u0101niem un pludmales atp\u016btas teras\u0113m, skatuv\u0113m, skatuv\u0113m un koncertiem, izst\u0101\u017eu un ekspoz\u012bciju paviljoniem, siltumn\u012bc\u0101m un ziemas d\u0101rzam.  <\/p><p>P\u0113c klienta vajadz\u012bb\u0101m pied\u0101v\u0101sim piem\u0113rot\u0101ko kupolu vai modul\u0101ru kupolu kompleksu, kad vair\u0101ki kupoli tiek apvienoti izv\u0113l\u0113t\u0101 kupolu mas\u012bv\u0101. <\/p>\t\t\t\t\t\t\t\t<\/div>\n\t\t\t\t<div class=\"elementor-element elementor-element-e588c90 elementor-widget elementor-widget-gallery\" data-id=\"e588c90\" data-element_type=\"widget\" data-settings=\"{&quot;image_hover_animation&quot;:&quot;grow&quot;,&quot;lazyload&quot;:&quot;yes&quot;,&quot;gallery_layout&quot;:&quot;grid&quot;,&quot;columns&quot;:4,&quot;columns_tablet&quot;:2,&quot;columns_mobile&quot;:1,&quot;gap&quot;:{&quot;unit&quot;:&quot;px&quot;,&quot;size&quot;:10,&quot;sizes&quot;:[]},&quot;gap_tablet&quot;:{&quot;unit&quot;:&quot;px&quot;,&quot;size&quot;:10,&quot;sizes&quot;:[]},&quot;gap_mobile&quot;:{&quot;unit&quot;:&quot;px&quot;,&quot;size&quot;:10,&quot;sizes&quot;:[]},&quot;link_to&quot;:&quot;file&quot;,&quot;aspect_ratio&quot;:&quot;3:2&quot;,&quot;overlay_background&quot;:&quot;yes&quot;,&quot;content_hover_animation&quot;:&quot;fade-in&quot;}\" data-widget_type=\"gallery.default\">\n\t\t\t\t\t\t\t<div class=\"elementor-gallery__container\">\n\t\t\t\t\t\t\t<a class=\"e-gallery-item elementor-gallery-item elementor-animated-content\" href=\"https:\/\/craftsmecca.lt\/wp-content\/uploads\/2025\/03\/kupolas1.jpg\" data-elementor-open-lightbox=\"yes\" data-elementor-lightbox-slideshow=\"e588c90\" data-elementor-lightbox-title=\"kupolas1\" data-e-action-hash=\"#elementor-action%3Aaction%3Dlightbox%26settings%3DeyJpZCI6Nzk0MywidXJsIjoiaHR0cHM6XC9cL2NyYWZ0c21lY2NhLmx0XC93cC1jb250ZW50XC91cGxvYWRzXC8yMDI1XC8wM1wva3Vwb2xhczEuanBnIiwic2xpZGVzaG93IjoiZTU4OGM5MCJ9\">\n\t\t\t\t\t<div class=\"e-gallery-image elementor-gallery-item__image\" data-thumbnail=\"https:\/\/craftsmecca.lt\/wp-content\/uploads\/2025\/03\/kupolas1-300x200.jpg\" data-width=\"300\" data-height=\"200\" aria-label=\"\" role=\"img\" ><\/div>\n\t\t\t\t\t\t\t\t\t\t\t<div class=\"elementor-gallery-item__overlay\"><\/div>\n\t\t\t\t\t\t\t\t\t\t\t\t\t\t<\/a>\n\t\t\t\t\t\t\t<a class=\"e-gallery-item elementor-gallery-item elementor-animated-content\" href=\"https:\/\/craftsmecca.lt\/wp-content\/uploads\/2025\/03\/kupolas2.jpg\" data-elementor-open-lightbox=\"yes\" data-elementor-lightbox-slideshow=\"e588c90\" data-elementor-lightbox-title=\"kupolas2\" data-e-action-hash=\"#elementor-action%3Aaction%3Dlightbox%26settings%3DeyJpZCI6Nzk0NiwidXJsIjoiaHR0cHM6XC9cL2NyYWZ0c21lY2NhLmx0XC93cC1jb250ZW50XC91cGxvYWRzXC8yMDI1XC8wM1wva3Vwb2xhczIuanBnIiwic2xpZGVzaG93IjoiZTU4OGM5MCJ9\">\n\t\t\t\t\t<div class=\"e-gallery-image elementor-gallery-item__image\" data-thumbnail=\"https:\/\/craftsmecca.lt\/wp-content\/uploads\/2025\/03\/kupolas2-300x188.jpg\" data-width=\"300\" data-height=\"188\" aria-label=\"\" role=\"img\" ><\/div>\n\t\t\t\t\t\t\t\t\t\t\t<div class=\"elementor-gallery-item__overlay\"><\/div>\n\t\t\t\t\t\t\t\t\t\t\t\t\t\t<\/a>\n\t\t\t\t\t\t\t<a class=\"e-gallery-item elementor-gallery-item elementor-animated-content\" href=\"https:\/\/craftsmecca.lt\/wp-content\/uploads\/2025\/03\/kupolas3.jpg\" data-elementor-open-lightbox=\"yes\" data-elementor-lightbox-slideshow=\"e588c90\" data-elementor-lightbox-title=\"kupolas3\" data-e-action-hash=\"#elementor-action%3Aaction%3Dlightbox%26settings%3DeyJpZCI6Nzk0OSwidXJsIjoiaHR0cHM6XC9cL2NyYWZ0c21lY2NhLmx0XC93cC1jb250ZW50XC91cGxvYWRzXC8yMDI1XC8wM1wva3Vwb2xhczMuanBnIiwic2xpZGVzaG93IjoiZTU4OGM5MCJ9\">\n\t\t\t\t\t<div class=\"e-gallery-image elementor-gallery-item__image\" data-thumbnail=\"https:\/\/craftsmecca.lt\/wp-content\/uploads\/2025\/03\/kupolas3-300x157.jpg\" data-width=\"300\" data-height=\"157\" aria-label=\"\" role=\"img\" ><\/div>\n\t\t\t\t\t\t\t\t\t\t\t<div class=\"elementor-gallery-item__overlay\"><\/div>\n\t\t\t\t\t\t\t\t\t\t\t\t\t\t<\/a>\n\t\t\t\t\t\t\t<a class=\"e-gallery-item elementor-gallery-item elementor-animated-content\" href=\"https:\/\/craftsmecca.lt\/wp-content\/uploads\/2025\/03\/kupolas4.jpg\" data-elementor-open-lightbox=\"yes\" data-elementor-lightbox-slideshow=\"e588c90\" data-elementor-lightbox-title=\"kupolas4\" data-e-action-hash=\"#elementor-action%3Aaction%3Dlightbox%26settings%3DeyJpZCI6Nzk1MiwidXJsIjoiaHR0cHM6XC9cL2NyYWZ0c21lY2NhLmx0XC93cC1jb250ZW50XC91cGxvYWRzXC8yMDI1XC8wM1wva3Vwb2xhczQuanBnIiwic2xpZGVzaG93IjoiZTU4OGM5MCJ9\">\n\t\t\t\t\t<div class=\"e-gallery-image elementor-gallery-item__image\" data-thumbnail=\"https:\/\/craftsmecca.lt\/wp-content\/uploads\/2025\/03\/kupolas4-300x300.jpg\" data-width=\"300\" data-height=\"300\" aria-label=\"\" role=\"img\" ><\/div>\n\t\t\t\t\t\t\t\t\t\t\t<div class=\"elementor-gallery-item__overlay\"><\/div>\n\t\t\t\t\t\t\t\t\t\t\t\t\t\t<\/a>\n\t\t\t\t\t\t\t<a class=\"e-gallery-item elementor-gallery-item elementor-animated-content\" href=\"https:\/\/craftsmecca.lt\/wp-content\/uploads\/2025\/03\/kupolas5.jpg\" data-elementor-open-lightbox=\"yes\" data-elementor-lightbox-slideshow=\"e588c90\" data-elementor-lightbox-title=\"kupolas5\" data-e-action-hash=\"#elementor-action%3Aaction%3Dlightbox%26settings%3DeyJpZCI6Nzk1NSwidXJsIjoiaHR0cHM6XC9cL2NyYWZ0c21lY2NhLmx0XC93cC1jb250ZW50XC91cGxvYWRzXC8yMDI1XC8wM1wva3Vwb2xhczUuanBnIiwic2xpZGVzaG93IjoiZTU4OGM5MCJ9\">\n\t\t\t\t\t<div class=\"e-gallery-image elementor-gallery-item__image\" data-thumbnail=\"https:\/\/craftsmecca.lt\/wp-content\/uploads\/2025\/03\/kupolas5-300x138.jpg\" data-width=\"300\" data-height=\"138\" aria-label=\"\" role=\"img\" ><\/div>\n\t\t\t\t\t\t\t\t\t\t\t<div class=\"elementor-gallery-item__overlay\"><\/div>\n\t\t\t\t\t\t\t\t\t\t\t\t\t\t<\/a>\n\t\t\t\t\t\t\t<a class=\"e-gallery-item elementor-gallery-item elementor-animated-content\" href=\"https:\/\/craftsmecca.lt\/wp-content\/uploads\/2025\/03\/kupolas6.jpeg\" data-elementor-open-lightbox=\"yes\" data-elementor-lightbox-slideshow=\"e588c90\" data-elementor-lightbox-title=\"kupolas6\" data-e-action-hash=\"#elementor-action%3Aaction%3Dlightbox%26settings%3DeyJpZCI6Nzk1OCwidXJsIjoiaHR0cHM6XC9cL2NyYWZ0c21lY2NhLmx0XC93cC1jb250ZW50XC91cGxvYWRzXC8yMDI1XC8wM1wva3Vwb2xhczYuanBlZyIsInNsaWRlc2hvdyI6ImU1ODhjOTAifQ%3D%3D\">\n\t\t\t\t\t<div class=\"e-gallery-image elementor-gallery-item__image\" data-thumbnail=\"https:\/\/craftsmecca.lt\/wp-content\/uploads\/2025\/03\/kupolas6-300x225.jpeg\" data-width=\"300\" data-height=\"225\" aria-label=\"\" role=\"img\" ><\/div>\n\t\t\t\t\t\t\t\t\t\t\t<div class=\"elementor-gallery-item__overlay\"><\/div>\n\t\t\t\t\t\t\t\t\t\t\t\t\t\t<\/a>\n\t\t\t\t\t\t\t<a class=\"e-gallery-item elementor-gallery-item elementor-animated-content\" href=\"https:\/\/craftsmecca.lt\/wp-content\/uploads\/2025\/03\/8-kupolas-mazgas.jpg\" data-elementor-open-lightbox=\"yes\" data-elementor-lightbox-slideshow=\"e588c90\" data-elementor-lightbox-title=\"8-kupolas-mazgas\" data-e-action-hash=\"#elementor-action%3Aaction%3Dlightbox%26settings%3DeyJpZCI6Nzk2MSwidXJsIjoiaHR0cHM6XC9cL2NyYWZ0c21lY2NhLmx0XC93cC1jb250ZW50XC91cGxvYWRzXC8yMDI1XC8wM1wvOC1rdXBvbGFzLW1hemdhcy5qcGciLCJzbGlkZXNob3ciOiJlNTg4YzkwIn0%3D\">\n\t\t\t\t\t<div class=\"e-gallery-image elementor-gallery-item__image\" data-thumbnail=\"https:\/\/craftsmecca.lt\/wp-content\/uploads\/2025\/03\/8-kupolas-mazgas-300x196.jpg\" data-width=\"300\" data-height=\"196\" aria-label=\"\" role=\"img\" ><\/div>\n\t\t\t\t\t\t\t\t\t\t\t<div class=\"elementor-gallery-item__overlay\"><\/div>\n\t\t\t\t\t\t\t\t\t\t\t\t\t\t<\/a>\n\t\t\t\t\t\t\t<a class=\"e-gallery-item elementor-gallery-item elementor-animated-content\" href=\"https:\/\/craftsmecca.lt\/wp-content\/uploads\/2025\/03\/8-kupolas-tvirtinimo-padas.jpg\" data-elementor-open-lightbox=\"yes\" data-elementor-lightbox-slideshow=\"e588c90\" data-elementor-lightbox-title=\"8-kupolas-tvirtinimo-padas\" data-e-action-hash=\"#elementor-action%3Aaction%3Dlightbox%26settings%3DeyJpZCI6Nzk2NCwidXJsIjoiaHR0cHM6XC9cL2NyYWZ0c21lY2NhLmx0XC93cC1jb250ZW50XC91cGxvYWRzXC8yMDI1XC8wM1wvOC1rdXBvbGFzLXR2aXJ0aW5pbW8tcGFkYXMuanBnIiwic2xpZGVzaG93IjoiZTU4OGM5MCJ9\">\n\t\t\t\t\t<div class=\"e-gallery-image elementor-gallery-item__image\" data-thumbnail=\"https:\/\/craftsmecca.lt\/wp-content\/uploads\/2025\/03\/8-kupolas-tvirtinimo-padas-300x197.jpg\" data-width=\"300\" data-height=\"197\" aria-label=\"\" role=\"img\" ><\/div>\n\t\t\t\t\t\t\t\t\t\t\t<div class=\"elementor-gallery-item__overlay\"><\/div>\n\t\t\t\t\t\t\t\t\t\t\t\t\t\t<\/a>\n\t\t\t\t\t<\/div>\n\t\t\t\t\t<\/div>\n\t\t\t\t\t<\/div>\n\t\t\t\t<\/div>\n\t\t\t\t<\/div>\n\t\t","protected":false},"excerpt":{"rendered":"<p>Kupoli ir izliektas formas, pagaidu konstrukcijas, kuras tiek \u0101tri samont\u0113tas un vajadz\u012bbas gad\u012bjum\u0101 no\u0146emamas un transport\u0113jamas. Kupoli izskat\u0101s iespaid\u012bgi neatkar\u012bgi no t\u0101, vai t\u0101 ir lauku m\u0101ja, pils\u0113ta vai pludmale, tie vienm\u0113r un visur piesaist\u012bs lielu uzman\u012bbu. Papildus iespaid\u012bgajam kupolu izskatam tiem ir ar\u012b citas noder\u012bgas \u012bpa\u0161\u012bbas:sl\u012bdo\u0161\u0101 forma saglab\u0101 lielas v\u0113ja un sniega slodzes bez [&hellip;]<\/p>\n","protected":false},"author":1,"featured_media":4831,"parent":4827,"menu_order":0,"comment_status":"closed","ping_status":"closed","template":"","meta":{"footnotes":""},"class_list":["post-4867","page","type-page","status-publish","has-post-thumbnail","hentry"],"blocksy_meta":[],"yoast_head":"<!-- This site is optimized with the Yoast SEO plugin v26.3 - https:\/\/yoast.com\/wordpress\/plugins\/seo\/ -->\n<title>Kupola konstrukcijas \u2013 unik\u0101li risin\u0101jumi no Craftsmecca<\/title>\n<meta name=\"description\" content=\"M\u016bsdien\u012bgi un iztur\u012bgi kupoli pas\u0101kumiem, atp\u016btai vai biznesam. \u012astenojiet savas idejas ar m\u016bsu kupola konstrukcij\u0101m.\" \/>\n<meta name=\"robots\" content=\"index, follow, max-snippet:-1, max-image-preview:large, max-video-preview:-1\" \/>\n<link rel=\"canonical\" href=\"https:\/\/craftsmecca.lt\/lv\/citi-darbi\/kupoli\/\" \/>\n<meta property=\"og:locale\" content=\"lv_LV\" \/>\n<meta property=\"og:type\" content=\"article\" \/>\n<meta property=\"og:title\" content=\"Kupola konstrukcijas \u2013 unik\u0101li risin\u0101jumi no Craftsmecca\" \/>\n<meta property=\"og:description\" content=\"M\u016bsdien\u012bgi un iztur\u012bgi kupoli pas\u0101kumiem, atp\u016btai vai biznesam. \u012astenojiet savas idejas ar m\u016bsu kupola konstrukcij\u0101m.\" \/>\n<meta property=\"og:url\" content=\"https:\/\/craftsmecca.lt\/lv\/citi-darbi\/kupoli\/\" \/>\n<meta property=\"og:site_name\" content=\"Craftsmecca\" \/>\n<meta property=\"article:publisher\" content=\"https:\/\/www.facebook.com\/CraftsMecca\" \/>\n<meta property=\"article:modified_time\" content=\"2025-07-09T14:12:50+00:00\" \/>\n<meta property=\"og:image\" content=\"https:\/\/craftsmecca.lt\/wp-content\/uploads\/2025\/03\/category-1-7-kupolas2.jpg\" \/>\n\t<meta property=\"og:image:width\" content=\"960\" \/>\n\t<meta property=\"og:image:height\" content=\"600\" \/>\n\t<meta property=\"og:image:type\" content=\"image\/jpeg\" \/>\n<meta name=\"twitter:card\" content=\"summary_large_image\" \/>\n<meta name=\"twitter:label1\" content=\"Est. reading time\" \/>\n\t<meta name=\"twitter:data1\" content=\"1 minute\" \/>\n<script type=\"application\/ld+json\" class=\"yoast-schema-graph\">{\"@context\":\"https:\/\/schema.org\",\"@graph\":[{\"@type\":\"WebPage\",\"@id\":\"https:\/\/craftsmecca.lt\/lv\/citi-darbi\/kupoli\/\",\"url\":\"https:\/\/craftsmecca.lt\/lv\/citi-darbi\/kupoli\/\",\"name\":\"Kupola konstrukcijas \u2013 unik\u0101li risin\u0101jumi no Craftsmecca\",\"isPartOf\":{\"@id\":\"https:\/\/craftsmecca.lt\/lv\/#website\"},\"primaryImageOfPage\":{\"@id\":\"https:\/\/craftsmecca.lt\/lv\/citi-darbi\/kupoli\/#primaryimage\"},\"image\":{\"@id\":\"https:\/\/craftsmecca.lt\/lv\/citi-darbi\/kupoli\/#primaryimage\"},\"thumbnailUrl\":\"https:\/\/craftsmecca.lt\/wp-content\/uploads\/2025\/03\/category-1-7-kupolas2.jpg\",\"datePublished\":\"2025-03-12T12:41:43+00:00\",\"dateModified\":\"2025-07-09T14:12:50+00:00\",\"description\":\"M\u016bsdien\u012bgi un iztur\u012bgi kupoli pas\u0101kumiem, atp\u016btai vai biznesam. \u012astenojiet savas idejas ar m\u016bsu kupola konstrukcij\u0101m.\",\"breadcrumb\":{\"@id\":\"https:\/\/craftsmecca.lt\/lv\/citi-darbi\/kupoli\/#breadcrumb\"},\"inLanguage\":\"lv-LV\",\"potentialAction\":[{\"@type\":\"ReadAction\",\"target\":[\"https:\/\/craftsmecca.lt\/lv\/citi-darbi\/kupoli\/\"]}]},{\"@type\":\"ImageObject\",\"inLanguage\":\"lv-LV\",\"@id\":\"https:\/\/craftsmecca.lt\/lv\/citi-darbi\/kupoli\/#primaryimage\",\"url\":\"https:\/\/craftsmecca.lt\/wp-content\/uploads\/2025\/03\/category-1-7-kupolas2.jpg\",\"contentUrl\":\"https:\/\/craftsmecca.lt\/wp-content\/uploads\/2025\/03\/category-1-7-kupolas2.jpg\",\"width\":960,\"height\":600,\"caption\":\"Kupolai craftsmecca\"},{\"@type\":\"BreadcrumbList\",\"@id\":\"https:\/\/craftsmecca.lt\/lv\/citi-darbi\/kupoli\/#breadcrumb\",\"itemListElement\":[{\"@type\":\"ListItem\",\"position\":1,\"name\":\"Home\",\"item\":\"https:\/\/craftsmecca.lt\/lv\/\"},{\"@type\":\"ListItem\",\"position\":2,\"name\":\"Citi darbi\",\"item\":\"https:\/\/craftsmecca.lt\/lv\/citi-darbi\/\"},{\"@type\":\"ListItem\",\"position\":3,\"name\":\"Kupoli\"}]},{\"@type\":\"WebSite\",\"@id\":\"https:\/\/craftsmecca.lt\/lv\/#website\",\"url\":\"https:\/\/craftsmecca.lt\/lv\/\",\"name\":\"Craftsmecca\",\"description\":\"\",\"publisher\":{\"@id\":\"https:\/\/craftsmecca.lt\/lv\/#organization\"},\"potentialAction\":[{\"@type\":\"SearchAction\",\"target\":{\"@type\":\"EntryPoint\",\"urlTemplate\":\"https:\/\/craftsmecca.lt\/lv\/?s={search_term_string}\"},\"query-input\":{\"@type\":\"PropertyValueSpecification\",\"valueRequired\":true,\"valueName\":\"search_term_string\"}}],\"inLanguage\":\"lv-LV\"},{\"@type\":\"Organization\",\"@id\":\"https:\/\/craftsmecca.lt\/lv\/#organization\",\"name\":\"Craftsmecca\",\"url\":\"https:\/\/craftsmecca.lt\/lv\/\",\"logo\":{\"@type\":\"ImageObject\",\"inLanguage\":\"lv-LV\",\"@id\":\"https:\/\/craftsmecca.lt\/lv\/#\/schema\/logo\/image\/\",\"url\":\"https:\/\/craftsmecca.lt\/wp-content\/uploads\/2025\/02\/CraftsMecca_logo-2.png\",\"contentUrl\":\"https:\/\/craftsmecca.lt\/wp-content\/uploads\/2025\/02\/CraftsMecca_logo-2.png\",\"width\":828,\"height\":306,\"caption\":\"Craftsmecca\"},\"image\":{\"@id\":\"https:\/\/craftsmecca.lt\/lv\/#\/schema\/logo\/image\/\"},\"sameAs\":[\"https:\/\/www.facebook.com\/CraftsMecca\",\"https:\/\/www.instagram.com\/crafts_mecca\/\",\"https:\/\/www.youtube.com\/@craftsmecca2835\/videos\"]}]}<\/script>\n<!-- \/ Yoast SEO plugin. -->","yoast_head_json":{"title":"Kupola konstrukcijas \u2013 unik\u0101li risin\u0101jumi no Craftsmecca","description":"M\u016bsdien\u012bgi un iztur\u012bgi kupoli pas\u0101kumiem, atp\u016btai vai biznesam. \u012astenojiet savas idejas ar m\u016bsu kupola konstrukcij\u0101m.","robots":{"index":"index","follow":"follow","max-snippet":"max-snippet:-1","max-image-preview":"max-image-preview:large","max-video-preview":"max-video-preview:-1"},"canonical":"https:\/\/craftsmecca.lt\/lv\/citi-darbi\/kupoli\/","og_locale":"lv_LV","og_type":"article","og_title":"Kupola konstrukcijas \u2013 unik\u0101li risin\u0101jumi no Craftsmecca","og_description":"M\u016bsdien\u012bgi un iztur\u012bgi kupoli pas\u0101kumiem, atp\u016btai vai biznesam. \u012astenojiet savas idejas ar m\u016bsu kupola konstrukcij\u0101m.","og_url":"https:\/\/craftsmecca.lt\/lv\/citi-darbi\/kupoli\/","og_site_name":"Craftsmecca","article_publisher":"https:\/\/www.facebook.com\/CraftsMecca","article_modified_time":"2025-07-09T14:12:50+00:00","og_image":[{"width":960,"height":600,"url":"https:\/\/craftsmecca.lt\/wp-content\/uploads\/2025\/03\/category-1-7-kupolas2.jpg","type":"image\/jpeg"}],"twitter_card":"summary_large_image","twitter_misc":{"Est. reading time":"1 minute"},"schema":{"@context":"https:\/\/schema.org","@graph":[{"@type":"WebPage","@id":"https:\/\/craftsmecca.lt\/lv\/citi-darbi\/kupoli\/","url":"https:\/\/craftsmecca.lt\/lv\/citi-darbi\/kupoli\/","name":"Kupola konstrukcijas \u2013 unik\u0101li risin\u0101jumi no Craftsmecca","isPartOf":{"@id":"https:\/\/craftsmecca.lt\/lv\/#website"},"primaryImageOfPage":{"@id":"https:\/\/craftsmecca.lt\/lv\/citi-darbi\/kupoli\/#primaryimage"},"image":{"@id":"https:\/\/craftsmecca.lt\/lv\/citi-darbi\/kupoli\/#primaryimage"},"thumbnailUrl":"https:\/\/craftsmecca.lt\/wp-content\/uploads\/2025\/03\/category-1-7-kupolas2.jpg","datePublished":"2025-03-12T12:41:43+00:00","dateModified":"2025-07-09T14:12:50+00:00","description":"M\u016bsdien\u012bgi un iztur\u012bgi kupoli pas\u0101kumiem, atp\u016btai vai biznesam. \u012astenojiet savas idejas ar m\u016bsu kupola konstrukcij\u0101m.","breadcrumb":{"@id":"https:\/\/craftsmecca.lt\/lv\/citi-darbi\/kupoli\/#breadcrumb"},"inLanguage":"lv-LV","potentialAction":[{"@type":"ReadAction","target":["https:\/\/craftsmecca.lt\/lv\/citi-darbi\/kupoli\/"]}]},{"@type":"ImageObject","inLanguage":"lv-LV","@id":"https:\/\/craftsmecca.lt\/lv\/citi-darbi\/kupoli\/#primaryimage","url":"https:\/\/craftsmecca.lt\/wp-content\/uploads\/2025\/03\/category-1-7-kupolas2.jpg","contentUrl":"https:\/\/craftsmecca.lt\/wp-content\/uploads\/2025\/03\/category-1-7-kupolas2.jpg","width":960,"height":600,"caption":"Kupolai craftsmecca"},{"@type":"BreadcrumbList","@id":"https:\/\/craftsmecca.lt\/lv\/citi-darbi\/kupoli\/#breadcrumb","itemListElement":[{"@type":"ListItem","position":1,"name":"Home","item":"https:\/\/craftsmecca.lt\/lv\/"},{"@type":"ListItem","position":2,"name":"Citi darbi","item":"https:\/\/craftsmecca.lt\/lv\/citi-darbi\/"},{"@type":"ListItem","position":3,"name":"Kupoli"}]},{"@type":"WebSite","@id":"https:\/\/craftsmecca.lt\/lv\/#website","url":"https:\/\/craftsmecca.lt\/lv\/","name":"Craftsmecca","description":"","publisher":{"@id":"https:\/\/craftsmecca.lt\/lv\/#organization"},"potentialAction":[{"@type":"SearchAction","target":{"@type":"EntryPoint","urlTemplate":"https:\/\/craftsmecca.lt\/lv\/?s={search_term_string}"},"query-input":{"@type":"PropertyValueSpecification","valueRequired":true,"valueName":"search_term_string"}}],"inLanguage":"lv-LV"},{"@type":"Organization","@id":"https:\/\/craftsmecca.lt\/lv\/#organization","name":"Craftsmecca","url":"https:\/\/craftsmecca.lt\/lv\/","logo":{"@type":"ImageObject","inLanguage":"lv-LV","@id":"https:\/\/craftsmecca.lt\/lv\/#\/schema\/logo\/image\/","url":"https:\/\/craftsmecca.lt\/wp-content\/uploads\/2025\/02\/CraftsMecca_logo-2.png","contentUrl":"https:\/\/craftsmecca.lt\/wp-content\/uploads\/2025\/02\/CraftsMecca_logo-2.png","width":828,"height":306,"caption":"Craftsmecca"},"image":{"@id":"https:\/\/craftsmecca.lt\/lv\/#\/schema\/logo\/image\/"},"sameAs":["https:\/\/www.facebook.com\/CraftsMecca","https:\/\/www.instagram.com\/crafts_mecca\/","https:\/\/www.youtube.com\/@craftsmecca2835\/videos"]}]}},"_links":{"self":[{"href":"https:\/\/craftsmecca.lt\/lv\/wp-json\/wp\/v2\/pages\/4867","targetHints":{"allow":["GET"]}}],"collection":[{"href":"https:\/\/craftsmecca.lt\/lv\/wp-json\/wp\/v2\/pages"}],"about":[{"href":"https:\/\/craftsmecca.lt\/lv\/wp-json\/wp\/v2\/types\/page"}],"author":[{"embeddable":true,"href":"https:\/\/craftsmecca.lt\/lv\/wp-json\/wp\/v2\/users\/1"}],"replies":[{"embeddable":true,"href":"https:\/\/craftsmecca.lt\/lv\/wp-json\/wp\/v2\/comments?post=4867"}],"version-history":[{"count":4,"href":"https:\/\/craftsmecca.lt\/lv\/wp-json\/wp\/v2\/pages\/4867\/revisions"}],"predecessor-version":[{"id":9607,"href":"https:\/\/craftsmecca.lt\/lv\/wp-json\/wp\/v2\/pages\/4867\/revisions\/9607"}],"up":[{"embeddable":true,"href":"https:\/\/craftsmecca.lt\/lv\/wp-json\/wp\/v2\/pages\/4827"}],"wp:featuredmedia":[{"embeddable":true,"href":"https:\/\/craftsmecca.lt\/lv\/wp-json\/wp\/v2\/media\/4831"}],"wp:attachment":[{"href":"https:\/\/craftsmecca.lt\/lv\/wp-json\/wp\/v2\/media?parent=4867"}],"curies":[{"name":"wp","href":"https:\/\/api.w.org\/{rel}","templated":true}]}}