{"id":4922,"date":"2025-02-14T13:11:29","date_gmt":"2025-02-14T13:11:29","guid":{"rendered":"https:\/\/craftsmecca.lt\/lizings\/"},"modified":"2026-03-16T15:40:13","modified_gmt":"2026-03-16T15:40:13","slug":"lizings","status":"publish","type":"page","link":"https:\/\/craftsmecca.lt\/lv\/lizings\/","title":{"rendered":"L\u012bzings"},"content":{"rendered":"\t\t<div data-elementor-type=\"wp-page\" data-elementor-id=\"4922\" class=\"elementor elementor-4922 elementor-1893\" data-elementor-post-type=\"page\">\n\t\t\t\t<div class=\"elementor-element elementor-element-a17d833 e-flex e-con-boxed e-con e-parent\" data-id=\"a17d833\" data-element_type=\"container\">\n\t\t\t\t\t<div class=\"e-con-inner\">\n\t\t\t\t<div class=\"elementor-element elementor-element-bb2a71c elementor-widget elementor-widget-image\" data-id=\"bb2a71c\" data-element_type=\"widget\" data-widget_type=\"image.default\">\n\t\t\t\t\t\t\t\t\t\t\t\t\t\t\t<img fetchpriority=\"high\" decoding=\"async\" width=\"1000\" height=\"250\" src=\"https:\/\/craftsmecca.lt\/wp-content\/uploads\/2025\/02\/lizingas.jpg\" class=\"attachment-full size-full wp-image-4923\" alt=\"\" srcset=\"https:\/\/craftsmecca.lt\/wp-content\/uploads\/2025\/02\/lizingas.jpg 1000w, https:\/\/craftsmecca.lt\/wp-content\/uploads\/2025\/02\/lizingas-300x75.jpg 300w, https:\/\/craftsmecca.lt\/wp-content\/uploads\/2025\/02\/lizingas-768x192.jpg 768w, https:\/\/craftsmecca.lt\/wp-content\/uploads\/2025\/02\/lizingas-600x150.jpg 600w\" sizes=\"(max-width: 1000px) 100vw, 1000px\" \/>\t\t\t\t\t\t\t\t\t\t\t\t\t\t\t<\/div>\n\t\t<div class=\"elementor-element elementor-element-ec96318 e-con-full e-flex e-con e-child\" data-id=\"ec96318\" data-element_type=\"container\">\n\t\t\t\t<div class=\"elementor-element elementor-element-4d06ba9 elementor-widget elementor-widget-image\" data-id=\"4d06ba9\" data-element_type=\"widget\" data-widget_type=\"image.default\">\n\t\t\t\t\t\t\t\t\t\t\t\t\t\t\t<img decoding=\"async\" width=\"200\" height=\"65\" src=\"https:\/\/craftsmecca.lt\/wp-content\/uploads\/2025\/02\/gf-bankas-logo.png\" class=\"attachment-large size-large wp-image-5475\" alt=\"general financing\" \/>\t\t\t\t\t\t\t\t\t\t\t\t\t\t\t<\/div>\n\t\t\t\t<div class=\"elementor-element elementor-element-e9799a3 elementor-widget elementor-widget-text-editor\" data-id=\"e9799a3\" data-element_type=\"widget\" data-widget_type=\"text-editor.default\">\n\t\t\t\t\t\t\t\t\t<table class=\"error\"><tbody><tr><td><p>Inform\u0101ciju par visp\u0101r\u0113j\u0101s finan\u0161u bankas pat\u0113ri\u0146a kred\u012btiem un pirkuma uz nomaksu pakalpojumiem var ieg\u016bt, apmekl\u0113jot t\u012bmek\u013ca vietni <a href=\"http:\/\/www.gfbankas.lt\"><strong>www.gfbankas.lt<\/strong><\/a>.<\/p><\/td><\/tr><\/tbody><\/table>\t\t\t\t\t\t\t\t<\/div>\n\t\t\t\t<\/div>\n\t\t\t\t<div class=\"elementor-element elementor-element-54f51d3 elementor-align-center elementor-widget elementor-widget-button\" data-id=\"54f51d3\" data-element_type=\"widget\" data-widget_type=\"button.default\">\n\t\t\t\t\t\t\t\t\t\t<a class=\"elementor-button elementor-button-link elementor-size-sm\" href=\"https:\/\/www.gfbankas.lt\/craftsmecca\/\">\n\t\t\t\t\t\t<span class=\"elementor-button-content-wrapper\">\n\t\t\t\t\t\t\t\t\t<span class=\"elementor-button-text\">PIETEIKUMA VEIDLAPAS AIZPILD\u012a\u0160ANA<\/span>\n\t\t\t\t\t<\/span>\n\t\t\t\t\t<\/a>\n\t\t\t\t\t\t\t\t<\/div>\n\t\t\t\t\t<\/div>\n\t\t\t\t<\/div>\n\t\t\t\t<\/div>\n\t\t","protected":false},"excerpt":{"rendered":"<p>Inform\u0101ciju par visp\u0101r\u0113j\u0101s finan\u0161u bankas pat\u0113ri\u0146a kred\u012btiem un pirkuma uz nomaksu pakalpojumiem var ieg\u016bt, apmekl\u0113jot t\u012bmek\u013ca vietni www.gfbankas.lt. PIETEIKUMA VEIDLAPAS AIZPILD\u012a\u0160ANA<\/p>\n","protected":false},"author":1,"featured_media":0,"parent":0,"menu_order":0,"comment_status":"closed","ping_status":"closed","template":"","meta":{"footnotes":""},"class_list":["post-4922","page","type-page","status-publish","hentry"],"blocksy_meta":[],"yoast_head":"<!-- This site is optimized with the Yoast SEO plugin v26.3 - https:\/\/yoast.com\/wordpress\/plugins\/seo\/ -->\n<title>L\u012bzinga iesp\u0113jas - pirk\u0161ana uz nomaksu - Craftsmecca<\/title>\n<meta name=\"description\" content=\"\u0112rts un elast\u012bgs l\u012bzings j\u016bsu projektam. Uzziniet par l\u012bzinga nosac\u012bjumiem un s\u0101ciet \u012bstenot savas idejas jau \u0161odien.\" \/>\n<meta name=\"robots\" content=\"index, follow, max-snippet:-1, max-image-preview:large, max-video-preview:-1\" \/>\n<link rel=\"canonical\" href=\"https:\/\/craftsmecca.lt\/lv\/lizings\/\" \/>\n<meta property=\"og:locale\" content=\"lv_LV\" \/>\n<meta property=\"og:type\" content=\"article\" \/>\n<meta property=\"og:title\" content=\"L\u012bzinga iesp\u0113jas - pirk\u0161ana uz nomaksu - Craftsmecca\" \/>\n<meta property=\"og:description\" content=\"\u0112rts un elast\u012bgs l\u012bzings j\u016bsu projektam. Uzziniet par l\u012bzinga nosac\u012bjumiem un s\u0101ciet \u012bstenot savas idejas jau \u0161odien.\" \/>\n<meta property=\"og:url\" content=\"https:\/\/craftsmecca.lt\/lv\/lizings\/\" \/>\n<meta property=\"og:site_name\" content=\"Craftsmecca\" \/>\n<meta property=\"article:publisher\" content=\"https:\/\/www.facebook.com\/CraftsMecca\" \/>\n<meta property=\"article:modified_time\" content=\"2026-03-16T15:40:13+00:00\" \/>\n<meta property=\"og:image\" content=\"https:\/\/craftsmecca.lt\/wp-content\/uploads\/2025\/02\/lizingas.jpg\" \/>\n\t<meta property=\"og:image:width\" content=\"1000\" \/>\n\t<meta property=\"og:image:height\" content=\"250\" \/>\n\t<meta property=\"og:image:type\" content=\"image\/jpeg\" \/>\n<meta name=\"twitter:card\" content=\"summary_large_image\" \/>\n<script type=\"application\/ld+json\" class=\"yoast-schema-graph\">{\"@context\":\"https:\/\/schema.org\",\"@graph\":[{\"@type\":\"WebPage\",\"@id\":\"https:\/\/craftsmecca.lt\/lv\/lizings\/\",\"url\":\"https:\/\/craftsmecca.lt\/lv\/lizings\/\",\"name\":\"L\u012bzinga iesp\u0113jas - pirk\u0161ana uz nomaksu - Craftsmecca\",\"isPartOf\":{\"@id\":\"https:\/\/craftsmecca.lt\/lv\/#website\"},\"primaryImageOfPage\":{\"@id\":\"https:\/\/craftsmecca.lt\/lv\/lizings\/#primaryimage\"},\"image\":{\"@id\":\"https:\/\/craftsmecca.lt\/lv\/lizings\/#primaryimage\"},\"thumbnailUrl\":\"https:\/\/craftsmecca.lt\/wp-content\/uploads\/2025\/02\/lizingas.jpg\",\"datePublished\":\"2025-02-14T13:11:29+00:00\",\"dateModified\":\"2026-03-16T15:40:13+00:00\",\"description\":\"\u0112rts un elast\u012bgs l\u012bzings j\u016bsu projektam. Uzziniet par l\u012bzinga nosac\u012bjumiem un s\u0101ciet \u012bstenot savas idejas jau \u0161odien.\",\"breadcrumb\":{\"@id\":\"https:\/\/craftsmecca.lt\/lv\/lizings\/#breadcrumb\"},\"inLanguage\":\"lv-LV\",\"potentialAction\":[{\"@type\":\"ReadAction\",\"target\":[\"https:\/\/craftsmecca.lt\/lv\/lizings\/\"]}]},{\"@type\":\"ImageObject\",\"inLanguage\":\"lv-LV\",\"@id\":\"https:\/\/craftsmecca.lt\/lv\/lizings\/#primaryimage\",\"url\":\"https:\/\/craftsmecca.lt\/wp-content\/uploads\/2025\/02\/lizingas.jpg\",\"contentUrl\":\"https:\/\/craftsmecca.lt\/wp-content\/uploads\/2025\/02\/lizingas.jpg\"},{\"@type\":\"BreadcrumbList\",\"@id\":\"https:\/\/craftsmecca.lt\/lv\/lizings\/#breadcrumb\",\"itemListElement\":[{\"@type\":\"ListItem\",\"position\":1,\"name\":\"Home\",\"item\":\"https:\/\/craftsmecca.lt\/lv\/\"},{\"@type\":\"ListItem\",\"position\":2,\"name\":\"L\u012bzings\"}]},{\"@type\":\"WebSite\",\"@id\":\"https:\/\/craftsmecca.lt\/lv\/#website\",\"url\":\"https:\/\/craftsmecca.lt\/lv\/\",\"name\":\"Craftsmecca\",\"description\":\"\",\"publisher\":{\"@id\":\"https:\/\/craftsmecca.lt\/lv\/#organization\"},\"potentialAction\":[{\"@type\":\"SearchAction\",\"target\":{\"@type\":\"EntryPoint\",\"urlTemplate\":\"https:\/\/craftsmecca.lt\/lv\/?s={search_term_string}\"},\"query-input\":{\"@type\":\"PropertyValueSpecification\",\"valueRequired\":true,\"valueName\":\"search_term_string\"}}],\"inLanguage\":\"lv-LV\"},{\"@type\":\"Organization\",\"@id\":\"https:\/\/craftsmecca.lt\/lv\/#organization\",\"name\":\"Craftsmecca\",\"url\":\"https:\/\/craftsmecca.lt\/lv\/\",\"logo\":{\"@type\":\"ImageObject\",\"inLanguage\":\"lv-LV\",\"@id\":\"https:\/\/craftsmecca.lt\/lv\/#\/schema\/logo\/image\/\",\"url\":\"https:\/\/craftsmecca.lt\/wp-content\/uploads\/2025\/02\/CraftsMecca_logo-2.png\",\"contentUrl\":\"https:\/\/craftsmecca.lt\/wp-content\/uploads\/2025\/02\/CraftsMecca_logo-2.png\",\"width\":828,\"height\":306,\"caption\":\"Craftsmecca\"},\"image\":{\"@id\":\"https:\/\/craftsmecca.lt\/lv\/#\/schema\/logo\/image\/\"},\"sameAs\":[\"https:\/\/www.facebook.com\/CraftsMecca\",\"https:\/\/www.instagram.com\/crafts_mecca\/\",\"https:\/\/www.youtube.com\/@craftsmecca2835\/videos\"]}]}<\/script>\n<!-- \/ Yoast SEO plugin. -->","yoast_head_json":{"title":"L\u012bzinga iesp\u0113jas - pirk\u0161ana uz nomaksu - Craftsmecca","description":"\u0112rts un elast\u012bgs l\u012bzings j\u016bsu projektam. Uzziniet par l\u012bzinga nosac\u012bjumiem un s\u0101ciet \u012bstenot savas idejas jau \u0161odien.","robots":{"index":"index","follow":"follow","max-snippet":"max-snippet:-1","max-image-preview":"max-image-preview:large","max-video-preview":"max-video-preview:-1"},"canonical":"https:\/\/craftsmecca.lt\/lv\/lizings\/","og_locale":"lv_LV","og_type":"article","og_title":"L\u012bzinga iesp\u0113jas - pirk\u0161ana uz nomaksu - Craftsmecca","og_description":"\u0112rts un elast\u012bgs l\u012bzings j\u016bsu projektam. Uzziniet par l\u012bzinga nosac\u012bjumiem un s\u0101ciet \u012bstenot savas idejas jau \u0161odien.","og_url":"https:\/\/craftsmecca.lt\/lv\/lizings\/","og_site_name":"Craftsmecca","article_publisher":"https:\/\/www.facebook.com\/CraftsMecca","article_modified_time":"2026-03-16T15:40:13+00:00","og_image":[{"width":1000,"height":250,"url":"https:\/\/craftsmecca.lt\/wp-content\/uploads\/2025\/02\/lizingas.jpg","type":"image\/jpeg"}],"twitter_card":"summary_large_image","schema":{"@context":"https:\/\/schema.org","@graph":[{"@type":"WebPage","@id":"https:\/\/craftsmecca.lt\/lv\/lizings\/","url":"https:\/\/craftsmecca.lt\/lv\/lizings\/","name":"L\u012bzinga iesp\u0113jas - pirk\u0161ana uz nomaksu - Craftsmecca","isPartOf":{"@id":"https:\/\/craftsmecca.lt\/lv\/#website"},"primaryImageOfPage":{"@id":"https:\/\/craftsmecca.lt\/lv\/lizings\/#primaryimage"},"image":{"@id":"https:\/\/craftsmecca.lt\/lv\/lizings\/#primaryimage"},"thumbnailUrl":"https:\/\/craftsmecca.lt\/wp-content\/uploads\/2025\/02\/lizingas.jpg","datePublished":"2025-02-14T13:11:29+00:00","dateModified":"2026-03-16T15:40:13+00:00","description":"\u0112rts un elast\u012bgs l\u012bzings j\u016bsu projektam. Uzziniet par l\u012bzinga nosac\u012bjumiem un s\u0101ciet \u012bstenot savas idejas jau \u0161odien.","breadcrumb":{"@id":"https:\/\/craftsmecca.lt\/lv\/lizings\/#breadcrumb"},"inLanguage":"lv-LV","potentialAction":[{"@type":"ReadAction","target":["https:\/\/craftsmecca.lt\/lv\/lizings\/"]}]},{"@type":"ImageObject","inLanguage":"lv-LV","@id":"https:\/\/craftsmecca.lt\/lv\/lizings\/#primaryimage","url":"https:\/\/craftsmecca.lt\/wp-content\/uploads\/2025\/02\/lizingas.jpg","contentUrl":"https:\/\/craftsmecca.lt\/wp-content\/uploads\/2025\/02\/lizingas.jpg"},{"@type":"BreadcrumbList","@id":"https:\/\/craftsmecca.lt\/lv\/lizings\/#breadcrumb","itemListElement":[{"@type":"ListItem","position":1,"name":"Home","item":"https:\/\/craftsmecca.lt\/lv\/"},{"@type":"ListItem","position":2,"name":"L\u012bzings"}]},{"@type":"WebSite","@id":"https:\/\/craftsmecca.lt\/lv\/#website","url":"https:\/\/craftsmecca.lt\/lv\/","name":"Craftsmecca","description":"","publisher":{"@id":"https:\/\/craftsmecca.lt\/lv\/#organization"},"potentialAction":[{"@type":"SearchAction","target":{"@type":"EntryPoint","urlTemplate":"https:\/\/craftsmecca.lt\/lv\/?s={search_term_string}"},"query-input":{"@type":"PropertyValueSpecification","valueRequired":true,"valueName":"search_term_string"}}],"inLanguage":"lv-LV"},{"@type":"Organization","@id":"https:\/\/craftsmecca.lt\/lv\/#organization","name":"Craftsmecca","url":"https:\/\/craftsmecca.lt\/lv\/","logo":{"@type":"ImageObject","inLanguage":"lv-LV","@id":"https:\/\/craftsmecca.lt\/lv\/#\/schema\/logo\/image\/","url":"https:\/\/craftsmecca.lt\/wp-content\/uploads\/2025\/02\/CraftsMecca_logo-2.png","contentUrl":"https:\/\/craftsmecca.lt\/wp-content\/uploads\/2025\/02\/CraftsMecca_logo-2.png","width":828,"height":306,"caption":"Craftsmecca"},"image":{"@id":"https:\/\/craftsmecca.lt\/lv\/#\/schema\/logo\/image\/"},"sameAs":["https:\/\/www.facebook.com\/CraftsMecca","https:\/\/www.instagram.com\/crafts_mecca\/","https:\/\/www.youtube.com\/@craftsmecca2835\/videos"]}]}},"_links":{"self":[{"href":"https:\/\/craftsmecca.lt\/lv\/wp-json\/wp\/v2\/pages\/4922","targetHints":{"allow":["GET"]}}],"collection":[{"href":"https:\/\/craftsmecca.lt\/lv\/wp-json\/wp\/v2\/pages"}],"about":[{"href":"https:\/\/craftsmecca.lt\/lv\/wp-json\/wp\/v2\/types\/page"}],"author":[{"embeddable":true,"href":"https:\/\/craftsmecca.lt\/lv\/wp-json\/wp\/v2\/users\/1"}],"replies":[{"embeddable":true,"href":"https:\/\/craftsmecca.lt\/lv\/wp-json\/wp\/v2\/comments?post=4922"}],"version-history":[{"count":3,"href":"https:\/\/craftsmecca.lt\/lv\/wp-json\/wp\/v2\/pages\/4922\/revisions"}],"predecessor-version":[{"id":11637,"href":"https:\/\/craftsmecca.lt\/lv\/wp-json\/wp\/v2\/pages\/4922\/revisions\/11637"}],"wp:attachment":[{"href":"https:\/\/craftsmecca.lt\/lv\/wp-json\/wp\/v2\/media?parent=4922"}],"curies":[{"name":"wp","href":"https:\/\/api.w.org\/{rel}","templated":true}]}}