{"id":4806,"date":"2025-02-27T13:28:33","date_gmt":"2025-02-27T13:28:33","guid":{"rendered":"https:\/\/craftsmecca.lt\/produktas\/nojume-b700-25s-bioclimatic\/"},"modified":"2025-09-02T13:57:58","modified_gmt":"2025-09-02T13:57:58","slug":"nojume-b700-25s-bioclimatic","status":"publish","type":"product","link":"https:\/\/craftsmecca.lt\/lv\/produkts\/nojume-b700-25s-bioclimatic\/","title":{"rendered":"Nojume B700-25S Bioclimatic"},"content":{"rendered":"","protected":false},"excerpt":{"rendered":"","protected":false},"featured_media":5508,"comment_status":"open","ping_status":"closed","template":"","meta":[],"product_brand":[],"product_cat":[112,116,111],"product_tag":[117],"class_list":{"0":"post-4806","1":"product","2":"type-product","3":"status-publish","4":"has-post-thumbnail","6":"product_cat-bioklimatiskas-nojumes","7":"product_cat-nojume-ar-bidamam-lamelem","8":"product_cat-pergola-nojumes","9":"product_tag-nojume-b700-25s-bioclimatic","11":"first","12":"instock","13":"shipping-taxable","14":"purchasable","15":"product-type-simple"},"yoast_head":"<!-- This site is optimized with the Yoast SEO plugin v26.3 - https:\/\/yoast.com\/wordpress\/plugins\/seo\/ -->\n<title>Nojume B700-25S Bioclimatic - Ar b\u012bd\u0101m\u0101m lamel\u0113m - Craftsmecca<\/title>\n<meta name=\"description\" content=\"Pergola B700-25S Bioclimatic ar kust\u012bg\u0101m lamel\u0113m. \u2713Aerodinamisk\u0101s lameles. \u2713Ergonomiska un stabila konstrukcija. - Craftsmecca.lt\" \/>\n<meta name=\"robots\" content=\"index, follow, max-snippet:-1, max-image-preview:large, max-video-preview:-1\" \/>\n<link rel=\"canonical\" href=\"https:\/\/craftsmecca.lt\/lv\/produkts\/nojume-b700-25s-bioclimatic\/\" \/>\n<meta property=\"og:locale\" content=\"lv_LV\" \/>\n<meta property=\"og:type\" content=\"article\" \/>\n<meta property=\"og:title\" content=\"Nojume B700-25S Bioclimatic - Ar b\u012bd\u0101m\u0101m lamel\u0113m - Craftsmecca\" \/>\n<meta property=\"og:description\" content=\"Pergola B700-25S Bioclimatic ar kust\u012bg\u0101m lamel\u0113m. \u2713Aerodinamisk\u0101s lameles. \u2713Ergonomiska un stabila konstrukcija. - Craftsmecca.lt\" \/>\n<meta property=\"og:url\" content=\"https:\/\/craftsmecca.lt\/lv\/produkts\/nojume-b700-25s-bioclimatic\/\" \/>\n<meta property=\"og:site_name\" content=\"Craftsmecca\" \/>\n<meta property=\"article:publisher\" content=\"https:\/\/www.facebook.com\/CraftsMecca\" \/>\n<meta property=\"article:modified_time\" content=\"2025-09-02T13:57:58+00:00\" \/>\n<meta property=\"og:image\" content=\"https:\/\/craftsmecca.lt\/wp-content\/uploads\/2025\/01\/palanga-pergole.jpg\" \/>\n<meta name=\"twitter:card\" content=\"summary_large_image\" \/>\n<script type=\"application\/ld+json\" class=\"yoast-schema-graph\">{\"@context\":\"https:\/\/schema.org\",\"@graph\":[{\"@type\":\"WebPage\",\"@id\":\"https:\/\/craftsmecca.lt\/lv\/produkts\/nojume-b700-25s-bioclimatic\/\",\"url\":\"https:\/\/craftsmecca.lt\/lv\/produkts\/nojume-b700-25s-bioclimatic\/\",\"name\":\"Nojume B700-25S Bioclimatic - Ar b\u012bd\u0101m\u0101m lamel\u0113m - Craftsmecca\",\"isPartOf\":{\"@id\":\"https:\/\/craftsmecca.lt\/lv\/#website\"},\"primaryImageOfPage\":{\"@id\":\"https:\/\/craftsmecca.lt\/lv\/produkts\/nojume-b700-25s-bioclimatic\/#primaryimage\"},\"image\":{\"@id\":\"https:\/\/craftsmecca.lt\/lv\/produkts\/nojume-b700-25s-bioclimatic\/#primaryimage\"},\"thumbnailUrl\":\"https:\/\/craftsmecca.lt\/wp-content\/uploads\/2025\/02\/b700-p25.jpg\",\"datePublished\":\"2025-02-27T13:28:33+00:00\",\"dateModified\":\"2025-09-02T13:57:58+00:00\",\"description\":\"Pergola B700-25S Bioclimatic ar kust\u012bg\u0101m lamel\u0113m. \u2713Aerodinamisk\u0101s lameles. \u2713Ergonomiska un stabila konstrukcija. - Craftsmecca.lt\",\"breadcrumb\":{\"@id\":\"https:\/\/craftsmecca.lt\/lv\/produkts\/nojume-b700-25s-bioclimatic\/#breadcrumb\"},\"inLanguage\":\"lv-LV\",\"potentialAction\":[{\"@type\":\"ReadAction\",\"target\":[\"https:\/\/craftsmecca.lt\/lv\/produkts\/nojume-b700-25s-bioclimatic\/\"]}]},{\"@type\":\"ImageObject\",\"inLanguage\":\"lv-LV\",\"@id\":\"https:\/\/craftsmecca.lt\/lv\/produkts\/nojume-b700-25s-bioclimatic\/#primaryimage\",\"url\":\"https:\/\/craftsmecca.lt\/wp-content\/uploads\/2025\/02\/b700-p25.jpg\",\"contentUrl\":\"https:\/\/craftsmecca.lt\/wp-content\/uploads\/2025\/02\/b700-p25.jpg\",\"width\":700,\"height\":400,\"caption\":\"b700-25p\"},{\"@type\":\"BreadcrumbList\",\"@id\":\"https:\/\/craftsmecca.lt\/lv\/produkts\/nojume-b700-25s-bioclimatic\/#breadcrumb\",\"itemListElement\":[{\"@type\":\"ListItem\",\"position\":1,\"name\":\"Home\",\"item\":\"https:\/\/craftsmecca.lt\/lv\/\"},{\"@type\":\"ListItem\",\"position\":2,\"name\":\"Veikals\",\"item\":\"https:\/\/craftsmecca.lt\/lv\/veikals\/\"},{\"@type\":\"ListItem\",\"position\":3,\"name\":\"Nojume B700-25S Bioclimatic\"}]},{\"@type\":\"WebSite\",\"@id\":\"https:\/\/craftsmecca.lt\/lv\/#website\",\"url\":\"https:\/\/craftsmecca.lt\/lv\/\",\"name\":\"Craftsmecca\",\"description\":\"\",\"publisher\":{\"@id\":\"https:\/\/craftsmecca.lt\/lv\/#organization\"},\"potentialAction\":[{\"@type\":\"SearchAction\",\"target\":{\"@type\":\"EntryPoint\",\"urlTemplate\":\"https:\/\/craftsmecca.lt\/lv\/?s={search_term_string}\"},\"query-input\":{\"@type\":\"PropertyValueSpecification\",\"valueRequired\":true,\"valueName\":\"search_term_string\"}}],\"inLanguage\":\"lv-LV\"},{\"@type\":\"Organization\",\"@id\":\"https:\/\/craftsmecca.lt\/lv\/#organization\",\"name\":\"Craftsmecca\",\"url\":\"https:\/\/craftsmecca.lt\/lv\/\",\"logo\":{\"@type\":\"ImageObject\",\"inLanguage\":\"lv-LV\",\"@id\":\"https:\/\/craftsmecca.lt\/lv\/#\/schema\/logo\/image\/\",\"url\":\"https:\/\/craftsmecca.lt\/wp-content\/uploads\/2025\/02\/CraftsMecca_logo-2.png\",\"contentUrl\":\"https:\/\/craftsmecca.lt\/wp-content\/uploads\/2025\/02\/CraftsMecca_logo-2.png\",\"width\":828,\"height\":306,\"caption\":\"Craftsmecca\"},\"image\":{\"@id\":\"https:\/\/craftsmecca.lt\/lv\/#\/schema\/logo\/image\/\"},\"sameAs\":[\"https:\/\/www.facebook.com\/CraftsMecca\",\"https:\/\/www.instagram.com\/crafts_mecca\/\",\"https:\/\/www.youtube.com\/@craftsmecca2835\/videos\"]}]}<\/script>\n<!-- \/ Yoast SEO plugin. -->","yoast_head_json":{"title":"Nojume B700-25S Bioclimatic - Ar b\u012bd\u0101m\u0101m lamel\u0113m - Craftsmecca","description":"Pergola B700-25S Bioclimatic ar kust\u012bg\u0101m lamel\u0113m. \u2713Aerodinamisk\u0101s lameles. \u2713Ergonomiska un stabila konstrukcija. - Craftsmecca.lt","robots":{"index":"index","follow":"follow","max-snippet":"max-snippet:-1","max-image-preview":"max-image-preview:large","max-video-preview":"max-video-preview:-1"},"canonical":"https:\/\/craftsmecca.lt\/lv\/produkts\/nojume-b700-25s-bioclimatic\/","og_locale":"lv_LV","og_type":"article","og_title":"Nojume B700-25S Bioclimatic - Ar b\u012bd\u0101m\u0101m lamel\u0113m - Craftsmecca","og_description":"Pergola B700-25S Bioclimatic ar kust\u012bg\u0101m lamel\u0113m. \u2713Aerodinamisk\u0101s lameles. \u2713Ergonomiska un stabila konstrukcija. - Craftsmecca.lt","og_url":"https:\/\/craftsmecca.lt\/lv\/produkts\/nojume-b700-25s-bioclimatic\/","og_site_name":"Craftsmecca","article_publisher":"https:\/\/www.facebook.com\/CraftsMecca","article_modified_time":"2025-09-02T13:57:58+00:00","og_image":[{"url":"https:\/\/craftsmecca.lt\/wp-content\/uploads\/2025\/01\/palanga-pergole.jpg","type":"","width":"","height":""}],"twitter_card":"summary_large_image","schema":{"@context":"https:\/\/schema.org","@graph":[{"@type":"WebPage","@id":"https:\/\/craftsmecca.lt\/lv\/produkts\/nojume-b700-25s-bioclimatic\/","url":"https:\/\/craftsmecca.lt\/lv\/produkts\/nojume-b700-25s-bioclimatic\/","name":"Nojume B700-25S Bioclimatic - Ar b\u012bd\u0101m\u0101m lamel\u0113m - Craftsmecca","isPartOf":{"@id":"https:\/\/craftsmecca.lt\/lv\/#website"},"primaryImageOfPage":{"@id":"https:\/\/craftsmecca.lt\/lv\/produkts\/nojume-b700-25s-bioclimatic\/#primaryimage"},"image":{"@id":"https:\/\/craftsmecca.lt\/lv\/produkts\/nojume-b700-25s-bioclimatic\/#primaryimage"},"thumbnailUrl":"https:\/\/craftsmecca.lt\/wp-content\/uploads\/2025\/02\/b700-p25.jpg","datePublished":"2025-02-27T13:28:33+00:00","dateModified":"2025-09-02T13:57:58+00:00","description":"Pergola B700-25S Bioclimatic ar kust\u012bg\u0101m lamel\u0113m. \u2713Aerodinamisk\u0101s lameles. \u2713Ergonomiska un stabila konstrukcija. - Craftsmecca.lt","breadcrumb":{"@id":"https:\/\/craftsmecca.lt\/lv\/produkts\/nojume-b700-25s-bioclimatic\/#breadcrumb"},"inLanguage":"lv-LV","potentialAction":[{"@type":"ReadAction","target":["https:\/\/craftsmecca.lt\/lv\/produkts\/nojume-b700-25s-bioclimatic\/"]}]},{"@type":"ImageObject","inLanguage":"lv-LV","@id":"https:\/\/craftsmecca.lt\/lv\/produkts\/nojume-b700-25s-bioclimatic\/#primaryimage","url":"https:\/\/craftsmecca.lt\/wp-content\/uploads\/2025\/02\/b700-p25.jpg","contentUrl":"https:\/\/craftsmecca.lt\/wp-content\/uploads\/2025\/02\/b700-p25.jpg","width":700,"height":400,"caption":"b700-25p"},{"@type":"BreadcrumbList","@id":"https:\/\/craftsmecca.lt\/lv\/produkts\/nojume-b700-25s-bioclimatic\/#breadcrumb","itemListElement":[{"@type":"ListItem","position":1,"name":"Home","item":"https:\/\/craftsmecca.lt\/lv\/"},{"@type":"ListItem","position":2,"name":"Veikals","item":"https:\/\/craftsmecca.lt\/lv\/veikals\/"},{"@type":"ListItem","position":3,"name":"Nojume B700-25S Bioclimatic"}]},{"@type":"WebSite","@id":"https:\/\/craftsmecca.lt\/lv\/#website","url":"https:\/\/craftsmecca.lt\/lv\/","name":"Craftsmecca","description":"","publisher":{"@id":"https:\/\/craftsmecca.lt\/lv\/#organization"},"potentialAction":[{"@type":"SearchAction","target":{"@type":"EntryPoint","urlTemplate":"https:\/\/craftsmecca.lt\/lv\/?s={search_term_string}"},"query-input":{"@type":"PropertyValueSpecification","valueRequired":true,"valueName":"search_term_string"}}],"inLanguage":"lv-LV"},{"@type":"Organization","@id":"https:\/\/craftsmecca.lt\/lv\/#organization","name":"Craftsmecca","url":"https:\/\/craftsmecca.lt\/lv\/","logo":{"@type":"ImageObject","inLanguage":"lv-LV","@id":"https:\/\/craftsmecca.lt\/lv\/#\/schema\/logo\/image\/","url":"https:\/\/craftsmecca.lt\/wp-content\/uploads\/2025\/02\/CraftsMecca_logo-2.png","contentUrl":"https:\/\/craftsmecca.lt\/wp-content\/uploads\/2025\/02\/CraftsMecca_logo-2.png","width":828,"height":306,"caption":"Craftsmecca"},"image":{"@id":"https:\/\/craftsmecca.lt\/lv\/#\/schema\/logo\/image\/"},"sameAs":["https:\/\/www.facebook.com\/CraftsMecca","https:\/\/www.instagram.com\/crafts_mecca\/","https:\/\/www.youtube.com\/@craftsmecca2835\/videos"]}]}},"_links":{"self":[{"href":"https:\/\/craftsmecca.lt\/lv\/wp-json\/wp\/v2\/product\/4806","targetHints":{"allow":["GET"]}}],"collection":[{"href":"https:\/\/craftsmecca.lt\/lv\/wp-json\/wp\/v2\/product"}],"about":[{"href":"https:\/\/craftsmecca.lt\/lv\/wp-json\/wp\/v2\/types\/product"}],"replies":[{"embeddable":true,"href":"https:\/\/craftsmecca.lt\/lv\/wp-json\/wp\/v2\/comments?post=4806"}],"wp:featuredmedia":[{"embeddable":true,"href":"https:\/\/craftsmecca.lt\/lv\/wp-json\/wp\/v2\/media\/5508"}],"wp:attachment":[{"href":"https:\/\/craftsmecca.lt\/lv\/wp-json\/wp\/v2\/media?parent=4806"}],"wp:term":[{"taxonomy":"product_brand","embeddable":true,"href":"https:\/\/craftsmecca.lt\/lv\/wp-json\/wp\/v2\/product_brand?post=4806"},{"taxonomy":"product_cat","embeddable":true,"href":"https:\/\/craftsmecca.lt\/lv\/wp-json\/wp\/v2\/product_cat?post=4806"},{"taxonomy":"product_tag","embeddable":true,"href":"https:\/\/craftsmecca.lt\/lv\/wp-json\/wp\/v2\/product_tag?post=4806"}],"curies":[{"name":"wp","href":"https:\/\/api.w.org\/{rel}","templated":true}]}}