{"id":4818,"date":"2025-02-28T13:56:39","date_gmt":"2025-02-28T13:56:39","guid":{"rendered":"https:\/\/craftsmecca.lt\/produktas\/w600-giljotinveida-stiklojums\/"},"modified":"2025-05-30T14:12:12","modified_gmt":"2025-05-30T14:12:12","slug":"w600-giljotinveida-stiklojums","status":"publish","type":"product","link":"https:\/\/craftsmecca.lt\/lv\/produkts\/w600-giljotinveida-stiklojums\/","title":{"rendered":"W600 giljot\u012bnveida stiklojums"},"content":{"rendered":"","protected":false},"excerpt":{"rendered":"","protected":false},"featured_media":5415,"comment_status":"open","ping_status":"closed","template":"","meta":[],"product_brand":[],"product_cat":[126,131],"product_tag":[133],"class_list":{"0":"post-4818","1":"product","2":"type-product","3":"status-publish","4":"has-post-thumbnail","6":"product_cat-terases-stiklojums","7":"product_cat-terasu-giljotinveida-stiklojums","8":"product_tag-w600-giljotinveida-stiklojums","10":"first","11":"instock","12":"shipping-taxable","13":"purchasable","14":"product-type-simple"},"yoast_head":"<!-- This site is optimized with the Yoast SEO plugin v26.3 - https:\/\/yoast.com\/wordpress\/plugins\/seo\/ -->\n<title>W600 giljot\u012bnveida stiklojums - Moderns un efekt\u012bvs - Craftsmecca<\/title>\n<meta name=\"description\" content=\"W600 giljot\u012bnas stiklojums ir autom\u0101tiski pace\u013cams panor\u0101mas stiklojums ar 28 mm stikla paketi. \u2713 Ide\u0101la aizsardz\u012bba pret visiem laikapst\u0101k\u013ciem!\" \/>\n<meta name=\"robots\" content=\"index, follow, max-snippet:-1, max-image-preview:large, max-video-preview:-1\" \/>\n<link rel=\"canonical\" href=\"https:\/\/craftsmecca.lt\/lv\/produkts\/w600-giljotinveida-stiklojums\/\" \/>\n<meta property=\"og:locale\" content=\"lv_LV\" \/>\n<meta property=\"og:type\" content=\"article\" \/>\n<meta property=\"og:title\" content=\"W600 giljot\u012bnveida stiklojums - Moderns un efekt\u012bvs - Craftsmecca\" \/>\n<meta property=\"og:description\" content=\"W600 giljot\u012bnas stiklojums ir autom\u0101tiski pace\u013cams panor\u0101mas stiklojums ar 28 mm stikla paketi. \u2713 Ide\u0101la aizsardz\u012bba pret visiem laikapst\u0101k\u013ciem!\" \/>\n<meta property=\"og:url\" content=\"https:\/\/craftsmecca.lt\/lv\/produkts\/w600-giljotinveida-stiklojums\/\" \/>\n<meta property=\"og:site_name\" content=\"Craftsmecca\" \/>\n<meta property=\"article:publisher\" content=\"https:\/\/www.facebook.com\/CraftsMecca\" \/>\n<meta property=\"article:modified_time\" content=\"2025-05-30T14:12:12+00:00\" \/>\n<meta property=\"og:image\" content=\"https:\/\/craftsmecca.lt\/wp-content\/uploads\/2025\/02\/guillotine.png\" \/>\n\t<meta property=\"og:image:width\" content=\"439\" \/>\n\t<meta property=\"og:image:height\" content=\"236\" \/>\n\t<meta property=\"og:image:type\" content=\"image\/png\" \/>\n<meta name=\"twitter:card\" content=\"summary_large_image\" \/>\n<script type=\"application\/ld+json\" class=\"yoast-schema-graph\">{\"@context\":\"https:\/\/schema.org\",\"@graph\":[{\"@type\":\"WebPage\",\"@id\":\"https:\/\/craftsmecca.lt\/lv\/produkts\/w600-giljotinveida-stiklojums\/\",\"url\":\"https:\/\/craftsmecca.lt\/lv\/produkts\/w600-giljotinveida-stiklojums\/\",\"name\":\"W600 giljot\u012bnveida stiklojums - Moderns un efekt\u012bvs - Craftsmecca\",\"isPartOf\":{\"@id\":\"https:\/\/craftsmecca.lt\/lv\/#website\"},\"primaryImageOfPage\":{\"@id\":\"https:\/\/craftsmecca.lt\/lv\/produkts\/w600-giljotinveida-stiklojums\/#primaryimage\"},\"image\":{\"@id\":\"https:\/\/craftsmecca.lt\/lv\/produkts\/w600-giljotinveida-stiklojums\/#primaryimage\"},\"thumbnailUrl\":\"https:\/\/craftsmecca.lt\/wp-content\/uploads\/2025\/02\/guillotine.png\",\"datePublished\":\"2025-02-28T13:56:39+00:00\",\"dateModified\":\"2025-05-30T14:12:12+00:00\",\"description\":\"W600 giljot\u012bnas stiklojums ir autom\u0101tiski pace\u013cams panor\u0101mas stiklojums ar 28 mm stikla paketi. \u2713 Ide\u0101la aizsardz\u012bba pret visiem laikapst\u0101k\u013ciem!\",\"breadcrumb\":{\"@id\":\"https:\/\/craftsmecca.lt\/lv\/produkts\/w600-giljotinveida-stiklojums\/#breadcrumb\"},\"inLanguage\":\"lv-LV\",\"potentialAction\":[{\"@type\":\"ReadAction\",\"target\":[\"https:\/\/craftsmecca.lt\/lv\/produkts\/w600-giljotinveida-stiklojums\/\"]}]},{\"@type\":\"ImageObject\",\"inLanguage\":\"lv-LV\",\"@id\":\"https:\/\/craftsmecca.lt\/lv\/produkts\/w600-giljotinveida-stiklojums\/#primaryimage\",\"url\":\"https:\/\/craftsmecca.lt\/wp-content\/uploads\/2025\/02\/guillotine.png\",\"contentUrl\":\"https:\/\/craftsmecca.lt\/wp-content\/uploads\/2025\/02\/guillotine.png\",\"width\":439,\"height\":236,\"caption\":\"Gijot\u012bna\"},{\"@type\":\"BreadcrumbList\",\"@id\":\"https:\/\/craftsmecca.lt\/lv\/produkts\/w600-giljotinveida-stiklojums\/#breadcrumb\",\"itemListElement\":[{\"@type\":\"ListItem\",\"position\":1,\"name\":\"Home\",\"item\":\"https:\/\/craftsmecca.lt\/lv\/\"},{\"@type\":\"ListItem\",\"position\":2,\"name\":\"Veikals\",\"item\":\"https:\/\/craftsmecca.lt\/lv\/veikals\/\"},{\"@type\":\"ListItem\",\"position\":3,\"name\":\"W600 giljot\u012bnveida stiklojums\"}]},{\"@type\":\"WebSite\",\"@id\":\"https:\/\/craftsmecca.lt\/lv\/#website\",\"url\":\"https:\/\/craftsmecca.lt\/lv\/\",\"name\":\"Craftsmecca\",\"description\":\"\",\"publisher\":{\"@id\":\"https:\/\/craftsmecca.lt\/lv\/#organization\"},\"potentialAction\":[{\"@type\":\"SearchAction\",\"target\":{\"@type\":\"EntryPoint\",\"urlTemplate\":\"https:\/\/craftsmecca.lt\/lv\/?s={search_term_string}\"},\"query-input\":{\"@type\":\"PropertyValueSpecification\",\"valueRequired\":true,\"valueName\":\"search_term_string\"}}],\"inLanguage\":\"lv-LV\"},{\"@type\":\"Organization\",\"@id\":\"https:\/\/craftsmecca.lt\/lv\/#organization\",\"name\":\"Craftsmecca\",\"url\":\"https:\/\/craftsmecca.lt\/lv\/\",\"logo\":{\"@type\":\"ImageObject\",\"inLanguage\":\"lv-LV\",\"@id\":\"https:\/\/craftsmecca.lt\/lv\/#\/schema\/logo\/image\/\",\"url\":\"https:\/\/craftsmecca.lt\/wp-content\/uploads\/2025\/02\/CraftsMecca_logo-2.png\",\"contentUrl\":\"https:\/\/craftsmecca.lt\/wp-content\/uploads\/2025\/02\/CraftsMecca_logo-2.png\",\"width\":828,\"height\":306,\"caption\":\"Craftsmecca\"},\"image\":{\"@id\":\"https:\/\/craftsmecca.lt\/lv\/#\/schema\/logo\/image\/\"},\"sameAs\":[\"https:\/\/www.facebook.com\/CraftsMecca\",\"https:\/\/www.instagram.com\/crafts_mecca\/\",\"https:\/\/www.youtube.com\/@craftsmecca2835\/videos\"]}]}<\/script>\n<!-- \/ Yoast SEO plugin. -->","yoast_head_json":{"title":"W600 giljot\u012bnveida stiklojums - Moderns un efekt\u012bvs - Craftsmecca","description":"W600 giljot\u012bnas stiklojums ir autom\u0101tiski pace\u013cams panor\u0101mas stiklojums ar 28 mm stikla paketi. \u2713 Ide\u0101la aizsardz\u012bba pret visiem laikapst\u0101k\u013ciem!","robots":{"index":"index","follow":"follow","max-snippet":"max-snippet:-1","max-image-preview":"max-image-preview:large","max-video-preview":"max-video-preview:-1"},"canonical":"https:\/\/craftsmecca.lt\/lv\/produkts\/w600-giljotinveida-stiklojums\/","og_locale":"lv_LV","og_type":"article","og_title":"W600 giljot\u012bnveida stiklojums - Moderns un efekt\u012bvs - Craftsmecca","og_description":"W600 giljot\u012bnas stiklojums ir autom\u0101tiski pace\u013cams panor\u0101mas stiklojums ar 28 mm stikla paketi. \u2713 Ide\u0101la aizsardz\u012bba pret visiem laikapst\u0101k\u013ciem!","og_url":"https:\/\/craftsmecca.lt\/lv\/produkts\/w600-giljotinveida-stiklojums\/","og_site_name":"Craftsmecca","article_publisher":"https:\/\/www.facebook.com\/CraftsMecca","article_modified_time":"2025-05-30T14:12:12+00:00","og_image":[{"width":439,"height":236,"url":"https:\/\/craftsmecca.lt\/wp-content\/uploads\/2025\/02\/guillotine.png","type":"image\/png"}],"twitter_card":"summary_large_image","schema":{"@context":"https:\/\/schema.org","@graph":[{"@type":"WebPage","@id":"https:\/\/craftsmecca.lt\/lv\/produkts\/w600-giljotinveida-stiklojums\/","url":"https:\/\/craftsmecca.lt\/lv\/produkts\/w600-giljotinveida-stiklojums\/","name":"W600 giljot\u012bnveida stiklojums - Moderns un efekt\u012bvs - Craftsmecca","isPartOf":{"@id":"https:\/\/craftsmecca.lt\/lv\/#website"},"primaryImageOfPage":{"@id":"https:\/\/craftsmecca.lt\/lv\/produkts\/w600-giljotinveida-stiklojums\/#primaryimage"},"image":{"@id":"https:\/\/craftsmecca.lt\/lv\/produkts\/w600-giljotinveida-stiklojums\/#primaryimage"},"thumbnailUrl":"https:\/\/craftsmecca.lt\/wp-content\/uploads\/2025\/02\/guillotine.png","datePublished":"2025-02-28T13:56:39+00:00","dateModified":"2025-05-30T14:12:12+00:00","description":"W600 giljot\u012bnas stiklojums ir autom\u0101tiski pace\u013cams panor\u0101mas stiklojums ar 28 mm stikla paketi. \u2713 Ide\u0101la aizsardz\u012bba pret visiem laikapst\u0101k\u013ciem!","breadcrumb":{"@id":"https:\/\/craftsmecca.lt\/lv\/produkts\/w600-giljotinveida-stiklojums\/#breadcrumb"},"inLanguage":"lv-LV","potentialAction":[{"@type":"ReadAction","target":["https:\/\/craftsmecca.lt\/lv\/produkts\/w600-giljotinveida-stiklojums\/"]}]},{"@type":"ImageObject","inLanguage":"lv-LV","@id":"https:\/\/craftsmecca.lt\/lv\/produkts\/w600-giljotinveida-stiklojums\/#primaryimage","url":"https:\/\/craftsmecca.lt\/wp-content\/uploads\/2025\/02\/guillotine.png","contentUrl":"https:\/\/craftsmecca.lt\/wp-content\/uploads\/2025\/02\/guillotine.png","width":439,"height":236,"caption":"Gijot\u012bna"},{"@type":"BreadcrumbList","@id":"https:\/\/craftsmecca.lt\/lv\/produkts\/w600-giljotinveida-stiklojums\/#breadcrumb","itemListElement":[{"@type":"ListItem","position":1,"name":"Home","item":"https:\/\/craftsmecca.lt\/lv\/"},{"@type":"ListItem","position":2,"name":"Veikals","item":"https:\/\/craftsmecca.lt\/lv\/veikals\/"},{"@type":"ListItem","position":3,"name":"W600 giljot\u012bnveida stiklojums"}]},{"@type":"WebSite","@id":"https:\/\/craftsmecca.lt\/lv\/#website","url":"https:\/\/craftsmecca.lt\/lv\/","name":"Craftsmecca","description":"","publisher":{"@id":"https:\/\/craftsmecca.lt\/lv\/#organization"},"potentialAction":[{"@type":"SearchAction","target":{"@type":"EntryPoint","urlTemplate":"https:\/\/craftsmecca.lt\/lv\/?s={search_term_string}"},"query-input":{"@type":"PropertyValueSpecification","valueRequired":true,"valueName":"search_term_string"}}],"inLanguage":"lv-LV"},{"@type":"Organization","@id":"https:\/\/craftsmecca.lt\/lv\/#organization","name":"Craftsmecca","url":"https:\/\/craftsmecca.lt\/lv\/","logo":{"@type":"ImageObject","inLanguage":"lv-LV","@id":"https:\/\/craftsmecca.lt\/lv\/#\/schema\/logo\/image\/","url":"https:\/\/craftsmecca.lt\/wp-content\/uploads\/2025\/02\/CraftsMecca_logo-2.png","contentUrl":"https:\/\/craftsmecca.lt\/wp-content\/uploads\/2025\/02\/CraftsMecca_logo-2.png","width":828,"height":306,"caption":"Craftsmecca"},"image":{"@id":"https:\/\/craftsmecca.lt\/lv\/#\/schema\/logo\/image\/"},"sameAs":["https:\/\/www.facebook.com\/CraftsMecca","https:\/\/www.instagram.com\/crafts_mecca\/","https:\/\/www.youtube.com\/@craftsmecca2835\/videos"]}]}},"_links":{"self":[{"href":"https:\/\/craftsmecca.lt\/lv\/wp-json\/wp\/v2\/product\/4818","targetHints":{"allow":["GET"]}}],"collection":[{"href":"https:\/\/craftsmecca.lt\/lv\/wp-json\/wp\/v2\/product"}],"about":[{"href":"https:\/\/craftsmecca.lt\/lv\/wp-json\/wp\/v2\/types\/product"}],"replies":[{"embeddable":true,"href":"https:\/\/craftsmecca.lt\/lv\/wp-json\/wp\/v2\/comments?post=4818"}],"wp:featuredmedia":[{"embeddable":true,"href":"https:\/\/craftsmecca.lt\/lv\/wp-json\/wp\/v2\/media\/5415"}],"wp:attachment":[{"href":"https:\/\/craftsmecca.lt\/lv\/wp-json\/wp\/v2\/media?parent=4818"}],"wp:term":[{"taxonomy":"product_brand","embeddable":true,"href":"https:\/\/craftsmecca.lt\/lv\/wp-json\/wp\/v2\/product_brand?post=4818"},{"taxonomy":"product_cat","embeddable":true,"href":"https:\/\/craftsmecca.lt\/lv\/wp-json\/wp\/v2\/product_cat?post=4818"},{"taxonomy":"product_tag","embeddable":true,"href":"https:\/\/craftsmecca.lt\/lv\/wp-json\/wp\/v2\/product_tag?post=4818"}],"curies":[{"name":"wp","href":"https:\/\/api.w.org\/{rel}","templated":true}]}}