{"id":4820,"date":"2025-03-03T13:15:23","date_gmt":"2025-03-03T13:15:23","guid":{"rendered":"https:\/\/craftsmecca.lt\/produktas\/zip-130\/"},"modified":"2025-09-02T14:00:54","modified_gmt":"2025-09-02T14:00:54","slug":"zip-130","status":"publish","type":"product","link":"https:\/\/craftsmecca.lt\/lv\/produkts\/zip-130\/","title":{"rendered":"Zip 130"},"content":{"rendered":"","protected":false},"excerpt":{"rendered":"","protected":false},"featured_media":4954,"comment_status":"open","ping_status":"closed","template":"","meta":[],"product_brand":[],"product_cat":[135],"product_tag":[136],"class_list":{"0":"post-4820","1":"product","2":"type-product","3":"status-publish","4":"has-post-thumbnail","6":"product_cat-ravejsledzejtipa-ara-zaluzijas","7":"product_tag-zip-130-lv","9":"first","10":"instock","11":"shipping-taxable","12":"purchasable","13":"product-type-simple"},"yoast_head":"<!-- This site is optimized with the Yoast SEO plugin v26.3 - https:\/\/yoast.com\/wordpress\/plugins\/seo\/ -->\n<title>Elektrisk\u0101s rullo \u017eal\u016bzijas Zip 130 - Laba cena - Craftsmecca<\/title>\n<meta name=\"description\" content=\"Elektriski darbin\u0101ma Zip 130 sist\u0113ma \u2713 Vertik\u0101li p\u0101rvietojamas, no da\u017e\u0101diem audumiem \u2713 Meh\u0101nisms liel\u0101m telp\u0101m, pergol\u0101m \u2713 T\u0101lvad\u012bbas pults vad\u0101ma Zip 130 par \u013coti pievilc\u012bgu cenu!\" \/>\n<meta name=\"robots\" content=\"index, follow, max-snippet:-1, max-image-preview:large, max-video-preview:-1\" \/>\n<link rel=\"canonical\" href=\"https:\/\/craftsmecca.lt\/lv\/produkts\/zip-130\/\" \/>\n<meta property=\"og:locale\" content=\"lv_LV\" \/>\n<meta property=\"og:type\" content=\"article\" \/>\n<meta property=\"og:title\" content=\"Elektrisk\u0101s rullo \u017eal\u016bzijas Zip 130 - Laba cena - Craftsmecca\" \/>\n<meta property=\"og:description\" content=\"Elektriski darbin\u0101ma Zip 130 sist\u0113ma \u2713 Vertik\u0101li p\u0101rvietojamas, no da\u017e\u0101diem audumiem \u2713 Meh\u0101nisms liel\u0101m telp\u0101m, pergol\u0101m \u2713 T\u0101lvad\u012bbas pults vad\u0101ma Zip 130 par \u013coti pievilc\u012bgu cenu!\" \/>\n<meta property=\"og:url\" content=\"https:\/\/craftsmecca.lt\/lv\/produkts\/zip-130\/\" \/>\n<meta property=\"og:site_name\" content=\"Craftsmecca\" \/>\n<meta property=\"article:publisher\" content=\"https:\/\/www.facebook.com\/CraftsMecca\" \/>\n<meta property=\"article:modified_time\" content=\"2025-09-02T14:00:54+00:00\" \/>\n<meta property=\"og:image\" content=\"https:\/\/craftsmecca.lt\/wp-content\/uploads\/2025\/02\/zip-sistemos-crafts-225x300.jpg\" \/>\n<meta name=\"twitter:card\" content=\"summary_large_image\" \/>\n<script type=\"application\/ld+json\" class=\"yoast-schema-graph\">{\"@context\":\"https:\/\/schema.org\",\"@graph\":[{\"@type\":\"WebPage\",\"@id\":\"https:\/\/craftsmecca.lt\/lv\/produkts\/zip-130\/\",\"url\":\"https:\/\/craftsmecca.lt\/lv\/produkts\/zip-130\/\",\"name\":\"Elektrisk\u0101s rullo \u017eal\u016bzijas Zip 130 - Laba cena - Craftsmecca\",\"isPartOf\":{\"@id\":\"https:\/\/craftsmecca.lt\/lv\/#website\"},\"primaryImageOfPage\":{\"@id\":\"https:\/\/craftsmecca.lt\/lv\/produkts\/zip-130\/#primaryimage\"},\"image\":{\"@id\":\"https:\/\/craftsmecca.lt\/lv\/produkts\/zip-130\/#primaryimage\"},\"thumbnailUrl\":\"https:\/\/craftsmecca.lt\/wp-content\/uploads\/2025\/02\/zip300-foto.jpg\",\"datePublished\":\"2025-03-03T13:15:23+00:00\",\"dateModified\":\"2025-09-02T14:00:54+00:00\",\"description\":\"Elektriski darbin\u0101ma Zip 130 sist\u0113ma \u2713 Vertik\u0101li p\u0101rvietojamas, no da\u017e\u0101diem audumiem \u2713 Meh\u0101nisms liel\u0101m telp\u0101m, pergol\u0101m \u2713 T\u0101lvad\u012bbas pults vad\u0101ma Zip 130 par \u013coti pievilc\u012bgu cenu!\",\"breadcrumb\":{\"@id\":\"https:\/\/craftsmecca.lt\/lv\/produkts\/zip-130\/#breadcrumb\"},\"inLanguage\":\"lv-LV\",\"potentialAction\":[{\"@type\":\"ReadAction\",\"target\":[\"https:\/\/craftsmecca.lt\/lv\/produkts\/zip-130\/\"]}]},{\"@type\":\"ImageObject\",\"inLanguage\":\"lv-LV\",\"@id\":\"https:\/\/craftsmecca.lt\/lv\/produkts\/zip-130\/#primaryimage\",\"url\":\"https:\/\/craftsmecca.lt\/wp-content\/uploads\/2025\/02\/zip300-foto.jpg\",\"contentUrl\":\"https:\/\/craftsmecca.lt\/wp-content\/uploads\/2025\/02\/zip300-foto.jpg\",\"width\":295,\"height\":220},{\"@type\":\"BreadcrumbList\",\"@id\":\"https:\/\/craftsmecca.lt\/lv\/produkts\/zip-130\/#breadcrumb\",\"itemListElement\":[{\"@type\":\"ListItem\",\"position\":1,\"name\":\"Home\",\"item\":\"https:\/\/craftsmecca.lt\/lv\/\"},{\"@type\":\"ListItem\",\"position\":2,\"name\":\"Veikals\",\"item\":\"https:\/\/craftsmecca.lt\/lv\/veikals\/\"},{\"@type\":\"ListItem\",\"position\":3,\"name\":\"Zip 130\"}]},{\"@type\":\"WebSite\",\"@id\":\"https:\/\/craftsmecca.lt\/lv\/#website\",\"url\":\"https:\/\/craftsmecca.lt\/lv\/\",\"name\":\"Craftsmecca\",\"description\":\"\",\"publisher\":{\"@id\":\"https:\/\/craftsmecca.lt\/lv\/#organization\"},\"potentialAction\":[{\"@type\":\"SearchAction\",\"target\":{\"@type\":\"EntryPoint\",\"urlTemplate\":\"https:\/\/craftsmecca.lt\/lv\/?s={search_term_string}\"},\"query-input\":{\"@type\":\"PropertyValueSpecification\",\"valueRequired\":true,\"valueName\":\"search_term_string\"}}],\"inLanguage\":\"lv-LV\"},{\"@type\":\"Organization\",\"@id\":\"https:\/\/craftsmecca.lt\/lv\/#organization\",\"name\":\"Craftsmecca\",\"url\":\"https:\/\/craftsmecca.lt\/lv\/\",\"logo\":{\"@type\":\"ImageObject\",\"inLanguage\":\"lv-LV\",\"@id\":\"https:\/\/craftsmecca.lt\/lv\/#\/schema\/logo\/image\/\",\"url\":\"https:\/\/craftsmecca.lt\/wp-content\/uploads\/2025\/02\/CraftsMecca_logo-2.png\",\"contentUrl\":\"https:\/\/craftsmecca.lt\/wp-content\/uploads\/2025\/02\/CraftsMecca_logo-2.png\",\"width\":828,\"height\":306,\"caption\":\"Craftsmecca\"},\"image\":{\"@id\":\"https:\/\/craftsmecca.lt\/lv\/#\/schema\/logo\/image\/\"},\"sameAs\":[\"https:\/\/www.facebook.com\/CraftsMecca\",\"https:\/\/www.instagram.com\/crafts_mecca\/\",\"https:\/\/www.youtube.com\/@craftsmecca2835\/videos\"]}]}<\/script>\n<!-- \/ Yoast SEO plugin. -->","yoast_head_json":{"title":"Elektrisk\u0101s rullo \u017eal\u016bzijas Zip 130 - Laba cena - Craftsmecca","description":"Elektriski darbin\u0101ma Zip 130 sist\u0113ma \u2713 Vertik\u0101li p\u0101rvietojamas, no da\u017e\u0101diem audumiem \u2713 Meh\u0101nisms liel\u0101m telp\u0101m, pergol\u0101m \u2713 T\u0101lvad\u012bbas pults vad\u0101ma Zip 130 par \u013coti pievilc\u012bgu cenu!","robots":{"index":"index","follow":"follow","max-snippet":"max-snippet:-1","max-image-preview":"max-image-preview:large","max-video-preview":"max-video-preview:-1"},"canonical":"https:\/\/craftsmecca.lt\/lv\/produkts\/zip-130\/","og_locale":"lv_LV","og_type":"article","og_title":"Elektrisk\u0101s rullo \u017eal\u016bzijas Zip 130 - Laba cena - Craftsmecca","og_description":"Elektriski darbin\u0101ma Zip 130 sist\u0113ma \u2713 Vertik\u0101li p\u0101rvietojamas, no da\u017e\u0101diem audumiem \u2713 Meh\u0101nisms liel\u0101m telp\u0101m, pergol\u0101m \u2713 T\u0101lvad\u012bbas pults vad\u0101ma Zip 130 par \u013coti pievilc\u012bgu cenu!","og_url":"https:\/\/craftsmecca.lt\/lv\/produkts\/zip-130\/","og_site_name":"Craftsmecca","article_publisher":"https:\/\/www.facebook.com\/CraftsMecca","article_modified_time":"2025-09-02T14:00:54+00:00","og_image":[{"url":"https:\/\/craftsmecca.lt\/wp-content\/uploads\/2025\/02\/zip-sistemos-crafts-225x300.jpg","type":"","width":"","height":""}],"twitter_card":"summary_large_image","schema":{"@context":"https:\/\/schema.org","@graph":[{"@type":"WebPage","@id":"https:\/\/craftsmecca.lt\/lv\/produkts\/zip-130\/","url":"https:\/\/craftsmecca.lt\/lv\/produkts\/zip-130\/","name":"Elektrisk\u0101s rullo \u017eal\u016bzijas Zip 130 - Laba cena - Craftsmecca","isPartOf":{"@id":"https:\/\/craftsmecca.lt\/lv\/#website"},"primaryImageOfPage":{"@id":"https:\/\/craftsmecca.lt\/lv\/produkts\/zip-130\/#primaryimage"},"image":{"@id":"https:\/\/craftsmecca.lt\/lv\/produkts\/zip-130\/#primaryimage"},"thumbnailUrl":"https:\/\/craftsmecca.lt\/wp-content\/uploads\/2025\/02\/zip300-foto.jpg","datePublished":"2025-03-03T13:15:23+00:00","dateModified":"2025-09-02T14:00:54+00:00","description":"Elektriski darbin\u0101ma Zip 130 sist\u0113ma \u2713 Vertik\u0101li p\u0101rvietojamas, no da\u017e\u0101diem audumiem \u2713 Meh\u0101nisms liel\u0101m telp\u0101m, pergol\u0101m \u2713 T\u0101lvad\u012bbas pults vad\u0101ma Zip 130 par \u013coti pievilc\u012bgu cenu!","breadcrumb":{"@id":"https:\/\/craftsmecca.lt\/lv\/produkts\/zip-130\/#breadcrumb"},"inLanguage":"lv-LV","potentialAction":[{"@type":"ReadAction","target":["https:\/\/craftsmecca.lt\/lv\/produkts\/zip-130\/"]}]},{"@type":"ImageObject","inLanguage":"lv-LV","@id":"https:\/\/craftsmecca.lt\/lv\/produkts\/zip-130\/#primaryimage","url":"https:\/\/craftsmecca.lt\/wp-content\/uploads\/2025\/02\/zip300-foto.jpg","contentUrl":"https:\/\/craftsmecca.lt\/wp-content\/uploads\/2025\/02\/zip300-foto.jpg","width":295,"height":220},{"@type":"BreadcrumbList","@id":"https:\/\/craftsmecca.lt\/lv\/produkts\/zip-130\/#breadcrumb","itemListElement":[{"@type":"ListItem","position":1,"name":"Home","item":"https:\/\/craftsmecca.lt\/lv\/"},{"@type":"ListItem","position":2,"name":"Veikals","item":"https:\/\/craftsmecca.lt\/lv\/veikals\/"},{"@type":"ListItem","position":3,"name":"Zip 130"}]},{"@type":"WebSite","@id":"https:\/\/craftsmecca.lt\/lv\/#website","url":"https:\/\/craftsmecca.lt\/lv\/","name":"Craftsmecca","description":"","publisher":{"@id":"https:\/\/craftsmecca.lt\/lv\/#organization"},"potentialAction":[{"@type":"SearchAction","target":{"@type":"EntryPoint","urlTemplate":"https:\/\/craftsmecca.lt\/lv\/?s={search_term_string}"},"query-input":{"@type":"PropertyValueSpecification","valueRequired":true,"valueName":"search_term_string"}}],"inLanguage":"lv-LV"},{"@type":"Organization","@id":"https:\/\/craftsmecca.lt\/lv\/#organization","name":"Craftsmecca","url":"https:\/\/craftsmecca.lt\/lv\/","logo":{"@type":"ImageObject","inLanguage":"lv-LV","@id":"https:\/\/craftsmecca.lt\/lv\/#\/schema\/logo\/image\/","url":"https:\/\/craftsmecca.lt\/wp-content\/uploads\/2025\/02\/CraftsMecca_logo-2.png","contentUrl":"https:\/\/craftsmecca.lt\/wp-content\/uploads\/2025\/02\/CraftsMecca_logo-2.png","width":828,"height":306,"caption":"Craftsmecca"},"image":{"@id":"https:\/\/craftsmecca.lt\/lv\/#\/schema\/logo\/image\/"},"sameAs":["https:\/\/www.facebook.com\/CraftsMecca","https:\/\/www.instagram.com\/crafts_mecca\/","https:\/\/www.youtube.com\/@craftsmecca2835\/videos"]}]}},"_links":{"self":[{"href":"https:\/\/craftsmecca.lt\/lv\/wp-json\/wp\/v2\/product\/4820","targetHints":{"allow":["GET"]}}],"collection":[{"href":"https:\/\/craftsmecca.lt\/lv\/wp-json\/wp\/v2\/product"}],"about":[{"href":"https:\/\/craftsmecca.lt\/lv\/wp-json\/wp\/v2\/types\/product"}],"replies":[{"embeddable":true,"href":"https:\/\/craftsmecca.lt\/lv\/wp-json\/wp\/v2\/comments?post=4820"}],"wp:featuredmedia":[{"embeddable":true,"href":"https:\/\/craftsmecca.lt\/lv\/wp-json\/wp\/v2\/media\/4954"}],"wp:attachment":[{"href":"https:\/\/craftsmecca.lt\/lv\/wp-json\/wp\/v2\/media?parent=4820"}],"wp:term":[{"taxonomy":"product_brand","embeddable":true,"href":"https:\/\/craftsmecca.lt\/lv\/wp-json\/wp\/v2\/product_brand?post=4820"},{"taxonomy":"product_cat","embeddable":true,"href":"https:\/\/craftsmecca.lt\/lv\/wp-json\/wp\/v2\/product_cat?post=4820"},{"taxonomy":"product_tag","embeddable":true,"href":"https:\/\/craftsmecca.lt\/lv\/wp-json\/wp\/v2\/product_tag?post=4820"}],"curies":[{"name":"wp","href":"https:\/\/api.w.org\/{rel}","templated":true}]}}